{"id":439861,"date":"2024-09-26T13:01:18","date_gmt":"2024-09-26T12:01:18","guid":{"rendered":"https:\/\/www.moskito.cz\/produkt\/navaja-plegable-boker-plus-wasabi-cocobolo-01bo631\/"},"modified":"2026-03-02T14:00:07","modified_gmt":"2026-03-02T13:00:07","slug":"navaja-plegable-boker-plus-wasabi-cocobolo-01bo631","status":"publish","type":"product","link":"https:\/\/www.moskito.cz\/es\/produkt\/navaja-plegable-boker-plus-wasabi-cocobolo-01bo631\/","title":{"rendered":"Navaja plegable B\u00f6ker Plus Wasabi Cocobolo 01BO631"},"content":{"rendered":"<p>Navaja plegable <strong>B\u00f6ker Plus<\/strong> Wasabi Cocobolo 01BO631.<\/p>\n<p>El fabricante de navajas japon\u00e9s Kansei Matsuno es un maestro de su oficio y sus dise\u00f1os tienen sin duda un estilo propio. La inteligente combinaci\u00f3n de elementos de estilo japon\u00e9s con las caracter\u00edsticas de una navaja de caballero moderna nos llam\u00f3 la atenci\u00f3n de inmediato. <\/p>\n<p>El dise\u00f1o delgado y la construcci\u00f3n ligera de la B\u00f6ker Plus Wasabi, junto con el dise\u00f1o recto y la cl\u00e1sica hoja japonesa, crean una elegante navaja para el uso diario. La hoja de bola se abre con la aleta delantera y se mantiene abierta como una articulaci\u00f3n deslizante gracias a su propia bola de bloqueo. Para la hoja se utiliza 440C de eficacia probada. Mango con placas de acero inoxidable y cierre fresado. Con escamas de Cocobolo seleccionado.    <\/p>\n<p>Tipo de art\u00edculo: Navaja de bolsillo<br \/>\nMarca: Boker Plus<br \/>\nLongitud total: 17,60 cm<br \/>\nLongitud de la hoja: 7,20 cm<br \/>\nGrosor de la hoja: 2,10 mm<br \/>\nPeso: 45,00 g<br \/>\nDise\u00f1ador: Kansei Matsuno<br \/>\nMaterial de la hoja: 440C<br \/>\nMaterial del mango: Madera de cocobolo<br \/>\nAyuda de apertura: Pinball<br \/>\nApertura: Manual<br \/>\nCierre: Junta deslizante<br \/>\nN\u00famero de art\u00edculo: 01BO631<\/p>\n<p>&nbsp;<\/p>\n","protected":false},"excerpt":{"rendered":"<p><strong>El fabricante de navajas japon\u00e9s Kansei Matsuno es un maestro de su oficio y sus dise\u00f1os tienen sin duda un estilo propio. La inteligente combinaci\u00f3n de elementos de estilo japon\u00e9s con las caracter\u00edsticas de una navaja de caballero moderna nos llam\u00f3 la atenci\u00f3n de inmediato. <\/strong><\/p>\n","protected":false},"featured_media":365643,"comment_status":"closed","ping_status":"closed","template":"","meta":[],"pwb-brand":[3800],"product_brand":[],"product_cat":[3730,3726],"product_tag":[],"class_list":{"0":"post-439861","1":"product","2":"type-product","3":"status-publish","4":"has-post-thumbnail","6":"pwb-brand-boker-es","7":"product_cat-cuchillas-de-cierre","8":"product_cat-cuchillos","10":"first","11":"outofstock","12":"taxable","13":"shipping-taxable","14":"purchasable","15":"product-type-simple"},"brands":[{"id":3800,"name":"B\u00f3ker","slug":"boker-es"}],"_links":{"self":[{"href":"https:\/\/www.moskito.cz\/es\/wp-json\/wp\/v2\/product\/439861","targetHints":{"allow":["GET"]}}],"collection":[{"href":"https:\/\/www.moskito.cz\/es\/wp-json\/wp\/v2\/product"}],"about":[{"href":"https:\/\/www.moskito.cz\/es\/wp-json\/wp\/v2\/types\/product"}],"replies":[{"embeddable":true,"href":"https:\/\/www.moskito.cz\/es\/wp-json\/wp\/v2\/comments?post=439861"}],"wp:featuredmedia":[{"embeddable":true,"href":"https:\/\/www.moskito.cz\/es\/wp-json\/wp\/v2\/media\/365643"}],"wp:attachment":[{"href":"https:\/\/www.moskito.cz\/es\/wp-json\/wp\/v2\/media?parent=439861"}],"wp:term":[{"taxonomy":"pwb-brand","embeddable":true,"href":"https:\/\/www.moskito.cz\/es\/wp-json\/wp\/v2\/pwb-brand?post=439861"},{"taxonomy":"product_brand","embeddable":true,"href":"https:\/\/www.moskito.cz\/es\/wp-json\/wp\/v2\/product_brand?post=439861"},{"taxonomy":"product_cat","embeddable":true,"href":"https:\/\/www.moskito.cz\/es\/wp-json\/wp\/v2\/product_cat?post=439861"},{"taxonomy":"product_tag","embeddable":true,"href":"https:\/\/www.moskito.cz\/es\/wp-json\/wp\/v2\/product_tag?post=439861"}],"curies":[{"name":"wp","href":"https:\/\/api.w.org\/{rel}","templated":true}]}}