{"id":439872,"date":"2022-07-07T21:10:38","date_gmt":"2022-07-07T20:10:38","guid":{"rendered":"https:\/\/www.moskito.cz\/produkt\/cuchillo-fijo-extrema-ratio-nk3-negro\/"},"modified":"2026-03-04T12:08:02","modified_gmt":"2026-03-04T11:08:02","slug":"cuchillo-fijo-extrema-ratio-nk3-negro","status":"publish","type":"product","link":"https:\/\/www.moskito.cz\/es\/produkt\/cuchillo-fijo-extrema-ratio-nk3-negro\/","title":{"rendered":"Cuchillo Fijo Extrema Ratio NK3 NEGRO"},"content":{"rendered":"<p>Cuchillo Fijo <strong>Extrema Ratio<\/strong> NK3 NEGRO<\/p>\n<p><strong>El N.K.3<\/strong> es un cuchillo m\u00e1s peque\u00f1o que ampl\u00eda la familia Extrema Ratio de cuchillos de cuello. El N.K.3 es m\u00e1s grande que el N.K.1 y el N.K.2, tiene una hoja tanto de 70 mm de longitud y un orificio de drenaje de sangre.  El dise\u00f1o del mango evita lesiones accidentales al dibujar. La ranura en la parte posterior de la hoja es adecuada para el dedo \u00edndice o pulgar del usuario, seg\u00fan el estilo de operaci\u00f3n. Gracias a su dise\u00f1o general, el N.K.3 es a la vez capaz ofensivamente, mediante golpes cortantes muy eficaces, y \u00fatil para trabajar con poca precisi\u00f3n. La funda Kydex de liberaci\u00f3n r\u00e1pida incluida viene con una correa de paracord para usar en el cuello. Tambi\u00e9n se puede conectar mediante el sistema MOLLE a chalecos t\u00e1cticos o a cualquiera de las fundas de cordura compatibles de Extrema Ratio. Disponibles pero no incluidos: BELT-CLIP (para sujetar la funda al cintur\u00f3n), pol\u00edmero DEBAJO DE LA CAMISA (para llevar oculto). Versiones disponibles: N.K.3 NEGRO, N.K.3 GUERRA DEL DESIERTO, N.K.3   LAVADO A LA PIEDRA.<\/p>\n<p>PESO G.: 82<br \/>\nPESO OZ.: 2.8<br \/>\nLONGITUD DE LA HOJA (MM): 70<br \/>\nLONGITUD DE LA HOJA (PULG.): 2,75<br \/>\nLONGITUD TOTAL (MM): 153<br \/>\nLONGITUD TOTAL (PULG.): 6<br \/>\nGROSOR DE LA HOJA (MM): 6,3<br \/>\nGROSOR DE LA HOJA (PULG.) 0,25<br \/>\nMATERIAL DE LA HOJA: ACERO B\u00d6HLER N690 (58HRC)<br \/>\nACABADO DE LA HOJA: NEGRO<br \/>\nREJILLA PRINCIPAL: PLANA<br \/>\nMATERIAL DEL MANGO: ACERO B\u00d6HLER N690 (58HRC)<\/p>\n","protected":false},"excerpt":{"rendered":"<p>Con sede en Prato (Italia), <strong>Extrema Ratio<\/strong> lleva dise\u00f1ando y fabricando cuchillos de combate, militares, de cocina, de caza y t\u00e1cticos de alto rendimiento desde 1997, y tiene una reputaci\u00f3n de excelencia insuperable en el sector de los cuchillos militares y t\u00e1cticos.<\/p>\n","protected":false},"featured_media":439874,"comment_status":"open","ping_status":"closed","template":"","meta":[],"pwb-brand":[3766],"product_brand":[],"product_cat":[3727,3726],"product_tag":[3756],"class_list":{"0":"post-439872","1":"product","2":"type-product","3":"status-publish","4":"has-post-thumbnail","6":"pwb-brand-relacion-extrema","7":"product_cat-cuchillos-macizos","8":"product_cat-cuchillos","9":"product_tag-b2b-es","11":"first","12":"outofstock","13":"taxable","14":"shipping-taxable","15":"purchasable","16":"product-type-simple"},"brands":[{"id":3766,"name":"Relaci\u00f3n extrema","slug":"relacion-extrema"}],"_links":{"self":[{"href":"https:\/\/www.moskito.cz\/es\/wp-json\/wp\/v2\/product\/439872","targetHints":{"allow":["GET"]}}],"collection":[{"href":"https:\/\/www.moskito.cz\/es\/wp-json\/wp\/v2\/product"}],"about":[{"href":"https:\/\/www.moskito.cz\/es\/wp-json\/wp\/v2\/types\/product"}],"replies":[{"embeddable":true,"href":"https:\/\/www.moskito.cz\/es\/wp-json\/wp\/v2\/comments?post=439872"}],"wp:featuredmedia":[{"embeddable":true,"href":"https:\/\/www.moskito.cz\/es\/wp-json\/wp\/v2\/media\/439874"}],"wp:attachment":[{"href":"https:\/\/www.moskito.cz\/es\/wp-json\/wp\/v2\/media?parent=439872"}],"wp:term":[{"taxonomy":"pwb-brand","embeddable":true,"href":"https:\/\/www.moskito.cz\/es\/wp-json\/wp\/v2\/pwb-brand?post=439872"},{"taxonomy":"product_brand","embeddable":true,"href":"https:\/\/www.moskito.cz\/es\/wp-json\/wp\/v2\/product_brand?post=439872"},{"taxonomy":"product_cat","embeddable":true,"href":"https:\/\/www.moskito.cz\/es\/wp-json\/wp\/v2\/product_cat?post=439872"},{"taxonomy":"product_tag","embeddable":true,"href":"https:\/\/www.moskito.cz\/es\/wp-json\/wp\/v2\/product_tag?post=439872"}],"curies":[{"name":"wp","href":"https:\/\/api.w.org\/{rel}","templated":true}]}}