{"id":45741,"date":"2017-07-11T14:10:05","date_gmt":"2017-07-11T13:10:05","guid":{"rendered":"https:\/\/www.moskito.cz\/produkt\/walter-white-fixed-karambit-2\/"},"modified":"2025-07-11T07:48:01","modified_gmt":"2025-07-11T06:48:01","slug":"walter-white-fixed-karambit-2","status":"publish","type":"product","link":"https:\/\/www.moskito.cz\/es\/produkt\/walter-white-fixed-karambit-2\/","title":{"rendered":"Pevn\u00fd N\u016f\u017e Karambit Walter White Fixed"},"content":{"rendered":"<p>Pevn\u00fd N\u016f\u017e Karambit Walter White Fixed.<br \/>\nKarambit lze ve zkratce ozna\u010dit jako pozoruhodn\u00fd multifunk\u010dn\u00ed n\u016f\u017e navr\u017een za \u00fa\u010delem zaji\u0161t\u011bn\u00ed bezpe\u010dnosti, p\u0159esnosti a efektivity. N\u016f\u017e m\u00e1 zak\u0159ivenou nebo zahnutou \u010depel, ergonomickou rukoje\u0165 a obvykle disponuje alespo\u0148 jedn\u00edm bezpe\u010dnostn\u00edm krou\u017ekem. P\u0159edch\u016fdce modern\u00edho karambitu se poprv\u00e9 objevil v Indon\u00e9sii b\u011bhem 11. stolet\u00ed jako n\u00e1stroj pou\u017e\u00edvan\u00fd v zem\u011bd\u011blstv\u00ed resp. jako ostr\u00e1 funk\u010dn\u00ed \u010depel na univerz\u00e1ln\u00ed pou\u017eit\u00ed.<br \/>\nMateri\u00e1l \u010depele je CPM-154, d\u00e9lka \u010depele 60 mm, celkov\u00e1 d\u00e9lka: 192 mmm, n\u016f\u017e m\u00e1 pouzdro z termoplastu, vyrobeno v USA.<\/p>\n","protected":false},"excerpt":{"rendered":"<p>Materi\u00e1l \u010depele je CPM-154, d\u00e9lka \u010depele 60 mm, celkov\u00e1 d\u00e9lka: 192 mmm, n\u016f\u017e m\u00e1 pouzdro z termoplastu, vyrobeno v USA.<\/p>\n","protected":false},"featured_media":45742,"comment_status":"open","ping_status":"closed","template":"","meta":[],"pwb-brand":[525],"product_brand":[],"product_cat":[2062,17],"product_tag":[],"class_list":{"0":"post-45741","1":"product","2":"type-product","3":"status-publish","4":"has-post-thumbnail","6":"pwb-brand-quartermaster","7":"product_cat-karambity","8":"product_cat-noze","10":"first","11":"outofstock","12":"taxable","13":"shipping-taxable","14":"purchasable","15":"product-type-simple"},"brands":[{"id":525,"name":"Quartermaster","slug":"quartermaster"}],"_links":{"self":[{"href":"https:\/\/www.moskito.cz\/es\/wp-json\/wp\/v2\/product\/45741","targetHints":{"allow":["GET"]}}],"collection":[{"href":"https:\/\/www.moskito.cz\/es\/wp-json\/wp\/v2\/product"}],"about":[{"href":"https:\/\/www.moskito.cz\/es\/wp-json\/wp\/v2\/types\/product"}],"replies":[{"embeddable":true,"href":"https:\/\/www.moskito.cz\/es\/wp-json\/wp\/v2\/comments?post=45741"}],"wp:featuredmedia":[{"embeddable":true,"href":"https:\/\/www.moskito.cz\/es\/wp-json\/wp\/v2\/media\/45742"}],"wp:attachment":[{"href":"https:\/\/www.moskito.cz\/es\/wp-json\/wp\/v2\/media?parent=45741"}],"wp:term":[{"taxonomy":"pwb-brand","embeddable":true,"href":"https:\/\/www.moskito.cz\/es\/wp-json\/wp\/v2\/pwb-brand?post=45741"},{"taxonomy":"product_brand","embeddable":true,"href":"https:\/\/www.moskito.cz\/es\/wp-json\/wp\/v2\/product_brand?post=45741"},{"taxonomy":"product_cat","embeddable":true,"href":"https:\/\/www.moskito.cz\/es\/wp-json\/wp\/v2\/product_cat?post=45741"},{"taxonomy":"product_tag","embeddable":true,"href":"https:\/\/www.moskito.cz\/es\/wp-json\/wp\/v2\/product_tag?post=45741"}],"curies":[{"name":"wp","href":"https:\/\/api.w.org\/{rel}","templated":true}]}}