{"id":15,"date":"2017-06-26T16:55:34","date_gmt":"2017-06-26T15:55:34","guid":{"rendered":"https:\/\/www.moskito.cz\/?page_id=15"},"modified":"2025-08-14T19:03:56","modified_gmt":"2025-08-14T18:03:56","slug":"kamenna-prodejna","status":"publish","type":"page","link":"https:\/\/www.moskito.cz\/fr\/kamenna-prodejna\/","title":{"rendered":"Kamenn\u00e1 prodejna"},"content":{"rendered":"\t\t<div data-elementor-type=\"wp-page\" data-elementor-id=\"15\" class=\"elementor elementor-15\" data-elementor-post-type=\"page\">\n\t\t\t\t\t\t<section data-particle_enable=\"false\" data-particle-mobile-disabled=\"false\" class=\"elementor-section elementor-top-section elementor-element elementor-element-b7070e7 elementor-section-boxed elementor-section-height-default elementor-section-height-default\" data-id=\"b7070e7\" data-element_type=\"section\" data-e-type=\"section\">\n\t\t\t\t\t\t<div class=\"elementor-container elementor-column-gap-default\">\n\t\t\t\t\t<div class=\"elementor-column elementor-col-33 elementor-top-column elementor-element elementor-element-42334e7\" data-id=\"42334e7\" data-element_type=\"column\" data-e-type=\"column\">\n\t\t\t<div class=\"elementor-widget-wrap elementor-element-populated\">\n\t\t\t\t\t\t<div class=\"elementor-element elementor-element-3d2d679 elementor-widget-divider--separator-type-pattern elementor-widget-divider--view-line elementor-invisible elementor-widget elementor-widget-divider\" data-id=\"3d2d679\" data-element_type=\"widget\" data-e-type=\"widget\" data-settings=\"{&quot;_animation&quot;:&quot;fadeInLeft&quot;}\" data-widget_type=\"divider.default\">\n\t\t\t\t\t\t\t<div class=\"elementor-divider\" style=\"--divider-pattern-url: url(&quot;data:image\/svg+xml,%3Csvg xmlns=&#039;http:\/\/www.w3.org\/2000\/svg&#039; preserveAspectRatio=&#039;none&#039; overflow=&#039;visible&#039; height=&#039;100%&#039; viewBox=&#039;0 0 20 16&#039; fill=&#039;none&#039; stroke=&#039;black&#039; stroke-width=&#039;6.7&#039; stroke-linecap=&#039;square&#039; stroke-miterlimit=&#039;10&#039;%3E%3Cg transform=&#039;translate(-12.000000, 0)&#039;%3E%3Cpath d=&#039;M28,0L10,18&#039;\/%3E%3Cpath d=&#039;M18,0L0,18&#039;\/%3E%3Cpath d=&#039;M48,0L30,18&#039;\/%3E%3Cpath d=&#039;M38,0L20,18&#039;\/%3E%3C\/g%3E%3C\/svg%3E&quot;);\">\n\t\t\t<span class=\"elementor-divider-separator\">\n\t\t\t\t\t\t<\/span>\n\t\t<\/div>\n\t\t\t\t\t\t<\/div>\n\t\t\t\t\t<\/div>\n\t\t<\/div>\n\t\t\t\t<div class=\"elementor-column elementor-col-33 elementor-top-column elementor-element elementor-element-27c676b\" data-id=\"27c676b\" data-element_type=\"column\" data-e-type=\"column\">\n\t\t\t<div class=\"elementor-widget-wrap elementor-element-populated\">\n\t\t\t\t\t\t<div class=\"elementor-element elementor-element-00bd783 elementor-widget elementor-widget-heading\" data-id=\"00bd783\" data-element_type=\"widget\" data-e-type=\"widget\" data-widget_type=\"heading.default\">\n\t\t\t\t\t<h1 class=\"elementor-heading-title elementor-size-default\">KAMENN\u00c1 PRODEJNA<\/h1>\t\t\t\t<\/div>\n\t\t\t\t\t<\/div>\n\t\t<\/div>\n\t\t\t\t<div class=\"elementor-column elementor-col-33 elementor-top-column elementor-element elementor-element-757ab8a\" data-id=\"757ab8a\" data-element_type=\"column\" data-e-type=\"column\">\n\t\t\t<div class=\"elementor-widget-wrap elementor-element-populated\">\n\t\t\t\t\t\t<div class=\"elementor-element elementor-element-f3f5770 elementor-widget-divider--separator-type-pattern elementor-widget-divider--view-line elementor-invisible elementor-widget elementor-widget-divider\" data-id=\"f3f5770\" data-element_type=\"widget\" data-e-type=\"widget\" data-settings=\"{&quot;_animation&quot;:&quot;fadeInRight&quot;}\" data-widget_type=\"divider.default\">\n\t\t\t\t\t\t\t<div class=\"elementor-divider\" style=\"--divider-pattern-url: url(&quot;data:image\/svg+xml,%3Csvg xmlns=&#039;http:\/\/www.w3.org\/2000\/svg&#039; preserveAspectRatio=&#039;none&#039; overflow=&#039;visible&#039; height=&#039;100%&#039; viewBox=&#039;0 0 20 16&#039; fill=&#039;none&#039; stroke=&#039;black&#039; stroke-width=&#039;6.7&#039; stroke-linecap=&#039;square&#039; stroke-miterlimit=&#039;10&#039;%3E%3Cg transform=&#039;translate(-12.000000, 0)&#039;%3E%3Cpath d=&#039;M28,0L10,18&#039;\/%3E%3Cpath d=&#039;M18,0L0,18&#039;\/%3E%3Cpath d=&#039;M48,0L30,18&#039;\/%3E%3Cpath d=&#039;M38,0L20,18&#039;\/%3E%3C\/g%3E%3C\/svg%3E&quot;);\">\n\t\t\t<span class=\"elementor-divider-separator\">\n\t\t\t\t\t\t<\/span>\n\t\t<\/div>\n\t\t\t\t\t\t<\/div>\n\t\t\t\t\t<\/div>\n\t\t<\/div>\n\t\t\t\t\t<\/div>\n\t\t<\/section>\n\t\t\t\t<section data-particle_enable=\"false\" data-particle-mobile-disabled=\"false\" class=\"elementor-section elementor-top-section elementor-element elementor-element-534cb6fa elementor-section-boxed elementor-section-height-default elementor-section-height-default\" data-id=\"534cb6fa\" data-element_type=\"section\" data-e-type=\"section\">\n\t\t\t\t\t\t<div class=\"elementor-container elementor-column-gap-default\">\n\t\t\t\t\t<div class=\"elementor-column elementor-col-50 elementor-top-column elementor-element elementor-element-33c47c56\" data-id=\"33c47c56\" data-element_type=\"column\" data-e-type=\"column\">\n\t\t\t<div class=\"elementor-widget-wrap elementor-element-populated\">\n\t\t\t\t\t\t<div class=\"elementor-element elementor-element-240a808 elementor-widget elementor-widget-heading\" data-id=\"240a808\" data-element_type=\"widget\" data-e-type=\"widget\" data-widget_type=\"heading.default\">\n\t\t\t\t\t<h2 class=\"elementor-heading-title elementor-size-default\">Vr\u0161ovick\u00e1 919\/16, Praha 10<\/h2>\t\t\t\t<\/div>\n\t\t\t\t<div class=\"elementor-element elementor-element-46e41f38 elementor-widget elementor-widget-text-editor\" data-id=\"46e41f38\" data-element_type=\"widget\" data-e-type=\"widget\" data-widget_type=\"text-editor.default\">\n\t\t\t\t\t\t\t\t\t<table class=\"provoz\" border=\"0\" cellspacing=\"0\" cellpadding=\"0\"><thead><tr><th colspan=\"2\"><p class=\"\">Prodejna je otev\u0159ena<\/p><\/th><\/tr><\/thead><tbody><tr><td class=\"dayOpen dateTimeOpen\">Pond\u011bl\u00ed<\/td><td class=\"dateTimeOpen\">9-12, 13:30-17<\/td><\/tr><tr><td class=\"dayOpen\">\u00dater\u00fd<\/td><td>9-12, 13:30-17<\/td><\/tr><tr><td class=\"dayOpen\">St\u0159eda<\/td><td>9-12, 13:30-17<\/td><\/tr><tr><td class=\"dayOpen\">\u010ctvrtek<\/td><td>9-12, 13:30-17<\/td><\/tr><tr><td class=\"dayOpen\">P\u00e1tek<\/td><td>9-12, 13:30-17<\/td><\/tr><\/tbody><\/table><div class=\"clanek-popis\">M\u00edsto pro v\u00e1\u0161 n\u00e1kup nebo osobn\u00ed odb\u011br internetov\u00fdch objedn\u00e1vek.<\/div>\t\t\t\t\t\t\t\t<\/div>\n\t\t\t\t<div class=\"elementor-element elementor-element-ac71573 elementor-widget elementor-widget-google_maps\" data-id=\"ac71573\" data-element_type=\"widget\" data-e-type=\"widget\" data-widget_type=\"google_maps.default\">\n\t\t\t\t\t\t\t<div class=\"elementor-custom-embed\">\n\t\t\t<iframe loading=\"lazy\"\n\t\t\t\t\tsrc=\"https:\/\/maps.google.com\/maps?q=Vr%C5%A1ovick%C3%A1%20919%2F16%2C%20Praha%2010&#038;t=m&#038;z=16&#038;output=embed&#038;iwloc=near\"\n\t\t\t\t\ttitle=\"Vr\u0161ovick\u00e1 919\/16, Praha 10\"\n\t\t\t\t\taria-label=\"Vr\u0161ovick\u00e1 919\/16, Praha 10\"\n\t\t\t><\/iframe>\n\t\t<\/div>\n\t\t\t\t\t\t<\/div>\n\t\t\t\t\t<\/div>\n\t\t<\/div>\n\t\t\t\t<div class=\"elementor-column elementor-col-50 elementor-top-column elementor-element elementor-element-0114bc0\" data-id=\"0114bc0\" data-element_type=\"column\" data-e-type=\"column\">\n\t\t\t<div class=\"elementor-widget-wrap elementor-element-populated\">\n\t\t\t\t\t\t<div class=\"elementor-element elementor-element-26bfbfa elementor-widget elementor-widget-text-editor\" data-id=\"26bfbfa\" data-element_type=\"widget\" data-e-type=\"widget\" data-widget_type=\"text-editor.default\">\n\t\t\t\t\t\t\t\t\t<div class=\"clanek-popis\">\u00a0<\/div><div class=\"clanek-text\"><p>N\u00e1\u0161 obchod je v t\u011bsn\u00e9 bl\u00edzkosti zast\u00e1vek tramvaje, autobusu a vlaku N\u00e1dra\u017e\u00ed Vr\u0161ovice.<\/p><\/div><div id='gallery-1' class='gallery galleryid-15 gallery-columns-3 gallery-size-medium'><figure class='gallery-item'>\n\t\t\t<div class='gallery-icon portrait'>\n\t\t\t\t<a href='https:\/\/www.moskito.cz\/wp-content\/uploads\/2017\/06\/07.jpg'><img fetchpriority=\"high\" decoding=\"async\" width=\"270\" height=\"270\" src=\"https:\/\/www.moskito.cz\/wp-content\/uploads\/2017\/06\/07-270x270.jpg\" class=\"attachment-medium size-medium\" alt=\"\" srcset=\"https:\/\/www.moskito.cz\/wp-content\/uploads\/2017\/06\/07-270x270.jpg 270w, https:\/\/www.moskito.cz\/wp-content\/uploads\/2017\/06\/07-300x300.jpg 300w, https:\/\/www.moskito.cz\/wp-content\/uploads\/2017\/06\/07-100x100.jpg 100w, https:\/\/www.moskito.cz\/wp-content\/uploads\/2017\/06\/07-600x601.jpg 600w, https:\/\/www.moskito.cz\/wp-content\/uploads\/2017\/06\/07-150x150.jpg 150w, https:\/\/www.moskito.cz\/wp-content\/uploads\/2017\/06\/07-768x769.jpg 768w, https:\/\/www.moskito.cz\/wp-content\/uploads\/2017\/06\/07-1022x1024.jpg 1022w, https:\/\/www.moskito.cz\/wp-content\/uploads\/2017\/06\/07-370x370.jpg 370w, https:\/\/www.moskito.cz\/wp-content\/uploads\/2017\/06\/07.jpg 1221w\" sizes=\"(max-width: 270px) 100vw, 270px\" \/><\/a>\n\t\t\t<\/div><\/figure><figure class='gallery-item'>\n\t\t\t<div class='gallery-icon portrait'>\n\t\t\t\t<a href='https:\/\/www.moskito.cz\/wp-content\/uploads\/2017\/06\/06.jpg'><img decoding=\"async\" width=\"270\" height=\"270\" src=\"https:\/\/www.moskito.cz\/wp-content\/uploads\/2017\/06\/06-270x270.jpg\" class=\"attachment-medium size-medium\" alt=\"\" srcset=\"https:\/\/www.moskito.cz\/wp-content\/uploads\/2017\/06\/06-270x270.jpg 270w, https:\/\/www.moskito.cz\/wp-content\/uploads\/2017\/06\/06-300x300.jpg 300w, https:\/\/www.moskito.cz\/wp-content\/uploads\/2017\/06\/06-100x100.jpg 100w, https:\/\/www.moskito.cz\/wp-content\/uploads\/2017\/06\/06-600x600.jpg 600w, https:\/\/www.moskito.cz\/wp-content\/uploads\/2017\/06\/06-150x150.jpg 150w, https:\/\/www.moskito.cz\/wp-content\/uploads\/2017\/06\/06-768x769.jpg 768w, https:\/\/www.moskito.cz\/wp-content\/uploads\/2017\/06\/06-1024x1024.jpg 1024w, https:\/\/www.moskito.cz\/wp-content\/uploads\/2017\/06\/06-370x370.jpg 370w, https:\/\/www.moskito.cz\/wp-content\/uploads\/2017\/06\/06.jpg 1222w\" sizes=\"(max-width: 270px) 100vw, 270px\" \/><\/a>\n\t\t\t<\/div><\/figure><figure class='gallery-item'>\n\t\t\t<div class='gallery-icon landscape'>\n\t\t\t\t<a href='https:\/\/www.moskito.cz\/wp-content\/uploads\/2017\/06\/02.jpg'><img decoding=\"async\" width=\"270\" height=\"270\" src=\"https:\/\/www.moskito.cz\/wp-content\/uploads\/2017\/06\/02-270x270.jpg\" class=\"attachment-medium size-medium\" alt=\"\" srcset=\"https:\/\/www.moskito.cz\/wp-content\/uploads\/2017\/06\/02-270x270.jpg 270w, https:\/\/www.moskito.cz\/wp-content\/uploads\/2017\/06\/02-300x300.jpg 300w, https:\/\/www.moskito.cz\/wp-content\/uploads\/2017\/06\/02-100x100.jpg 100w, https:\/\/www.moskito.cz\/wp-content\/uploads\/2017\/06\/02-600x600.jpg 600w, https:\/\/www.moskito.cz\/wp-content\/uploads\/2017\/06\/02-150x150.jpg 150w, https:\/\/www.moskito.cz\/wp-content\/uploads\/2017\/06\/02-768x768.jpg 768w, https:\/\/www.moskito.cz\/wp-content\/uploads\/2017\/06\/02-1024x1024.jpg 1024w, https:\/\/www.moskito.cz\/wp-content\/uploads\/2017\/06\/02-370x370.jpg 370w, https:\/\/www.moskito.cz\/wp-content\/uploads\/2017\/06\/02.jpg 1223w\" sizes=\"(max-width: 270px) 100vw, 270px\" \/><\/a>\n\t\t\t<\/div><\/figure>\n\t\t<\/div>\n\t\t\t\t\t\t\t\t<\/div>\n\t\t\t\t\t<\/div>\n\t\t<\/div>\n\t\t\t\t\t<\/div>\n\t\t<\/section>\n\t\t\t\t<\/div>\n\t\t","protected":false},"excerpt":{"rendered":"<p>KAMENN\u00c1 PRODEJNA Vr\u0161ovick\u00e1 919\/16, Praha 10 Prodejna je otev\u0159ena Pond\u011bl\u00ed 9-12, 13:30-17 \u00dater\u00fd 9-12, 13:30-17 St\u0159eda 9-12, 13:30-17 \u010ctvrtek 9-12, 13:30-17 P\u00e1tek 9-12, 13:30-17 M\u00edsto pro v\u00e1\u0161 n\u00e1kup nebo osobn\u00ed odb\u011br internetov\u00fdch objedn\u00e1vek. \u00a0 N\u00e1\u0161 obchod je v t\u011bsn\u00e9 bl\u00edzkosti zast\u00e1vek tramvaje, autobusu a vlaku N\u00e1dra\u017e\u00ed Vr\u0161ovice.<\/p>\n","protected":false},"author":2,"featured_media":0,"parent":0,"menu_order":0,"comment_status":"closed","ping_status":"closed","template":"elementor_header_footer","meta":{"footnotes":""},"class_list":["post-15","page","type-page","status-publish","hentry"],"_links":{"self":[{"href":"https:\/\/www.moskito.cz\/fr\/wp-json\/wp\/v2\/pages\/15","targetHints":{"allow":["GET"]}}],"collection":[{"href":"https:\/\/www.moskito.cz\/fr\/wp-json\/wp\/v2\/pages"}],"about":[{"href":"https:\/\/www.moskito.cz\/fr\/wp-json\/wp\/v2\/types\/page"}],"author":[{"embeddable":true,"href":"https:\/\/www.moskito.cz\/fr\/wp-json\/wp\/v2\/users\/2"}],"replies":[{"embeddable":true,"href":"https:\/\/www.moskito.cz\/fr\/wp-json\/wp\/v2\/comments?post=15"}],"version-history":[{"count":0,"href":"https:\/\/www.moskito.cz\/fr\/wp-json\/wp\/v2\/pages\/15\/revisions"}],"wp:attachment":[{"href":"https:\/\/www.moskito.cz\/fr\/wp-json\/wp\/v2\/media?parent=15"}],"curies":[{"name":"wp","href":"https:\/\/api.w.org\/{rel}","templated":true}]}}