{"id":68714,"date":"2017-09-11T10:49:20","date_gmt":"2017-09-11T09:49:20","guid":{"rendered":"https:\/\/www.moskito.cz\/?page_id=68714"},"modified":"2017-09-11T10:55:27","modified_gmt":"2017-09-11T09:55:27","slug":"novinky","status":"publish","type":"page","link":"https:\/\/www.moskito.cz\/fr\/novinky\/","title":{"rendered":"Novinky"},"content":{"rendered":"<p><code><div class=\"woocommerce columns-4 \"><ul class=\"products columns-4\">\n<li class=\"product type-product post-441001 status-publish first outofstock product_cat-vystrelovaci-noze product_cat-noze has-post-thumbnail featured taxable shipping-taxable purchasable product-type-simple\">\n\t<a href=\"https:\/\/www.moskito.cz\/fr\/produkt\/vystrelovaci-nuz-microtech-ultratech-gen-iv-11234-1t\/\" class=\"woocommerce-LoopProduct-link woocommerce-loop-product__link\"><img fetchpriority=\"high\" decoding=\"async\" width=\"300\" height=\"300\" src=\"https:\/\/www.moskito.cz\/wp-content\/uploads\/2026\/04\/Microtech-Ultratech-Gen-IV-11234-1T-300x300.jpg\" class=\"attachment-woocommerce_thumbnail size-woocommerce_thumbnail\" alt=\"Microtech-Ultratech-Gen-IV-11234-1T\" srcset=\"https:\/\/www.moskito.cz\/wp-content\/uploads\/2026\/04\/Microtech-Ultratech-Gen-IV-11234-1T-300x300.jpg 300w, https:\/\/www.moskito.cz\/wp-content\/uploads\/2026\/04\/Microtech-Ultratech-Gen-IV-11234-1T-600x600.jpg 600w, https:\/\/www.moskito.cz\/wp-content\/uploads\/2026\/04\/Microtech-Ultratech-Gen-IV-11234-1T-100x100.jpg 100w\" sizes=\"(max-width: 300px) 100vw, 300px\" \/><h2 class=\"woocommerce-loop-product__title\">Vyst\u0159elovac\u00ed N\u016f\u017e Microtech Ultratech Gen IV 11234-1T<\/h2>\n\t<span class=\"price\"><span class=\"woocs_price_code\" data-currency=\"\" data-redraw-id=\"69f3302f16483\"  data-product-id=\"441001\"><span class=\"woocommerce-Price-amount amount\"><bdi>11 518&nbsp;<span class=\"woocommerce-Price-currencySymbol\">&#75;&#269;<\/span><\/bdi><\/span><\/span><\/span>\n<\/a><a href=\"https:\/\/www.moskito.cz\/fr\/produkt\/vystrelovaci-nuz-microtech-ultratech-gen-iv-11234-1t\/\" aria-describedby=\"woocommerce_loop_add_to_cart_link_describedby_441001\" data-quantity=\"1\" class=\"button product_type_simple\" data-product_id=\"441001\" data-product_sku=\"11234-1 T\" aria-label=\"En savoir plus sur &ldquo;Vyst\u0159elovac\u00ed N\u016f\u017e Microtech Ultratech Gen IV 11234-1T&rdquo;\" rel=\"nofollow\" data-success_message=\"\">Lire la suite<\/a>\t<span id=\"woocommerce_loop_add_to_cart_link_describedby_441001\" class=\"screen-reader-text\">\n\t\t\t<\/span>\n\t\t\t<input type=\"hidden\" class=\"pmwProductId\" data-id=\"441001\">\n\t\t\t\t\t<script>\n\t\t\t(window.pmwDataLayer = window.pmwDataLayer || {}).products                = window.pmwDataLayer.products || {};\n\t\t\twindow.pmwDataLayer.products[441001] = {\"id\":\"441001\",\"sku\":\"11234-1 T\",\"price\":11518,\"brand\":\"\",\"quantity\":1,\"dyn_r_ids\":{\"post_id\":\"441001\",\"sku\":\"11234-1 T\",\"gpf\":\"woocommerce_gpf_441001\",\"gla\":\"gla_441001\"},\"is_variable\":false,\"type\":\"simple\",\"name\":\"Vyst\u0159elovac\u00ed N\u016f\u017e Microtech Ultratech Gen IV 11234-1T\",\"category\":[\"Vyst\u0159elovac\u00ed no\u017ee\",\"No\u017ee\"],\"is_variation\":false};\n\t\t\t\t\twindow.pmw_product_position = window.pmw_product_position || 1;\n\t\twindow.pmwDataLayer.products[441001]['position'] = window.pmw_product_position++;\n\t\t\t\t<\/script>\n\t\t<\/li>\n<li class=\"product type-product post-318585 status-publish instock product_cat-couteaux-de-tir product_cat-des-couteaux product_tag-b2b-fr has-post-thumbnail featured taxable shipping-taxable purchasable product-type-simple\">\n\t<a href=\"https:\/\/www.moskito.cz\/fr\/produkt\/couteau-de-tir-microtech-stitch-borka-blades-wharncliffe-stonewash-169-12\/\" class=\"woocommerce-LoopProduct-link woocommerce-loop-product__link\"><img decoding=\"async\" width=\"300\" height=\"300\" src=\"https:\/\/www.moskito.cz\/wp-content\/uploads\/2022\/01\/Microtec-Stitch-Borka-300x300.jpeg\" class=\"attachment-woocommerce_thumbnail size-woocommerce_thumbnail\" alt=\"Couteau de tir Microtech Stitch Borka Blades WHARNCLIFFE STONEWASH 169-12\" srcset=\"https:\/\/www.moskito.cz\/wp-content\/uploads\/2022\/01\/Microtec-Stitch-Borka-300x300.jpeg 300w, https:\/\/www.moskito.cz\/wp-content\/uploads\/2022\/01\/Microtec-Stitch-Borka-600x600.jpeg 600w, https:\/\/www.moskito.cz\/wp-content\/uploads\/2022\/01\/Microtec-Stitch-Borka-100x100.jpeg 100w\" sizes=\"(max-width: 300px) 100vw, 300px\" \/><h2 class=\"woocommerce-loop-product__title\">Couteau de tir Microtech Stitch Borka Blades WHARNCLIFFE STONEWASH 169-12<\/h2>\n\t<span class=\"price\"><span class=\"woocs_price_code\" data-currency=\"\" data-redraw-id=\"69f3302f18dfa\"  data-product-id=\"318585\"><span class=\"woocommerce-Price-amount amount\"><bdi>15 159&nbsp;<span class=\"woocommerce-Price-currencySymbol\">&#75;&#269;<\/span><\/bdi><\/span><\/span><\/span>\n<\/a><a href=\"\/fr\/wp-json\/wp\/v2\/pages\/68714?add-to-cart=318585\" aria-describedby=\"woocommerce_loop_add_to_cart_link_describedby_318585\" data-quantity=\"1\" class=\"button product_type_simple add_to_cart_button ajax_add_to_cart\" data-product_id=\"318585\" data-product_sku=\"169-12\" aria-label=\"Ajouter au panier\u00a0: &ldquo;Couteau de tir Microtech Stitch Borka Blades WHARNCLIFFE STONEWASH 169-12&rdquo;\" rel=\"nofollow\" data-success_message=\"\u00ab\u00a0Couteau de tir Microtech Stitch Borka Blades WHARNCLIFFE STONEWASH 169-12\u00a0\u00bb a \u00e9t\u00e9 ajout\u00e9 \u00e0 votre panier\" role=\"button\">Ajouter au panier<\/a>\t<span id=\"woocommerce_loop_add_to_cart_link_describedby_318585\" class=\"screen-reader-text\">\n\t\t\t<\/span>\n\t\t\t<input type=\"hidden\" class=\"pmwProductId\" data-id=\"318585\">\n\t\t\t\t\t<script>\n\t\t\t(window.pmwDataLayer = window.pmwDataLayer || {}).products                = window.pmwDataLayer.products || {};\n\t\t\twindow.pmwDataLayer.products[318585] = {\"id\":\"318585\",\"sku\":\"169-12\",\"price\":15159,\"brand\":\"\",\"quantity\":1,\"dyn_r_ids\":{\"post_id\":\"318585\",\"sku\":\"169-12\",\"gpf\":\"woocommerce_gpf_318585\",\"gla\":\"gla_318585\"},\"is_variable\":false,\"type\":\"simple\",\"name\":\"Couteau de tir Microtech Stitch Borka Blades WHARNCLIFFE STONEWASH 169-12\",\"category\":[\"Couteaux de tir\",\"Des couteaux\"],\"is_variation\":false};\n\t\t\t\t\twindow.pmw_product_position = window.pmw_product_position || 1;\n\t\twindow.pmwDataLayer.products[318585]['position'] = window.pmw_product_position++;\n\t\t\t\t<\/script>\n\t\t<\/li>\n<li class=\"product type-product post-204504 status-publish instock product_cat-zaviraci-noze product_cat-noze product_tag-b2b has-post-thumbnail featured taxable shipping-taxable purchasable product-type-simple\">\n\t<a href=\"https:\/\/www.moskito.cz\/fr\/produkt\/zaviraci-nuz-extrema-ratio-bf2-r-ct-black\/\" class=\"woocommerce-LoopProduct-link woocommerce-loop-product__link\"><img decoding=\"async\" width=\"300\" height=\"300\" src=\"https:\/\/www.moskito.cz\/wp-content\/uploads\/2021\/08\/Folder-BF2-R-CT-Extrema-Ratio-300x300.jpeg\" class=\"attachment-woocommerce_thumbnail size-woocommerce_thumbnail\" alt=\"Folder-BF2-R-CT-Extrema-Ratio\" srcset=\"https:\/\/www.moskito.cz\/wp-content\/uploads\/2021\/08\/Folder-BF2-R-CT-Extrema-Ratio-300x300.jpeg 300w, https:\/\/www.moskito.cz\/wp-content\/uploads\/2021\/08\/Folder-BF2-R-CT-Extrema-Ratio-600x600.jpeg 600w, https:\/\/www.moskito.cz\/wp-content\/uploads\/2021\/08\/Folder-BF2-R-CT-Extrema-Ratio-100x100.jpeg 100w\" sizes=\"(max-width: 300px) 100vw, 300px\" \/><h2 class=\"woocommerce-loop-product__title\">Zav\u00edrac\u00ed N\u016f\u017e Extrema Ratio BF2 R CT BLACK<\/h2>\n\t<span class=\"price\"><span class=\"woocs_price_code\" data-currency=\"\" data-redraw-id=\"69f3302f1bd17\"  data-product-id=\"204504\"><span class=\"woocommerce-Price-amount amount\"><bdi>5 459&nbsp;<span class=\"woocommerce-Price-currencySymbol\">&#75;&#269;<\/span><\/bdi><\/span><\/span><\/span>\n<\/a><a href=\"\/fr\/wp-json\/wp\/v2\/pages\/68714?add-to-cart=204504\" aria-describedby=\"woocommerce_loop_add_to_cart_link_describedby_204504\" data-quantity=\"1\" class=\"button product_type_simple add_to_cart_button ajax_add_to_cart\" data-product_id=\"204504\" data-product_sku=\"04.1000.0492\/BLK\" aria-label=\"Ajouter au panier\u00a0: &ldquo;Zav\u00edrac\u00ed N\u016f\u017e Extrema Ratio BF2 R CT BLACK&rdquo;\" rel=\"nofollow\" data-success_message=\"\u00ab\u00a0Zav\u00edrac\u00ed N\u016f\u017e Extrema Ratio BF2 R CT BLACK\u00a0\u00bb a \u00e9t\u00e9 ajout\u00e9 \u00e0 votre panier\" role=\"button\">Ajouter au panier<\/a>\t<span id=\"woocommerce_loop_add_to_cart_link_describedby_204504\" class=\"screen-reader-text\">\n\t\t\t<\/span>\n\t\t\t<input type=\"hidden\" class=\"pmwProductId\" data-id=\"204504\">\n\t\t\t\t\t<script>\n\t\t\t(window.pmwDataLayer = window.pmwDataLayer || {}).products                = window.pmwDataLayer.products || {};\n\t\t\twindow.pmwDataLayer.products[204504] = {\"id\":\"204504\",\"sku\":\"04.1000.0492\/BLK\",\"price\":5459,\"brand\":\"\",\"quantity\":1,\"dyn_r_ids\":{\"post_id\":\"204504\",\"sku\":\"04.1000.0492\/BLK\",\"gpf\":\"woocommerce_gpf_204504\",\"gla\":\"gla_204504\"},\"is_variable\":false,\"type\":\"simple\",\"name\":\"Zav\u00edrac\u00ed N\u016f\u017e Extrema Ratio BF2 R CT BLACK\",\"category\":[\"Zav\u00edrac\u00ed no\u017ee\",\"No\u017ee\"],\"is_variation\":false};\n\t\t\t\t\twindow.pmw_product_position = window.pmw_product_position || 1;\n\t\twindow.pmwDataLayer.products[204504]['position'] = window.pmw_product_position++;\n\t\t\t\t<\/script>\n\t\t<\/li>\n<li class=\"product type-product post-165422 status-publish last outofstock product_cat-vystrelovaci-noze product_cat-noze has-post-thumbnail featured taxable shipping-taxable purchasable product-type-simple\">\n\t<a href=\"https:\/\/www.moskito.cz\/fr\/produkt\/socom-elite-s-e-champagne-gold-carbon-fiber-inlays-standard-160-1-cgcfi\/\" class=\"woocommerce-LoopProduct-link woocommerce-loop-product__link\"><img loading=\"lazy\" decoding=\"async\" width=\"300\" height=\"300\" src=\"https:\/\/www.moskito.cz\/wp-content\/uploads\/2019\/09\/68546957_2312081445721444_1186008644165042176_n-300x300.jpg\" class=\"attachment-woocommerce_thumbnail size-woocommerce_thumbnail\" alt=\"Zav\u00edrac\u00ed N\u016f\u017e Microtech Socom\" srcset=\"https:\/\/www.moskito.cz\/wp-content\/uploads\/2019\/09\/68546957_2312081445721444_1186008644165042176_n-300x300.jpg 300w, https:\/\/www.moskito.cz\/wp-content\/uploads\/2019\/09\/68546957_2312081445721444_1186008644165042176_n-600x600.jpg 600w, https:\/\/www.moskito.cz\/wp-content\/uploads\/2019\/09\/68546957_2312081445721444_1186008644165042176_n-100x100.jpg 100w\" sizes=\"(max-width: 300px) 100vw, 300px\" \/><h2 class=\"woocommerce-loop-product__title\">Zav\u00edrac\u00ed N\u016f\u017e Microtech Socom Champagne 161-1 CGCFI<\/h2>\n\t<span class=\"price\"><span class=\"woocs_price_code\" data-currency=\"\" data-redraw-id=\"69f3302f1e890\"  data-product-id=\"165422\"><span class=\"woocommerce-Price-amount amount\"><bdi>14 849&nbsp;<span class=\"woocommerce-Price-currencySymbol\">&#75;&#269;<\/span><\/bdi><\/span><\/span><\/span>\n<\/a><a href=\"https:\/\/www.moskito.cz\/fr\/produkt\/socom-elite-s-e-champagne-gold-carbon-fiber-inlays-standard-160-1-cgcfi\/\" aria-describedby=\"woocommerce_loop_add_to_cart_link_describedby_165422\" data-quantity=\"1\" class=\"button product_type_simple\" data-product_id=\"165422\" data-product_sku=\"161-1 CGCFI\" aria-label=\"En savoir plus sur &ldquo;Zav\u00edrac\u00ed N\u016f\u017e Microtech Socom Champagne 161-1 CGCFI&rdquo;\" rel=\"nofollow\" data-success_message=\"\">Lire la suite<\/a>\t<span id=\"woocommerce_loop_add_to_cart_link_describedby_165422\" class=\"screen-reader-text\">\n\t\t\t<\/span>\n\t\t\t<input type=\"hidden\" class=\"pmwProductId\" data-id=\"165422\">\n\t\t\t\t\t<script>\n\t\t\t(window.pmwDataLayer = window.pmwDataLayer || {}).products                = window.pmwDataLayer.products || {};\n\t\t\twindow.pmwDataLayer.products[165422] = {\"id\":\"165422\",\"sku\":\"161-1 CGCFI\",\"price\":14849,\"brand\":\"\",\"quantity\":1,\"dyn_r_ids\":{\"post_id\":\"165422\",\"sku\":\"161-1 CGCFI\",\"gpf\":\"woocommerce_gpf_165422\",\"gla\":\"gla_165422\"},\"is_variable\":false,\"type\":\"simple\",\"name\":\"Zav\u00edrac\u00ed N\u016f\u017e Microtech Socom Champagne 161-1 CGCFI\",\"category\":[\"Vyst\u0159elovac\u00ed no\u017ee\",\"No\u017ee\"],\"is_variation\":false};\n\t\t\t\t\twindow.pmw_product_position = window.pmw_product_position || 1;\n\t\twindow.pmwDataLayer.products[165422]['position'] = window.pmw_product_position++;\n\t\t\t\t<\/script>\n\t\t<\/li>\n<\/ul>\n<\/div><\/code><\/p>\n","protected":false},"excerpt":{"rendered":"","protected":false},"author":2,"featured_media":0,"parent":0,"menu_order":0,"comment_status":"closed","ping_status":"closed","template":"","meta":{"footnotes":""},"class_list":["post-68714","page","type-page","status-publish","hentry"],"_links":{"self":[{"href":"https:\/\/www.moskito.cz\/fr\/wp-json\/wp\/v2\/pages\/68714","targetHints":{"allow":["GET"]}}],"collection":[{"href":"https:\/\/www.moskito.cz\/fr\/wp-json\/wp\/v2\/pages"}],"about":[{"href":"https:\/\/www.moskito.cz\/fr\/wp-json\/wp\/v2\/types\/page"}],"author":[{"embeddable":true,"href":"https:\/\/www.moskito.cz\/fr\/wp-json\/wp\/v2\/users\/2"}],"replies":[{"embeddable":true,"href":"https:\/\/www.moskito.cz\/fr\/wp-json\/wp\/v2\/comments?post=68714"}],"version-history":[{"count":0,"href":"https:\/\/www.moskito.cz\/fr\/wp-json\/wp\/v2\/pages\/68714\/revisions"}],"wp:attachment":[{"href":"https:\/\/www.moskito.cz\/fr\/wp-json\/wp\/v2\/media?parent=68714"}],"curies":[{"name":"wp","href":"https:\/\/api.w.org\/{rel}","templated":true}]}}