{"id":138309,"date":"2018-02-13T14:54:55","date_gmt":"2018-02-13T13:54:55","guid":{"rendered":"https:\/\/www.moskito.cz\/?post_type=product&#038;p=138309"},"modified":"2025-07-11T07:48:02","modified_gmt":"2025-07-11T06:48:02","slug":"microtech-tachyon-iii-balisong-butterfly-od-green-173-1gr","status":"publish","type":"product","link":"https:\/\/www.moskito.cz\/fr\/produkt\/microtech-tachyon-iii-balisong-butterfly-od-green-173-1gr\/","title":{"rendered":"Mot\u00fdlek Microtech Tachyon III Balisong Butterfly 173-1GR"},"content":{"rendered":"<p>Mot\u00fdlek Microtech Tachyon III Balisong Butterfly 173-1GR<\/p>\n<p>&nbsp;<\/p>\n<p>Zav\u00edrac\u00ed n\u016f\u017e mot\u00fdlek.<br \/>\nMot\u00fdlek Microtech Tachyon III Balisong Butterfly 173-1GR je vybaven OD zelen\u00fdm bodov\u00fdm ost\u0159\u00edm, trvanlivou anodizovanou rukoje\u0165\u00ed typu III OD a zelenou rukojet\u00ed.<\/p>\n<p>Nejnov\u011bj\u0161\u00ed generace Tachyonov\u00e9ho mot\u00fdl\u00edho no\u017ee, v\u00fdroba Microtech Tachyon III, se odli\u0161uje od p\u0159edch\u00e1zej\u00edc\u00edch model\u016f s fr\u00e9zovan\u00fdmi jednod\u00edln\u00fdmi konstruk\u010dn\u00edmi \u00fachytkami, pru\u017einovou z\u00e1padkou. \u010cepel m\u00e1 \u0161pi\u010dat\u00fd hrot a fr\u00e9zovan\u00e9 dr\u00e1\u017eky s logem Microtech, datem v\u00fdroby a zna\u010dkami z oceli zep\u0159edu.<\/p>\n<p>Co by mohlo b\u00fdt skv\u011bl\u00fd design bez takov\u00e9 hladk\u00e9 akce, kterou tou\u017e\u00edte? Tachyon III p\u0159ekon\u00e1v\u00e1 v\u0161echny o\u010dek\u00e1v\u00e1n\u00ed d\u00edky vysp\u011bl\u00e9 keramick\u00e9 sestav\u011b kuli\u010dkov\u00fdch lo\u017eisek, kter\u00e1 vytv\u00e1\u0159\u00ed prvot\u0159\u00eddn\u00ed obratovou dynamiku. Oto\u010dn\u00e9 krou\u017eky O-krou\u017eky Viton jsou ur\u010deny k tlumen\u00ed zat\u00ed\u017een\u00ed zaji\u0161\u0165uj\u00ed dlouhodob\u00fd v\u00fdkon.<\/p>\n<p>This Tachyon III model has an OD green clip point blade, durable type III OD green anodized handles, and an OD green pocket clip and hardware. Includes adjustment tool.<\/p>\n<p>The latest generation of the Tachyon butterfly knife, the production Microtech Tachyon III, distinguishes itself from previous models with milled, single-piece channel construction handles, a spring latch, and a standard pocket clip. The blade showcases a non-sharpened swedge-ground tip and milled grooves with the Microtech logo, production date, and blade steel markings up front.<\/p>\n<p>What would a brilliant design be without that smooth action you crave? The Tachyon III exceeds all expectations with an advanced ceramic ball-bearing pivot assembly that eliminates handle play and produces first-class flipping dynamics. The pivots utilize Viton o-rings for load dampening, and heat treated stainless steel retainer plates ensure long-lasting performance.<\/p>\n<p>Overall Length:10.00&Prime;<br \/>\nBlade Length:4.50&Prime;<br \/>\nCutting Edge:4.25&Prime;<br \/>\nBlade Thickness:0.16&Prime;<br \/>\nBlade Material:Bohler M390<br \/>\nBlade Style:Clip Point<br \/>\nBlade Grind:Flat<br \/>\nFinish:OD Green<br \/>\nEdge Type:Plain<br \/>\nHandle Length:5.50&Prime;<br \/>\nHandle Thickness:0.50&Prime;<br \/>\nHandle Material:Aluminum<br \/>\nColor:OD Green<br \/>\nWeight:4.07 oz.<br \/>\nUser:Right Hand<br \/>\nPocket Clip:Tip-Up<br \/>\nKnife Type:Butterfly<br \/>\nBrand:Microtech<br \/>\nModel:Tachyon III<br \/>\nModel Number:173-1GR<br \/>\nCountry of Origin:USA<br \/>\nBest Use:Collection<br \/>\nProduct Type:Knife<\/p>\n","protected":false},"excerpt":{"rendered":"<p>Zav\u00edrac\u00ed n\u016f\u017e.<\/p>\n","protected":false},"featured_media":164380,"comment_status":"open","ping_status":"closed","template":"","meta":[],"pwb-brand":[431],"product_brand":[],"product_cat":[2019,17],"product_tag":[],"class_list":{"0":"post-138309","1":"product","2":"type-product","3":"status-publish","4":"has-post-thumbnail","6":"pwb-brand-microtech","7":"product_cat-vystrelovaci-noze","8":"product_cat-noze","10":"first","11":"outofstock","12":"taxable","13":"shipping-taxable","14":"purchasable","15":"product-type-simple"},"brands":[{"id":431,"name":"Microtech","slug":"microtech"}],"_links":{"self":[{"href":"https:\/\/www.moskito.cz\/fr\/wp-json\/wp\/v2\/product\/138309","targetHints":{"allow":["GET"]}}],"collection":[{"href":"https:\/\/www.moskito.cz\/fr\/wp-json\/wp\/v2\/product"}],"about":[{"href":"https:\/\/www.moskito.cz\/fr\/wp-json\/wp\/v2\/types\/product"}],"replies":[{"embeddable":true,"href":"https:\/\/www.moskito.cz\/fr\/wp-json\/wp\/v2\/comments?post=138309"}],"wp:featuredmedia":[{"embeddable":true,"href":"https:\/\/www.moskito.cz\/fr\/wp-json\/wp\/v2\/media\/164380"}],"wp:attachment":[{"href":"https:\/\/www.moskito.cz\/fr\/wp-json\/wp\/v2\/media?parent=138309"}],"wp:term":[{"taxonomy":"pwb-brand","embeddable":true,"href":"https:\/\/www.moskito.cz\/fr\/wp-json\/wp\/v2\/pwb-brand?post=138309"},{"taxonomy":"product_brand","embeddable":true,"href":"https:\/\/www.moskito.cz\/fr\/wp-json\/wp\/v2\/product_brand?post=138309"},{"taxonomy":"product_cat","embeddable":true,"href":"https:\/\/www.moskito.cz\/fr\/wp-json\/wp\/v2\/product_cat?post=138309"},{"taxonomy":"product_tag","embeddable":true,"href":"https:\/\/www.moskito.cz\/fr\/wp-json\/wp\/v2\/product_tag?post=138309"}],"curies":[{"name":"wp","href":"https:\/\/api.w.org\/{rel}","templated":true}]}}