{"id":156122,"date":"2018-09-18T19:01:37","date_gmt":"2018-09-18T18:01:37","guid":{"rendered":"https:\/\/www.moskito.cz\/?post_type=product&#038;p=156122"},"modified":"2025-07-11T07:48:02","modified_gmt":"2025-07-11T06:48:02","slug":"brneni-s-krizem-na-hrudi","status":"publish","type":"product","link":"https:\/\/www.moskito.cz\/fr\/produkt\/brneni-s-krizem-na-hrudi\/","title":{"rendered":"Templ\u00e1\u0159sk\u00e9 brn\u011bn\u00ed s k\u0159\u00ed\u017eem na hrudi Marto"},"content":{"rendered":"<div class=\"clearfix\">Templ\u00e1\u0159sk\u00e9 brn\u011bn\u00ed s k\u0159\u00ed\u017eem na hrudi Marto.<\/div>\n<div class=\"col-xs-12\">\n<p>A\u010dkoli p\u016fvod bojov\u00e9ho zbrojen\u00ed se datuje do egyptsk\u00e9ho obdob\u00ed, \u0158eck\u00e9 a \u0158\u00edmsk\u00e9 st\u0159edov\u011bk\u00e9 zbroje jsou nejzn\u00e1m\u011bj\u0161\u00ed, tvo\u0159en\u00e9 deskami z oceli nebo \u017eeleza spojen\u00fdmi navz\u00e1jem h\u00e1\u010dky, h\u0159eb\u00edky, kter\u00e9 dr\u017e\u00ed v\u00e1le\u010dn\u00edka pomoc\u00ed popruh\u016f a spon, za\u010dala ho pou\u017e\u00edvat v Evrop\u011b jak p\u011bchota tak i jezdectvo .Ve 14. stolet\u00ed a 15. stolet\u00ed dos\u00e1hla dokonalosti. P\u0159em\u011bna prob\u011bhla v polovin\u011b 16. stolet\u00ed na luxusn\u00ed oble\u010den\u00ed pro v\u00e1le\u010dn\u00edka, ozdoben\u00fd kr\u00e1sami socha\u0159sk\u00e9ho um\u011bn\u00ed a kovov\u00e9ho pr\u016fmyslu. V 17. stolet\u00ed do\u0161lo k v\u00fdrazn\u00e9mu n\u00e1r\u016fstu st\u0159eln\u00fdch zbran\u00ed a od 18. stolet\u00ed se pou\u017e\u00edvaj\u00ed pouze jako ozdoby hrad\u016f, pal\u00e1c\u016f a muze\u00ed.<\/p>\n<p>V kr\u00e1lovsk\u00e9 zbroji v Madridu je dr\u017eena jedna z nejv\u011bt\u0161\u00edch a nejbohat\u0161\u00edch sb\u00edrek zbran\u00ed na sv\u011bt\u011b a obsahuje kusy hlavn\u011b z doby 16. stolet\u00ed Carlose I., z n\u011bho\u017e Marto \u010derp\u00e1 jeho inspiraci a reprodukuje je v r\u016fzn\u00fdch velikostech nebo m\u011b\u0159\u00edtc\u00edch.Pou\u017eit\u00e9 materi\u00e1ly jsou velmi podobn\u00e9 p\u016fvodn\u00edm, \u017eelezo a ocel je \u0159emesln\u011b tvarovan\u00e9 , brok\u00e1ty napodobuj\u00ed tkaniny z t\u00e9 doby .<\/p>\n<p>Velikost 200 cm.<\/p>\n<\/div>\n","protected":false},"excerpt":{"rendered":"<p>Brn\u011bn\u00ed s k\u0159\u00ed\u017eem na hrudi.<\/p>\n","protected":false},"featured_media":243133,"comment_status":"open","ping_status":"closed","template":"","meta":[],"pwb-brand":[454],"product_brand":[],"product_cat":[1943,1942],"product_tag":[],"class_list":{"0":"post-156122","1":"product","2":"type-product","3":"status-publish","4":"has-post-thumbnail","6":"pwb-brand-marto","7":"product_cat-brneni","8":"product_cat-mece-dyky-repliky","10":"first","11":"instock","12":"taxable","13":"shipping-taxable","14":"purchasable","15":"product-type-simple"},"brands":[{"id":454,"name":"Marto","slug":"marto"}],"_links":{"self":[{"href":"https:\/\/www.moskito.cz\/fr\/wp-json\/wp\/v2\/product\/156122","targetHints":{"allow":["GET"]}}],"collection":[{"href":"https:\/\/www.moskito.cz\/fr\/wp-json\/wp\/v2\/product"}],"about":[{"href":"https:\/\/www.moskito.cz\/fr\/wp-json\/wp\/v2\/types\/product"}],"replies":[{"embeddable":true,"href":"https:\/\/www.moskito.cz\/fr\/wp-json\/wp\/v2\/comments?post=156122"}],"wp:featuredmedia":[{"embeddable":true,"href":"https:\/\/www.moskito.cz\/fr\/wp-json\/wp\/v2\/media\/243133"}],"wp:attachment":[{"href":"https:\/\/www.moskito.cz\/fr\/wp-json\/wp\/v2\/media?parent=156122"}],"wp:term":[{"taxonomy":"pwb-brand","embeddable":true,"href":"https:\/\/www.moskito.cz\/fr\/wp-json\/wp\/v2\/pwb-brand?post=156122"},{"taxonomy":"product_brand","embeddable":true,"href":"https:\/\/www.moskito.cz\/fr\/wp-json\/wp\/v2\/product_brand?post=156122"},{"taxonomy":"product_cat","embeddable":true,"href":"https:\/\/www.moskito.cz\/fr\/wp-json\/wp\/v2\/product_cat?post=156122"},{"taxonomy":"product_tag","embeddable":true,"href":"https:\/\/www.moskito.cz\/fr\/wp-json\/wp\/v2\/product_tag?post=156122"}],"curies":[{"name":"wp","href":"https:\/\/api.w.org\/{rel}","templated":true}]}}