{"id":162655,"date":"2019-02-02T19:51:26","date_gmt":"2019-02-02T18:51:26","guid":{"rendered":"https:\/\/www.moskito.cz\/?post_type=product&#038;p=162655"},"modified":"2025-07-11T07:48:08","modified_gmt":"2025-07-11T06:48:08","slug":"microtech-cypher-mk7-se-otf-automatic-knife-black-4-stonewash-241m-10","status":"publish","type":"product","link":"https:\/\/www.moskito.cz\/fr\/produkt\/microtech-cypher-mk7-se-otf-automatic-knife-black-4-stonewash-241m-10\/","title":{"rendered":"Vyst\u0159elovac\u00ed N\u016f\u017e Microtech Cypher 241M-10"},"content":{"rendered":"<p><span class=\"tlid-translation translation\"><span class=\"\" title=\"\">Vyst\u0159elovac\u00ed N\u016f\u017e <strong>Microtech Cypher <\/strong>241M-10<\/span><\/span><\/p>\n<p><span class=\"tlid-translation translation\"><span class=\"\" title=\"\">Z p\u0159edu vyst\u0159elovac\u00ed n\u016f\u017e.<\/span><\/span><\/p>\n<p><span class=\"tlid-translation translation\"><span class=\"\" title=\"\">Tento model Cypher MK7 je vybaven op\u00edskovanou \u010depel\u00ed a \u010dernou hlin\u00edkovou rukojet\u00ed.<\/span><\/span><\/p>\n<p><span title=\"\">Vyst\u0159elovac\u00ed N\u016f\u017e <strong>Microtech Cypher <\/strong>241M-10 je produk\u010dn\u00ed verze obl\u00edben\u00e9 spolupr\u00e1ce z\u00e1kazn\u00edka A. Marfione \/ D.C. Munroe.<\/span> <span title=\"\">Dod\u00e1v\u00e1 se s \u010depel\u00ed a lehkou hlin\u00edkovou rukojet\u00ed.<\/span>\u00a0<span title=\"\">Jedine\u010dn\u00e1 pro model Cypher MK7 jsou dr\u00e1\u017ekovan\u00e9 vzory na obou stran\u00e1ch rukojeti a titanov\u00e1 rukoje\u0165ov\u00e1 vlo\u017eka s otvory pro lano.<\/span><\/p>\n<p><span class=\"tlid-translation translation\"><span class=\"\" title=\"\">Celkov\u00e1 d\u00e9lka: 24.37 cm<\/span><br \/>\n<span title=\"\">D\u00e9lka \u010depele: 10 cm<\/span><br \/>\n<span title=\"\">\u0158ezn\u00e1 hrana: 9.37 cm<\/span><br \/>\n<span title=\"\">\u0160\u00ed\u0159ka \u010depele: 1.87 cm<\/span><br \/>\n<span title=\"\">Tlou\u0161\u0165ka \u010depele: 0,32 cm<\/span><br \/>\n<span title=\"\">Materi\u00e1l \u010depele: Bohler M390<\/span><br \/>\n<span title=\"\">Styl \u010depele: Wharncliffe<\/span><br \/>\n<span title=\"\">B\u0159itov\u00e9 desti\u010dky: Ploch\u00e9<\/span><br \/>\n<span title=\"\">Finish: Stonewash<\/span><br \/>\n<span title=\"\">Typ okraje: oby\u010dejn\u00fd<\/span><br \/>\n<span title=\"\">D\u00e9lka rukojeti: 14.37 cm<\/span><br \/>\n<span title=\"\">\u0160\u00ed\u0159ka rukojeti: 2.8 cm<\/span><br \/>\n<span title=\"\">Tlou\u0161\u0165ka rukojeti: 1.17 cm<\/span><br \/>\n<span title=\"\">Materi\u00e1l rukojeti: hlin\u00edk<\/span><br \/>\n<span title=\"\">\u010cern\u00e1 barva<\/span><br \/>\n<span title=\"\">Hmotnost: 4,33 oz.<\/span><br \/>\n<span title=\"\">U\u017eivatel: Prav\u00e1 ruka<\/span><br \/>\n<span title=\"\">Pocket Clip: Tip-Down<\/span><br \/>\n<span title=\"\">Typ no\u017ee: Double-Action OTF Automatic<\/span><br \/>\n<span title=\"\">Otv\u00edra\u010d: Thumb Slide<\/span><br \/>\n<span title=\"\">Zna\u010dka: Microtech<\/span><br \/>\n<span title=\"\">Model: Cypher MK7<\/span><br \/>\n<span title=\"\">\u010c\u00edslo modelu: 241M-10<\/span><br \/>\n<span title=\"\">Zem\u011b p\u016fvodu: USA<\/span><br \/>\n<span title=\"\">Nejlep\u0161\u00ed vyu\u017eit\u00ed: Taktick\u00e9<\/span><\/span><\/p>\n<p><strong>Microtech Cypher <\/strong>MK 7 is a production version of the A. Marfione\/D.C. Munroe collaboration. This out the front automatic knife is a substantial tool, yet insanely lightweight for its size. It&rsquo;s slender enough to keep on your person daily while the blade length will lend itself to an extended serious use. The Cypher MK 7 is one collaboration you won&rsquo;t want to miss out on. The Cypher MK 7 has lots of Monroe style including the milled cutout on the Wharncliffe style blade, handle milling and 3D machined titanium pocket clip.<\/p>\n<p>Brand new item directly from Microtech Knives, USA.<\/p>\n<p>The Blade: The long Wharncliffe blade combines powerful cutting performance with an elegant slender look. Premium M390 blade steel was chosen for its edge retention and corrosion resistant properties. The grinds have a fine stonewash finish that hides wear while the flats are a bright satin. It deploys via a dual action automatic mechanism for fast, smooth operation. Simply press the thumb slide up to open and then back down to close.<\/p>\n<p>The Handle: Milled, Gray anodized aluminum offers over 5 inches of handle, long enough for extra large or gloved hands. It has contoured milling with smooth edges for excellent hand and finger placement. It is built with <strong>Microtech&rsquo;s<\/strong> proprietary hardware, integrated titanium striker pommel with lanyard hole and media grey titanium pocket clip. The side of the handle includes the production date, individual serial number and logos.<\/p>\n","protected":false},"excerpt":{"rendered":"<p>V pr\u016fb\u011bhu let <strong>Microtech\u00ae Knives<\/strong> naplnil v\u00e1\u0161n\u00ed a dovednost\u00ed v\u00fdrobu no\u017e\u016f, a\u017e z nich vytvo\u0159il t\u00e9m\u011b\u0159 um\u011bleck\u00e1 d\u00edla,kter\u00e9 jsou vrcholem funk\u010dnosti. V\u0161echny d\u00edly jsou vyrodeny v USA.<br \/>\n<strong>Na v\u0161echny no\u017ee Microtech je do\u017eivotn\u00ed z\u00e1ruka.<\/strong><\/p>\n","protected":false},"featured_media":178358,"comment_status":"open","ping_status":"closed","template":"","meta":[],"pwb-brand":[431],"product_brand":[],"product_cat":[2019,17],"product_tag":[],"class_list":{"0":"post-162655","1":"product","2":"type-product","3":"status-publish","4":"has-post-thumbnail","6":"pwb-brand-microtech","7":"product_cat-vystrelovaci-noze","8":"product_cat-noze","10":"first","11":"outofstock","12":"taxable","13":"shipping-taxable","14":"purchasable","15":"product-type-simple"},"brands":[{"id":431,"name":"Microtech","slug":"microtech"}],"_links":{"self":[{"href":"https:\/\/www.moskito.cz\/fr\/wp-json\/wp\/v2\/product\/162655","targetHints":{"allow":["GET"]}}],"collection":[{"href":"https:\/\/www.moskito.cz\/fr\/wp-json\/wp\/v2\/product"}],"about":[{"href":"https:\/\/www.moskito.cz\/fr\/wp-json\/wp\/v2\/types\/product"}],"replies":[{"embeddable":true,"href":"https:\/\/www.moskito.cz\/fr\/wp-json\/wp\/v2\/comments?post=162655"}],"wp:featuredmedia":[{"embeddable":true,"href":"https:\/\/www.moskito.cz\/fr\/wp-json\/wp\/v2\/media\/178358"}],"wp:attachment":[{"href":"https:\/\/www.moskito.cz\/fr\/wp-json\/wp\/v2\/media?parent=162655"}],"wp:term":[{"taxonomy":"pwb-brand","embeddable":true,"href":"https:\/\/www.moskito.cz\/fr\/wp-json\/wp\/v2\/pwb-brand?post=162655"},{"taxonomy":"product_brand","embeddable":true,"href":"https:\/\/www.moskito.cz\/fr\/wp-json\/wp\/v2\/product_brand?post=162655"},{"taxonomy":"product_cat","embeddable":true,"href":"https:\/\/www.moskito.cz\/fr\/wp-json\/wp\/v2\/product_cat?post=162655"},{"taxonomy":"product_tag","embeddable":true,"href":"https:\/\/www.moskito.cz\/fr\/wp-json\/wp\/v2\/product_tag?post=162655"}],"curies":[{"name":"wp","href":"https:\/\/api.w.org\/{rel}","templated":true}]}}