{"id":162680,"date":"2019-02-08T11:31:06","date_gmt":"2019-02-08T10:31:06","guid":{"rendered":"https:\/\/www.moskito.cz\/?post_type=product&#038;p=162680"},"modified":"2025-07-11T07:48:09","modified_gmt":"2025-07-11T06:48:09","slug":"boker-plus-picador","status":"publish","type":"product","link":"https:\/\/www.moskito.cz\/fr\/produkt\/boker-plus-picador\/","title":{"rendered":"Zav\u00edrac\u00ed n\u016f\u017e Boker plus Picador 01BO260"},"content":{"rendered":"<p>Zav\u00edrac\u00ed n\u016f\u017e <strong>Boker<\/strong> plus Picador 01BO260.<\/p>\n<p>B\u00f6ker Solingen Manufaktur je pokra\u010dovatel n\u011bmeck\u00e9 tradice vyhl\u00e1\u0161en\u00fdch no\u017e\u016f od roku 1869. Tato pr\u00e9miov\u00e1 zna\u010dka ru\u010dn\u011b vyr\u00e1b\u00ed no\u017ee pro lovce, obranu, ka\u017edodenn\u00ed no\u0161en\u00ed, ale i vojensk\u00e9 speci\u00e1ly do nejt\u011b\u017e\u0161\u00edch podm\u00ednek.<\/p>\n<p>Celkov\u00e1 d\u00e9lka: 198 mm<br \/>\nD\u00e9lkaka \u010depele: 87 mm<br \/>\nHmotnost: 81 g<br \/>\nTlou\u0161tka \u010depele: 4 mm<br \/>\nZem\u011b p\u016fvodu: CN<br \/>\nMaterial \u010depele: 440C<br \/>\nMateri\u00e1l rukojet\u011b: G10<br \/>\nPojistka: Linerlock<\/p>\n","protected":false},"excerpt":{"rendered":"<p>Zav\u00edrac\u00ed n\u016f\u017e s pojistkou.<\/p>\n","protected":false},"featured_media":198645,"comment_status":"open","ping_status":"closed","template":"","meta":[],"pwb-brand":[140],"product_brand":[],"product_cat":[22,17],"product_tag":[3667],"class_list":{"0":"post-162680","1":"product","2":"type-product","3":"status-publish","4":"has-post-thumbnail","6":"pwb-brand-boker","7":"product_cat-zaviraci-noze","8":"product_cat-noze","9":"product_tag-b2b","11":"first","12":"instock","13":"taxable","14":"shipping-taxable","15":"purchasable","16":"product-type-simple"},"brands":[{"id":140,"name":"Boker","slug":"boker"}],"_links":{"self":[{"href":"https:\/\/www.moskito.cz\/fr\/wp-json\/wp\/v2\/product\/162680","targetHints":{"allow":["GET"]}}],"collection":[{"href":"https:\/\/www.moskito.cz\/fr\/wp-json\/wp\/v2\/product"}],"about":[{"href":"https:\/\/www.moskito.cz\/fr\/wp-json\/wp\/v2\/types\/product"}],"replies":[{"embeddable":true,"href":"https:\/\/www.moskito.cz\/fr\/wp-json\/wp\/v2\/comments?post=162680"}],"wp:featuredmedia":[{"embeddable":true,"href":"https:\/\/www.moskito.cz\/fr\/wp-json\/wp\/v2\/media\/198645"}],"wp:attachment":[{"href":"https:\/\/www.moskito.cz\/fr\/wp-json\/wp\/v2\/media?parent=162680"}],"wp:term":[{"taxonomy":"pwb-brand","embeddable":true,"href":"https:\/\/www.moskito.cz\/fr\/wp-json\/wp\/v2\/pwb-brand?post=162680"},{"taxonomy":"product_brand","embeddable":true,"href":"https:\/\/www.moskito.cz\/fr\/wp-json\/wp\/v2\/product_brand?post=162680"},{"taxonomy":"product_cat","embeddable":true,"href":"https:\/\/www.moskito.cz\/fr\/wp-json\/wp\/v2\/product_cat?post=162680"},{"taxonomy":"product_tag","embeddable":true,"href":"https:\/\/www.moskito.cz\/fr\/wp-json\/wp\/v2\/product_tag?post=162680"}],"curies":[{"name":"wp","href":"https:\/\/api.w.org\/{rel}","templated":true}]}}