{"id":162714,"date":"2019-02-09T13:33:38","date_gmt":"2019-02-09T12:33:38","guid":{"rendered":"https:\/\/www.moskito.cz\/?post_type=product&#038;p=162714"},"modified":"2026-01-30T14:14:40","modified_gmt":"2026-01-30T13:14:40","slug":"boker-scout-honeycomb-black","status":"publish","type":"product","link":"https:\/\/www.moskito.cz\/fr\/produkt\/boker-scout-honeycomb-black\/","title":{"rendered":"Zav\u00edrac\u00ed n\u016f\u017e B\u00f6ker Scout Honeycomb Black 112501"},"content":{"rendered":"<p>Zav\u00edrac\u00ed n\u016f\u017e <strong>B\u00f6ker<\/strong> Scout Honeycomb Black 112501.<\/p>\n<p>B\u00f6ker Solingen Manufaktur je pokra\u010dovatel n\u011bmeck\u00e9 tradice vyhl\u00e1\u0161en\u00fdch no\u017e\u016f od roku 1869. Tato pr\u00e9miov\u00e1 zna\u010dka ru\u010dn\u011b vyr\u00e1b\u00ed no\u017ee pro lovce, obranu, ka\u017edodenn\u00ed no\u0161en\u00ed, ale i vojensk\u00e9 speci\u00e1ly do nejt\u011b\u017e\u0161\u00edch podm\u00ednek.<\/p>\n<p>Celkov\u00e1 d\u00e9lka: 18.5 cm<br \/>\nD\u00e9lka \u010depele: 8 cm<br \/>\nTlou\u0161\u0165ka \u010depele: 3 mm<br \/>\nHmotnost: 265 g<br \/>\nMateri\u00e1l \u010depele: N690<br \/>\nMateri\u00e1l rukojeti: Honeycomb<\/p>\n","protected":false},"excerpt":{"rendered":"<p>Zav\u00edrac\u00ed n\u016f\u017e s pojistkou.<\/p>\n","protected":false},"featured_media":198630,"comment_status":"open","ping_status":"closed","template":"","meta":[],"pwb-brand":[140],"product_brand":[],"product_cat":[22,17],"product_tag":[3667],"class_list":{"0":"post-162714","1":"product","2":"type-product","3":"status-publish","4":"has-post-thumbnail","6":"pwb-brand-boker","7":"product_cat-zaviraci-noze","8":"product_cat-noze","9":"product_tag-b2b","11":"first","12":"outofstock","13":"taxable","14":"shipping-taxable","15":"purchasable","16":"product-type-simple"},"brands":[{"id":140,"name":"Boker","slug":"boker"}],"_links":{"self":[{"href":"https:\/\/www.moskito.cz\/fr\/wp-json\/wp\/v2\/product\/162714","targetHints":{"allow":["GET"]}}],"collection":[{"href":"https:\/\/www.moskito.cz\/fr\/wp-json\/wp\/v2\/product"}],"about":[{"href":"https:\/\/www.moskito.cz\/fr\/wp-json\/wp\/v2\/types\/product"}],"replies":[{"embeddable":true,"href":"https:\/\/www.moskito.cz\/fr\/wp-json\/wp\/v2\/comments?post=162714"}],"wp:featuredmedia":[{"embeddable":true,"href":"https:\/\/www.moskito.cz\/fr\/wp-json\/wp\/v2\/media\/198630"}],"wp:attachment":[{"href":"https:\/\/www.moskito.cz\/fr\/wp-json\/wp\/v2\/media?parent=162714"}],"wp:term":[{"taxonomy":"pwb-brand","embeddable":true,"href":"https:\/\/www.moskito.cz\/fr\/wp-json\/wp\/v2\/pwb-brand?post=162714"},{"taxonomy":"product_brand","embeddable":true,"href":"https:\/\/www.moskito.cz\/fr\/wp-json\/wp\/v2\/product_brand?post=162714"},{"taxonomy":"product_cat","embeddable":true,"href":"https:\/\/www.moskito.cz\/fr\/wp-json\/wp\/v2\/product_cat?post=162714"},{"taxonomy":"product_tag","embeddable":true,"href":"https:\/\/www.moskito.cz\/fr\/wp-json\/wp\/v2\/product_tag?post=162714"}],"curies":[{"name":"wp","href":"https:\/\/api.w.org\/{rel}","templated":true}]}}