{"id":162728,"date":"2019-02-09T14:26:45","date_gmt":"2019-02-09T13:26:45","guid":{"rendered":"https:\/\/www.moskito.cz\/?post_type=product&#038;p=162728"},"modified":"2025-07-11T07:48:14","modified_gmt":"2025-07-11T06:48:14","slug":"boker-tree-brand-damascus-orange-g-10-thorn-liner-lock-1199","status":"publish","type":"product","link":"https:\/\/www.moskito.cz\/fr\/produkt\/boker-tree-brand-damascus-orange-g-10-thorn-liner-lock-1199\/","title":{"rendered":"B\u00f6ker TREE BRAND Damascus"},"content":{"rendered":"<p>B\u00f6ker TREE BRAND <strong>Damascus<\/strong>.<\/p>\n<p><span class=\"tlid-translation translation\"><span class=\"\" title=\"\">Hmotnost 109 g<\/span><br \/>\n<span class=\"\" title=\"\">Rozm\u011bry parcely 23 x 9,6 x 2,8 cm<\/span><br \/>\n<span class=\"\" title=\"\">\u010c\u00edslo modelov\u00e9ho \u010d\u00edsla 1122011DAM<\/span><br \/>\n<span title=\"\">D\u00e9lka \u010depele je 6,67 centimetr\u016f<\/span><br \/>\n<span title=\"\">Materi\u00e1l \u010depele z nerezov\u00e9 oceli Damascus<\/span><br \/>\n<span title=\"\">Oran\u017eov\u00e1 barva<\/span><br \/>\n<span title=\"\">Stylov\u00fd z\u00e1mek Thorn Liner<\/span> 1\/199<br \/>\n<span title=\"\">Velikost balen\u00ed 9,53 cm<\/span><br \/>\n<span title=\"\">Slo\u017een\u00ed materi\u00e1lu oran\u017eov\u00e1 G-10<\/span><br \/>\n<span title=\"\">Hmotnost 111 gram\u016f<\/span><br \/>\n<span title=\"\">Materi\u00e1l oran\u017eov\u00fd G-10<\/span><br \/>\n<\/span><\/p>\n","protected":false},"excerpt":{"rendered":"<p>Zav\u00edrac\u00ed n\u016f\u017e s pojistkou.<\/p>\n","protected":false},"featured_media":190058,"comment_status":"open","ping_status":"closed","template":"","meta":[],"pwb-brand":[140],"product_brand":[],"product_cat":[25,17],"product_tag":[3667],"class_list":{"0":"post-162728","1":"product","2":"type-product","3":"status-publish","4":"has-post-thumbnail","6":"pwb-brand-boker","7":"product_cat-damascenske-noze","8":"product_cat-noze","9":"product_tag-b2b","11":"first","12":"instock","13":"taxable","14":"shipping-taxable","15":"purchasable","16":"product-type-simple"},"brands":[{"id":140,"name":"Boker","slug":"boker"}],"_links":{"self":[{"href":"https:\/\/www.moskito.cz\/fr\/wp-json\/wp\/v2\/product\/162728","targetHints":{"allow":["GET"]}}],"collection":[{"href":"https:\/\/www.moskito.cz\/fr\/wp-json\/wp\/v2\/product"}],"about":[{"href":"https:\/\/www.moskito.cz\/fr\/wp-json\/wp\/v2\/types\/product"}],"replies":[{"embeddable":true,"href":"https:\/\/www.moskito.cz\/fr\/wp-json\/wp\/v2\/comments?post=162728"}],"wp:featuredmedia":[{"embeddable":true,"href":"https:\/\/www.moskito.cz\/fr\/wp-json\/wp\/v2\/media\/190058"}],"wp:attachment":[{"href":"https:\/\/www.moskito.cz\/fr\/wp-json\/wp\/v2\/media?parent=162728"}],"wp:term":[{"taxonomy":"pwb-brand","embeddable":true,"href":"https:\/\/www.moskito.cz\/fr\/wp-json\/wp\/v2\/pwb-brand?post=162728"},{"taxonomy":"product_brand","embeddable":true,"href":"https:\/\/www.moskito.cz\/fr\/wp-json\/wp\/v2\/product_brand?post=162728"},{"taxonomy":"product_cat","embeddable":true,"href":"https:\/\/www.moskito.cz\/fr\/wp-json\/wp\/v2\/product_cat?post=162728"},{"taxonomy":"product_tag","embeddable":true,"href":"https:\/\/www.moskito.cz\/fr\/wp-json\/wp\/v2\/product_tag?post=162728"}],"curies":[{"name":"wp","href":"https:\/\/api.w.org\/{rel}","templated":true}]}}