{"id":162734,"date":"2019-02-09T15:11:22","date_gmt":"2019-02-09T14:11:22","guid":{"rendered":"https:\/\/www.moskito.cz\/?post_type=product&#038;p=162734"},"modified":"2025-07-11T07:48:14","modified_gmt":"2025-07-11T06:48:14","slug":"boker-plus-f3-titan","status":"publish","type":"product","link":"https:\/\/www.moskito.cz\/fr\/produkt\/boker-plus-f3-titan\/","title":{"rendered":"Zav\u00edrac\u00ed n\u016f\u017e B\u00f6ker Plus F3 Titan"},"content":{"rendered":"<p>Zav\u00edrac\u00ed n\u016f\u017e <strong>B\u00f6ker<\/strong> Plus F3 Titan .<\/p>\n<p>B\u00f6ker Plus p\u0159in\u00e1\u0161\u00ed vynikaj\u00edc\u00ed, inovativn\u00ed koncepty no\u017e\u016f pro ka\u017edou misi. No\u017ee jsou navr\u017eeny podle n\u011bmeck\u00e9ho in\u017een\u00fdrstv\u00ed ve spolupr\u00e1ci se sv\u011btozn\u00e1m\u00fdmi odborn\u00edky jako nap\u0159. Chad Los Banos, Jim Burke, Jim Wanger, Tod Begg, Jesper Voxnaes.<\/p>\n<p>Celkov\u00e1 d\u00e9lka: 20.4 cm<br \/>\nD\u00e9lka \u010depele: 8.5 cm<br \/>\nTlou\u0161\u0165ka \u010depele: 5 mm<br \/>\nHmotnost: 296 g<br \/>\nMateri\u00e1l \u010depele: CPM-S35VN<br \/>\nMateri\u00e1l rukojeti: Titan<\/p>\n","protected":false},"excerpt":{"rendered":"<p>Zav\u00edrac\u00ed n\u016f\u017e s pojistkou.<\/p>\n","protected":false},"featured_media":190193,"comment_status":"open","ping_status":"closed","template":"","meta":[],"pwb-brand":[140],"product_brand":[],"product_cat":[22,17],"product_tag":[3667],"class_list":{"0":"post-162734","1":"product","2":"type-product","3":"status-publish","4":"has-post-thumbnail","6":"pwb-brand-boker","7":"product_cat-zaviraci-noze","8":"product_cat-noze","9":"product_tag-b2b","11":"first","12":"instock","13":"taxable","14":"shipping-taxable","15":"purchasable","16":"product-type-simple"},"brands":[{"id":140,"name":"Boker","slug":"boker"}],"_links":{"self":[{"href":"https:\/\/www.moskito.cz\/fr\/wp-json\/wp\/v2\/product\/162734","targetHints":{"allow":["GET"]}}],"collection":[{"href":"https:\/\/www.moskito.cz\/fr\/wp-json\/wp\/v2\/product"}],"about":[{"href":"https:\/\/www.moskito.cz\/fr\/wp-json\/wp\/v2\/types\/product"}],"replies":[{"embeddable":true,"href":"https:\/\/www.moskito.cz\/fr\/wp-json\/wp\/v2\/comments?post=162734"}],"wp:featuredmedia":[{"embeddable":true,"href":"https:\/\/www.moskito.cz\/fr\/wp-json\/wp\/v2\/media\/190193"}],"wp:attachment":[{"href":"https:\/\/www.moskito.cz\/fr\/wp-json\/wp\/v2\/media?parent=162734"}],"wp:term":[{"taxonomy":"pwb-brand","embeddable":true,"href":"https:\/\/www.moskito.cz\/fr\/wp-json\/wp\/v2\/pwb-brand?post=162734"},{"taxonomy":"product_brand","embeddable":true,"href":"https:\/\/www.moskito.cz\/fr\/wp-json\/wp\/v2\/product_brand?post=162734"},{"taxonomy":"product_cat","embeddable":true,"href":"https:\/\/www.moskito.cz\/fr\/wp-json\/wp\/v2\/product_cat?post=162734"},{"taxonomy":"product_tag","embeddable":true,"href":"https:\/\/www.moskito.cz\/fr\/wp-json\/wp\/v2\/product_tag?post=162734"}],"curies":[{"name":"wp","href":"https:\/\/api.w.org\/{rel}","templated":true}]}}