{"id":163239,"date":"2019-03-25T19:28:57","date_gmt":"2019-03-25T18:28:57","guid":{"rendered":"https:\/\/www.moskito.cz\/?post_type=product&#038;p=163239"},"modified":"2025-07-11T07:48:23","modified_gmt":"2025-07-11T06:48:23","slug":"ka-bar-zombie-knives-famine-tanto-ka5700","status":"publish","type":"product","link":"https:\/\/www.moskito.cz\/fr\/produkt\/ka-bar-zombie-knives-famine-tanto-ka5700\/","title":{"rendered":"Ka-Bar Zombie Knives Famine Tanto KA5700"},"content":{"rendered":"<p>Ka-Bar Zombie Knives Famine Tanto KA5700.<\/p>\n<p>Celkov\u00e1 d\u00e9lka: 33,3 cm<\/p>\n<p>D\u00e9lka \u010depele: 19,4 cm<\/p>\n<p>Materi\u00e1l \u010depele: Nerezov\u00e1 ocel 1095<\/p>\n<p>Tlou\u0161\u0165ka \u010depele: 5,2 mm<\/p>\n<p>Hmotnost: 431 g<\/p>\n<p>Tvrdost \u010depele: 52-54 HRC<\/p>\n<p>Materi\u00e1l rukojeti: Kompozit GFN-PA66<\/p>\n<p>Pouzdro: Nylonov\u00e9<\/p>\n","protected":false},"excerpt":{"rendered":"<p>Pevn\u00fd n\u016f\u017e s pouzdrem.<\/p>\n","protected":false},"featured_media":163243,"comment_status":"open","ping_status":"closed","template":"","meta":[],"pwb-brand":[362],"product_brand":[],"product_cat":[23,17],"product_tag":[],"class_list":{"0":"post-163239","1":"product","2":"type-product","3":"status-publish","4":"has-post-thumbnail","6":"pwb-brand-ka-bar","7":"product_cat-pevne-noze","8":"product_cat-noze","10":"first","11":"outofstock","12":"taxable","13":"shipping-taxable","14":"purchasable","15":"product-type-simple"},"brands":[{"id":362,"name":"Ka-Bar","slug":"ka-bar"}],"_links":{"self":[{"href":"https:\/\/www.moskito.cz\/fr\/wp-json\/wp\/v2\/product\/163239","targetHints":{"allow":["GET"]}}],"collection":[{"href":"https:\/\/www.moskito.cz\/fr\/wp-json\/wp\/v2\/product"}],"about":[{"href":"https:\/\/www.moskito.cz\/fr\/wp-json\/wp\/v2\/types\/product"}],"replies":[{"embeddable":true,"href":"https:\/\/www.moskito.cz\/fr\/wp-json\/wp\/v2\/comments?post=163239"}],"wp:featuredmedia":[{"embeddable":true,"href":"https:\/\/www.moskito.cz\/fr\/wp-json\/wp\/v2\/media\/163243"}],"wp:attachment":[{"href":"https:\/\/www.moskito.cz\/fr\/wp-json\/wp\/v2\/media?parent=163239"}],"wp:term":[{"taxonomy":"pwb-brand","embeddable":true,"href":"https:\/\/www.moskito.cz\/fr\/wp-json\/wp\/v2\/pwb-brand?post=163239"},{"taxonomy":"product_brand","embeddable":true,"href":"https:\/\/www.moskito.cz\/fr\/wp-json\/wp\/v2\/product_brand?post=163239"},{"taxonomy":"product_cat","embeddable":true,"href":"https:\/\/www.moskito.cz\/fr\/wp-json\/wp\/v2\/product_cat?post=163239"},{"taxonomy":"product_tag","embeddable":true,"href":"https:\/\/www.moskito.cz\/fr\/wp-json\/wp\/v2\/product_tag?post=163239"}],"curies":[{"name":"wp","href":"https:\/\/api.w.org\/{rel}","templated":true}]}}