{"id":163673,"date":"2019-04-21T16:54:16","date_gmt":"2019-04-21T15:54:16","guid":{"rendered":"https:\/\/www.moskito.cz\/?post_type=product&#038;p=163673"},"modified":"2025-07-11T07:48:48","modified_gmt":"2025-07-11T06:48:48","slug":"miguel-nieto-pevny-nuz-hercules-11051","status":"publish","type":"product","link":"https:\/\/www.moskito.cz\/fr\/produkt\/miguel-nieto-pevny-nuz-hercules-11051\/","title":{"rendered":"Miguel Nieto Pevn\u00fd n\u016f\u017e HERCULES 11051"},"content":{"rendered":"<p>Miguel Nieto Pevn\u00fd n\u016f\u017e HERCULES 11051.<\/p>\n<p><span title=\"La base fundamental de esta nueva etapa es conseguir una calidad fiable, mezclando los avances tecnol\u00f3gicos con las tradiciones artesanales. \"><span title=\"\">\u010cepel: Ocel<\/span><span class=\"\" title=\"\"> AN-58<\/span><br \/>\n<span title=\"\">Rukoje\u0165 : <\/span><span class=\"\" title=\"\">Jelen\u00ed paroh<\/span><br \/>\n<span title=\"\"><span class=\"\" title=\"\">D\u00e9lka \u010depele: <\/span> <\/span><span class=\"tlid-translation translation\" lang=\"cs\"><span class=\"\" title=\"\">23,5 cm<\/span><\/span><br \/>\n<span title=\"\">Velikost: <\/span><span class=\"tlid-translation translation\" lang=\"cs\"><span class=\"\" title=\"\">35,5 cm<\/span><\/span><\/span><\/p>\n<p><span title=\"La base fundamental de esta nueva etapa es conseguir una calidad fiable, mezclando los avances tecnol\u00f3gicos con las tradiciones artesanales. \"><span class=\"tlid-translation translation\" lang=\"cs\"><span class=\"\" title=\"\">Hmotnost 375 gr<\/span><\/span><br \/>\n<span title=\"\"><span class=\"\" title=\"\">Pouzdro: Kvalitn\u00ed hn\u011bd\u00e9 ko\u017een\u00e9 pouzdro <\/span><br \/>\n<\/span>Z\u00e1kladem Spole\u010dnosti Miguel Nieto je dosa\u017een\u00ed spolehliv\u00e9 kvality, kter\u00e1 spojuje technologick\u00fd pokrok s tradicemi.<\/span><\/p>\n<p><span title=\"Actualmente nuestra empresa sigue trabajando para conseguir un producto 100% fabricado en Espa\u00f1a, asequible y de una m\u00e1xima calidad.\">V sou\u010dasn\u00e9 dob\u011b\u00a0 spole\u010dnost Miguel Nieto st\u00e1le pracuje na z\u00edsk\u00e1n\u00ed produktu 100% vyroben\u00e9ho ve \u0160pan\u011blsku, cenov\u011b dostupn\u00e9ho a t\u00e9 nejvy\u0161\u0161\u00ed kvality.<\/span><\/p>\n","protected":false},"excerpt":{"rendered":"<p>Pevn\u00fd n\u016f\u017e s pouzdrem.<\/p>\n","protected":false},"featured_media":163674,"comment_status":"open","ping_status":"closed","template":"","meta":[],"pwb-brand":[469],"product_brand":[],"product_cat":[23,17],"product_tag":[],"class_list":{"0":"post-163673","1":"product","2":"type-product","3":"status-publish","4":"has-post-thumbnail","6":"pwb-brand-nieto","7":"product_cat-pevne-noze","8":"product_cat-noze","10":"first","11":"instock","12":"taxable","13":"shipping-taxable","14":"purchasable","15":"product-type-simple"},"brands":[{"id":469,"name":"Nieto","slug":"nieto"}],"_links":{"self":[{"href":"https:\/\/www.moskito.cz\/fr\/wp-json\/wp\/v2\/product\/163673","targetHints":{"allow":["GET"]}}],"collection":[{"href":"https:\/\/www.moskito.cz\/fr\/wp-json\/wp\/v2\/product"}],"about":[{"href":"https:\/\/www.moskito.cz\/fr\/wp-json\/wp\/v2\/types\/product"}],"replies":[{"embeddable":true,"href":"https:\/\/www.moskito.cz\/fr\/wp-json\/wp\/v2\/comments?post=163673"}],"wp:featuredmedia":[{"embeddable":true,"href":"https:\/\/www.moskito.cz\/fr\/wp-json\/wp\/v2\/media\/163674"}],"wp:attachment":[{"href":"https:\/\/www.moskito.cz\/fr\/wp-json\/wp\/v2\/media?parent=163673"}],"wp:term":[{"taxonomy":"pwb-brand","embeddable":true,"href":"https:\/\/www.moskito.cz\/fr\/wp-json\/wp\/v2\/pwb-brand?post=163673"},{"taxonomy":"product_brand","embeddable":true,"href":"https:\/\/www.moskito.cz\/fr\/wp-json\/wp\/v2\/product_brand?post=163673"},{"taxonomy":"product_cat","embeddable":true,"href":"https:\/\/www.moskito.cz\/fr\/wp-json\/wp\/v2\/product_cat?post=163673"},{"taxonomy":"product_tag","embeddable":true,"href":"https:\/\/www.moskito.cz\/fr\/wp-json\/wp\/v2\/product_tag?post=163673"}],"curies":[{"name":"wp","href":"https:\/\/api.w.org\/{rel}","templated":true}]}}