{"id":163846,"date":"2019-05-04T14:18:35","date_gmt":"2019-05-04T13:18:35","guid":{"rendered":"https:\/\/www.moskito.cz\/?post_type=product&#038;p=163846"},"modified":"2025-07-11T07:48:52","modified_gmt":"2025-07-11T06:48:52","slug":"conan-father-sword-marto-60115","status":"publish","type":"product","link":"https:\/\/www.moskito.cz\/fr\/produkt\/conan-father-sword-marto-60115\/","title":{"rendered":"Conan Father Sword Marto 60115"},"content":{"rendered":"<p>Conan Father Sword Marto 60115.<\/p>\n<p><span class=\"tlid-translation translation\" lang=\"cs\"><span class=\"\" title=\"\">Tento me\u010d je v\u011brn\u011b reprodukov\u00e1n mistrovsk\u00fdmi \u0159emesln\u00edky Windlass Steelcrafts\u00ae jako p\u0159esn\u00e1 replika me\u010de pou\u017eit\u00e9ho na obrazovce.<\/span> <span class=\"\" title=\"\">Je to opravdu mistrovsk\u00e1 reprodukce jak ve slo\u017eit\u00fdch detailech.<\/span><\/span><\/p>\n<p><span class=\"\" title=\"\">Dod\u00e1v\u00e1 se s certifik\u00e1tem o pravosti.<\/span><\/p>\n<p><span class=\"\" title=\"\">Celkov\u00e1 d\u00e9lka: 98 cm<\/span><br \/>\n<span class=\"\" title=\"\">D\u00e9lka \u010depele: 73 cm<\/span><br \/>\n<span title=\"\">Hmotnost: 2,750 g<\/span><\/p>\n","protected":false},"excerpt":{"rendered":"<p>Conan Me\u010d.<\/p>\n","protected":false},"featured_media":163847,"comment_status":"open","ping_status":"closed","template":"","meta":[],"pwb-brand":[454],"product_brand":[],"product_cat":[24,1942],"product_tag":[],"class_list":{"0":"post-163846","1":"product","2":"type-product","3":"status-publish","4":"has-post-thumbnail","6":"pwb-brand-marto","7":"product_cat-katany-a-mece","8":"product_cat-mece-dyky-repliky","10":"first","11":"onbackorder","12":"taxable","13":"shipping-taxable","14":"purchasable","15":"product-type-simple"},"brands":[{"id":454,"name":"Marto","slug":"marto"}],"_links":{"self":[{"href":"https:\/\/www.moskito.cz\/fr\/wp-json\/wp\/v2\/product\/163846","targetHints":{"allow":["GET"]}}],"collection":[{"href":"https:\/\/www.moskito.cz\/fr\/wp-json\/wp\/v2\/product"}],"about":[{"href":"https:\/\/www.moskito.cz\/fr\/wp-json\/wp\/v2\/types\/product"}],"replies":[{"embeddable":true,"href":"https:\/\/www.moskito.cz\/fr\/wp-json\/wp\/v2\/comments?post=163846"}],"wp:featuredmedia":[{"embeddable":true,"href":"https:\/\/www.moskito.cz\/fr\/wp-json\/wp\/v2\/media\/163847"}],"wp:attachment":[{"href":"https:\/\/www.moskito.cz\/fr\/wp-json\/wp\/v2\/media?parent=163846"}],"wp:term":[{"taxonomy":"pwb-brand","embeddable":true,"href":"https:\/\/www.moskito.cz\/fr\/wp-json\/wp\/v2\/pwb-brand?post=163846"},{"taxonomy":"product_brand","embeddable":true,"href":"https:\/\/www.moskito.cz\/fr\/wp-json\/wp\/v2\/product_brand?post=163846"},{"taxonomy":"product_cat","embeddable":true,"href":"https:\/\/www.moskito.cz\/fr\/wp-json\/wp\/v2\/product_cat?post=163846"},{"taxonomy":"product_tag","embeddable":true,"href":"https:\/\/www.moskito.cz\/fr\/wp-json\/wp\/v2\/product_tag?post=163846"}],"curies":[{"name":"wp","href":"https:\/\/api.w.org\/{rel}","templated":true}]}}