{"id":163850,"date":"2019-05-04T15:21:39","date_gmt":"2019-05-04T14:21:39","guid":{"rendered":"https:\/\/www.moskito.cz\/?post_type=product&#038;p=163850"},"modified":"2025-07-11T07:48:53","modified_gmt":"2025-07-11T06:48:53","slug":"templarsky-stit-marto-965-2","status":"publish","type":"product","link":"https:\/\/www.moskito.cz\/fr\/produkt\/templarsky-stit-marto-965-2\/","title":{"rendered":"Templ\u00e1\u0159sk\u00fd \u0161t\u00edt Marto 965.2"},"content":{"rendered":"<p>Templ\u00e1\u0159sk\u00fd \u0161t\u00edt Marto 965.2.<\/p>\n<p><span class=\"tlid-translation translation\" lang=\"cs\"><span class=\"\" title=\"\">Kovov\u00fd \u0161t\u00edt kolekce \u00ab\u00a0Historick\u00e9 \u0161t\u00edty\u00a0\u00bb,<\/span><\/span><\/p>\n<p><span title=\"\">Velikost: 89&#215;44 cm<\/span><br \/>\n<span class=\"\" title=\"\">\u0160t\u00edt z mosazi s designem k\u0159\u00ed\u017ee \u0159\u00e1du chr\u00e1mu.<\/span><br \/>\n<span title=\"\">Zdoben\u00e9 ve v\u0161ech jej\u00edch obrysech s mosazn\u00fdmi ornamenty.<\/span><\/p>\n<p><span title=\"\">Vynikaj\u00edc\u00ed \u0161t\u00edt exkluzivn\u00ed kolekce \u00ab\u00a0Historick\u00e9 \u0161t\u00edty\u00a0\u00bb vyr\u00e1b\u011bn\u00e9 Marto.<\/span><\/p>\n<p><span title=\"\">Osv\u011bd\u010den\u00ed o jakosti a p\u016fvodu.<\/span> <span title=\"\">Vyrobeno v Toledu.<\/span><\/p>\n","protected":false},"excerpt":{"rendered":"<p>Templ\u00e1\u0159sk\u00fd \u0161t\u00edt.<\/p>\n","protected":false},"featured_media":163851,"comment_status":"open","ping_status":"closed","template":"","meta":[],"pwb-brand":[454],"product_brand":[],"product_cat":[24,1942],"product_tag":[],"class_list":{"0":"post-163850","1":"product","2":"type-product","3":"status-publish","4":"has-post-thumbnail","6":"pwb-brand-marto","7":"product_cat-katany-a-mece","8":"product_cat-mece-dyky-repliky","10":"first","11":"instock","12":"taxable","13":"shipping-taxable","14":"purchasable","15":"product-type-simple"},"brands":[{"id":454,"name":"Marto","slug":"marto"}],"_links":{"self":[{"href":"https:\/\/www.moskito.cz\/fr\/wp-json\/wp\/v2\/product\/163850","targetHints":{"allow":["GET"]}}],"collection":[{"href":"https:\/\/www.moskito.cz\/fr\/wp-json\/wp\/v2\/product"}],"about":[{"href":"https:\/\/www.moskito.cz\/fr\/wp-json\/wp\/v2\/types\/product"}],"replies":[{"embeddable":true,"href":"https:\/\/www.moskito.cz\/fr\/wp-json\/wp\/v2\/comments?post=163850"}],"wp:featuredmedia":[{"embeddable":true,"href":"https:\/\/www.moskito.cz\/fr\/wp-json\/wp\/v2\/media\/163851"}],"wp:attachment":[{"href":"https:\/\/www.moskito.cz\/fr\/wp-json\/wp\/v2\/media?parent=163850"}],"wp:term":[{"taxonomy":"pwb-brand","embeddable":true,"href":"https:\/\/www.moskito.cz\/fr\/wp-json\/wp\/v2\/pwb-brand?post=163850"},{"taxonomy":"product_brand","embeddable":true,"href":"https:\/\/www.moskito.cz\/fr\/wp-json\/wp\/v2\/product_brand?post=163850"},{"taxonomy":"product_cat","embeddable":true,"href":"https:\/\/www.moskito.cz\/fr\/wp-json\/wp\/v2\/product_cat?post=163850"},{"taxonomy":"product_tag","embeddable":true,"href":"https:\/\/www.moskito.cz\/fr\/wp-json\/wp\/v2\/product_tag?post=163850"}],"curies":[{"name":"wp","href":"https:\/\/api.w.org\/{rel}","templated":true}]}}