{"id":163864,"date":"2019-05-04T18:09:15","date_gmt":"2019-05-04T17:09:15","guid":{"rendered":"https:\/\/www.moskito.cz\/?post_type=product&#038;p=163864"},"modified":"2025-07-11T07:48:53","modified_gmt":"2025-07-11T06:48:53","slug":"legacy-ii-fighter-hibben-gh5039","status":"publish","type":"product","link":"https:\/\/www.moskito.cz\/fr\/produkt\/legacy-ii-fighter-hibben-gh5039\/","title":{"rendered":"Legacy II Fighter Hibben GH5039"},"content":{"rendered":"<p>Legacy II Fighter Hibben GH5039.<\/p>\n<p>Celkov\u00e1 d\u00e9lka: 34 cm<br \/>\nD\u00e9lka \u010depele: 20 cm<br \/>\nOcel: 7Cr17MoV nerez<br \/>\nRukoje\u0165: pakkawood<br \/>\nPouzdro: \u010dern\u00e9 ko\u017een\u00e9<\/p>\n<p><span class=\"tlid-translation translation\" lang=\"cs\"><span title=\"\">Gil a Wesley Hibben se op\u011bt spojili, aby navrhli nejnov\u011bj\u0161\u00ed mistrovsk\u00e9 d\u00edlo, kter\u00e9 by neslo jm\u00e9no Hibben.<\/span> <span title=\"\">Tento spole\u010dn\u00fd Legacy II Hibben Fighter p\u0159in\u00e1\u0161\u00ed v\u00edce ne\u017e 75 let zku\u0161enost\u00ed s kombinac\u00ed no\u017e\u016f a vytv\u00e1\u0159\u00ed inovativn\u00ed vizi a pokra\u010duje v py\u0161n\u00e9m odkazu Hibben.<\/span>\u00a0<\/span><\/p>\n","protected":false},"excerpt":{"rendered":"<p>Pevn\u00fd n\u016f\u017e s pouzdrem.<\/p>\n","protected":false},"featured_media":163865,"comment_status":"open","ping_status":"closed","template":"","meta":[],"pwb-brand":[304],"product_brand":[],"product_cat":[23,17],"product_tag":[],"class_list":{"0":"post-163864","1":"product","2":"type-product","3":"status-publish","4":"has-post-thumbnail","6":"pwb-brand-hibben","7":"product_cat-pevne-noze","8":"product_cat-noze","10":"first","11":"outofstock","12":"taxable","13":"shipping-taxable","14":"purchasable","15":"product-type-simple"},"brands":[{"id":304,"name":"Hibben","slug":"hibben"}],"_links":{"self":[{"href":"https:\/\/www.moskito.cz\/fr\/wp-json\/wp\/v2\/product\/163864","targetHints":{"allow":["GET"]}}],"collection":[{"href":"https:\/\/www.moskito.cz\/fr\/wp-json\/wp\/v2\/product"}],"about":[{"href":"https:\/\/www.moskito.cz\/fr\/wp-json\/wp\/v2\/types\/product"}],"replies":[{"embeddable":true,"href":"https:\/\/www.moskito.cz\/fr\/wp-json\/wp\/v2\/comments?post=163864"}],"wp:featuredmedia":[{"embeddable":true,"href":"https:\/\/www.moskito.cz\/fr\/wp-json\/wp\/v2\/media\/163865"}],"wp:attachment":[{"href":"https:\/\/www.moskito.cz\/fr\/wp-json\/wp\/v2\/media?parent=163864"}],"wp:term":[{"taxonomy":"pwb-brand","embeddable":true,"href":"https:\/\/www.moskito.cz\/fr\/wp-json\/wp\/v2\/pwb-brand?post=163864"},{"taxonomy":"product_brand","embeddable":true,"href":"https:\/\/www.moskito.cz\/fr\/wp-json\/wp\/v2\/product_brand?post=163864"},{"taxonomy":"product_cat","embeddable":true,"href":"https:\/\/www.moskito.cz\/fr\/wp-json\/wp\/v2\/product_cat?post=163864"},{"taxonomy":"product_tag","embeddable":true,"href":"https:\/\/www.moskito.cz\/fr\/wp-json\/wp\/v2\/product_tag?post=163864"}],"curies":[{"name":"wp","href":"https:\/\/api.w.org\/{rel}","templated":true}]}}