{"id":163874,"date":"2019-05-04T18:43:03","date_gmt":"2019-05-04T17:43:03","guid":{"rendered":"https:\/\/www.moskito.cz\/?post_type=product&#038;p=163874"},"modified":"2025-07-11T07:48:54","modified_gmt":"2025-07-11T06:48:54","slug":"ocean-master-fixed-blade-knife-new-dive-knife-qt500-saw-a","status":"publish","type":"product","link":"https:\/\/www.moskito.cz\/fr\/produkt\/ocean-master-fixed-blade-knife-new-dive-knife-qt500-saw-a\/","title":{"rendered":"Pot\u00e1p\u011b\u010dsk\u00fd n\u016f\u017e  Ocean Master  QT500 SAW-A"},"content":{"rendered":"<p>Pot\u00e1p\u011b\u010dsk\u00fd n\u016f\u017e Ocean Master QT500 SAW-A.<\/p>\n<p><span class=\"tlid-translation translation\" lang=\"cs\"><span class=\"\" title=\"\">Nov\u00fd oce\u00e1nsk\u00fd mistr Beta Titanium.<\/span><\/span><\/p>\n<p>Celokv\u00e1 d\u00e9lka no\u017ee: 25 cm<\/p>\n<p>D\u00e9lka \u010depele: 12.5 cm<\/p>\n<p>Plastov\u00e9 pouzdro s popruhy<\/p>\n<p>&nbsp;<\/p>\n<p>&nbsp;<\/p>\n<p>&nbsp;<\/p>\n","protected":false},"excerpt":{"rendered":"<p>Pot\u00e1p\u011b\u010dsk\u00fd n\u016f\u017e s pouzdrem.<\/p>\n","protected":false},"featured_media":163875,"comment_status":"open","ping_status":"closed","template":"","meta":[],"pwb-brand":[487],"product_brand":[],"product_cat":[23,17],"product_tag":[],"class_list":{"0":"post-163874","1":"product","2":"type-product","3":"status-publish","4":"has-post-thumbnail","6":"pwb-brand-ocean-master","7":"product_cat-pevne-noze","8":"product_cat-noze","10":"first","11":"instock","12":"taxable","13":"shipping-taxable","14":"purchasable","15":"product-type-simple"},"brands":[{"id":487,"name":"Ocean Master","slug":"ocean-master"}],"_links":{"self":[{"href":"https:\/\/www.moskito.cz\/fr\/wp-json\/wp\/v2\/product\/163874","targetHints":{"allow":["GET"]}}],"collection":[{"href":"https:\/\/www.moskito.cz\/fr\/wp-json\/wp\/v2\/product"}],"about":[{"href":"https:\/\/www.moskito.cz\/fr\/wp-json\/wp\/v2\/types\/product"}],"replies":[{"embeddable":true,"href":"https:\/\/www.moskito.cz\/fr\/wp-json\/wp\/v2\/comments?post=163874"}],"wp:featuredmedia":[{"embeddable":true,"href":"https:\/\/www.moskito.cz\/fr\/wp-json\/wp\/v2\/media\/163875"}],"wp:attachment":[{"href":"https:\/\/www.moskito.cz\/fr\/wp-json\/wp\/v2\/media?parent=163874"}],"wp:term":[{"taxonomy":"pwb-brand","embeddable":true,"href":"https:\/\/www.moskito.cz\/fr\/wp-json\/wp\/v2\/pwb-brand?post=163874"},{"taxonomy":"product_brand","embeddable":true,"href":"https:\/\/www.moskito.cz\/fr\/wp-json\/wp\/v2\/product_brand?post=163874"},{"taxonomy":"product_cat","embeddable":true,"href":"https:\/\/www.moskito.cz\/fr\/wp-json\/wp\/v2\/product_cat?post=163874"},{"taxonomy":"product_tag","embeddable":true,"href":"https:\/\/www.moskito.cz\/fr\/wp-json\/wp\/v2\/product_tag?post=163874"}],"curies":[{"name":"wp","href":"https:\/\/api.w.org\/{rel}","templated":true}]}}