{"id":164155,"date":"2019-05-17T16:58:21","date_gmt":"2019-05-17T15:58:21","guid":{"rendered":"https:\/\/www.moskito.cz\/?post_type=product&#038;p=164155"},"modified":"2025-07-11T07:48:58","modified_gmt":"2025-07-11T06:48:58","slug":"lansky-brusny-olej-nathans-honing-oil","status":"publish","type":"product","link":"https:\/\/www.moskito.cz\/fr\/produkt\/lansky-brusny-olej-nathans-honing-oil\/","title":{"rendered":"Brusn\u00fd olej Lansky Nathan&rsquo;s Honing Oil LS03200"},"content":{"rendered":"<p>Brusn\u00fd olej Lansky Nathan&rsquo;s Honing Oil LS03200.<\/p>\n<p>Olej na brou\u0161en\u00ed a \u010di\u0161t\u011bn\u00ed k sad\u011b Lansky Honing Oil 120ml &#8211; Slou\u017e\u00ed pro brou\u0161en\u00ed i \u010di\u0161t\u011bn\u00ed brousk\u016f v sad\u011b Lansky<\/p>\n","protected":false},"excerpt":{"rendered":"<p>Lansky Brusn\u00fd olej.<\/p>\n","protected":false},"featured_media":164156,"comment_status":"open","ping_status":"closed","template":"","meta":[],"pwb-brand":[409],"product_brand":[],"product_cat":[26,17],"product_tag":[],"class_list":{"0":"post-164155","1":"product","2":"type-product","3":"status-publish","4":"has-post-thumbnail","6":"pwb-brand-lansky","7":"product_cat-brousky-a-ocilky","8":"product_cat-noze","10":"first","11":"outofstock","12":"taxable","13":"shipping-taxable","14":"purchasable","15":"product-type-simple"},"brands":[{"id":409,"name":"Lansky","slug":"lansky"}],"_links":{"self":[{"href":"https:\/\/www.moskito.cz\/fr\/wp-json\/wp\/v2\/product\/164155","targetHints":{"allow":["GET"]}}],"collection":[{"href":"https:\/\/www.moskito.cz\/fr\/wp-json\/wp\/v2\/product"}],"about":[{"href":"https:\/\/www.moskito.cz\/fr\/wp-json\/wp\/v2\/types\/product"}],"replies":[{"embeddable":true,"href":"https:\/\/www.moskito.cz\/fr\/wp-json\/wp\/v2\/comments?post=164155"}],"wp:featuredmedia":[{"embeddable":true,"href":"https:\/\/www.moskito.cz\/fr\/wp-json\/wp\/v2\/media\/164156"}],"wp:attachment":[{"href":"https:\/\/www.moskito.cz\/fr\/wp-json\/wp\/v2\/media?parent=164155"}],"wp:term":[{"taxonomy":"pwb-brand","embeddable":true,"href":"https:\/\/www.moskito.cz\/fr\/wp-json\/wp\/v2\/pwb-brand?post=164155"},{"taxonomy":"product_brand","embeddable":true,"href":"https:\/\/www.moskito.cz\/fr\/wp-json\/wp\/v2\/product_brand?post=164155"},{"taxonomy":"product_cat","embeddable":true,"href":"https:\/\/www.moskito.cz\/fr\/wp-json\/wp\/v2\/product_cat?post=164155"},{"taxonomy":"product_tag","embeddable":true,"href":"https:\/\/www.moskito.cz\/fr\/wp-json\/wp\/v2\/product_tag?post=164155"}],"curies":[{"name":"wp","href":"https:\/\/api.w.org\/{rel}","templated":true}]}}