{"id":164179,"date":"2019-05-17T18:58:51","date_gmt":"2019-05-17T17:58:51","guid":{"rendered":"https:\/\/www.moskito.cz\/?post_type=product&#038;p=164179"},"modified":"2025-07-11T07:48:58","modified_gmt":"2025-07-11T06:48:58","slug":"lansky-brousek-jemny-skladaci-jehla","status":"publish","type":"product","link":"https:\/\/www.moskito.cz\/fr\/produkt\/lansky-brousek-jemny-skladaci-jehla\/","title":{"rendered":"Lansky Brousek jemn\u00fd skl\u00e1dac\u00ed jehla"},"content":{"rendered":"<p>Lansky Brousek jemn\u00fd skl\u00e1dac\u00ed jehla.<\/p>\n<p>Jemn\u00fd (fine) diamantov\u00fd brousek (600 zrnitost)<\/p>\n<p>Nen\u00ed vhodn\u00e9 pou\u017e\u00edvat olej &#8211; pou\u017e\u00edt vodu.<\/p>\n<p>Vyrobeno Buffalo,NY<\/p>\n","protected":false},"excerpt":{"rendered":"<p><strong>Lansky<\/strong> Brousek jemn\u00fd skl\u00e1dac\u00ed jehla<\/p>\n","protected":false},"featured_media":176062,"comment_status":"open","ping_status":"closed","template":"","meta":[],"pwb-brand":[409],"product_brand":[],"product_cat":[26,17],"product_tag":[],"class_list":{"0":"post-164179","1":"product","2":"type-product","3":"status-publish","4":"has-post-thumbnail","6":"pwb-brand-lansky","7":"product_cat-brousky-a-ocilky","8":"product_cat-noze","10":"first","11":"instock","12":"taxable","13":"shipping-taxable","14":"purchasable","15":"product-type-simple"},"brands":[{"id":409,"name":"Lansky","slug":"lansky"}],"_links":{"self":[{"href":"https:\/\/www.moskito.cz\/fr\/wp-json\/wp\/v2\/product\/164179","targetHints":{"allow":["GET"]}}],"collection":[{"href":"https:\/\/www.moskito.cz\/fr\/wp-json\/wp\/v2\/product"}],"about":[{"href":"https:\/\/www.moskito.cz\/fr\/wp-json\/wp\/v2\/types\/product"}],"replies":[{"embeddable":true,"href":"https:\/\/www.moskito.cz\/fr\/wp-json\/wp\/v2\/comments?post=164179"}],"wp:featuredmedia":[{"embeddable":true,"href":"https:\/\/www.moskito.cz\/fr\/wp-json\/wp\/v2\/media\/176062"}],"wp:attachment":[{"href":"https:\/\/www.moskito.cz\/fr\/wp-json\/wp\/v2\/media?parent=164179"}],"wp:term":[{"taxonomy":"pwb-brand","embeddable":true,"href":"https:\/\/www.moskito.cz\/fr\/wp-json\/wp\/v2\/pwb-brand?post=164179"},{"taxonomy":"product_brand","embeddable":true,"href":"https:\/\/www.moskito.cz\/fr\/wp-json\/wp\/v2\/product_brand?post=164179"},{"taxonomy":"product_cat","embeddable":true,"href":"https:\/\/www.moskito.cz\/fr\/wp-json\/wp\/v2\/product_cat?post=164179"},{"taxonomy":"product_tag","embeddable":true,"href":"https:\/\/www.moskito.cz\/fr\/wp-json\/wp\/v2\/product_tag?post=164179"}],"curies":[{"name":"wp","href":"https:\/\/api.w.org\/{rel}","templated":true}]}}