{"id":164333,"date":"2019-06-01T14:29:13","date_gmt":"2019-06-01T13:29:13","guid":{"rendered":"https:\/\/www.moskito.cz\/?post_type=product&#038;p=164333"},"modified":"2025-07-11T07:49:02","modified_gmt":"2025-07-11T06:49:02","slug":"teleskopicky-obusek-21-chrom-kaleny","status":"publish","type":"product","link":"https:\/\/www.moskito.cz\/fr\/produkt\/teleskopicky-obusek-21-chrom-kaleny\/","title":{"rendered":"Teleskopick\u00fd obu\u0161ek 21&Prime; Chrom kalen\u00fd"},"content":{"rendered":"<p><strong>Teleskopick\u00fd obu\u0161ek<\/strong> 21&Prime; Chrom kalen\u00fd.<\/p>\n<p>Kvalitn\u00ed kalen\u00fd teleskopick\u00fd obu\u0161ek ESP s gumovou rukojet\u00ed. Obu\u0161ek je vyroben z kvalitn\u00edho kalen\u00e9ho materi\u00e1ly, kter\u00fd se neohne. Je dod\u00e1v\u00e1n s nylonov\u00fdm pouzdrem s mo\u017enost\u00ed uchycen\u00ed na opasek. Kalen\u00fd obu\u0161ek je ur\u010den i pro profesion\u00e1ln\u00ed pou\u017eit\u00ed . Vyu\u017e\u00edvaj\u00ed jej nap\u0159\u00edklad policie nebo jin\u00e9 ozbrojen\u00e9 slo\u017eky. Rukoje\u0165 obu\u0161ku je barvy \u010dern\u00e9. Sou\u010d\u00e1st\u00ed balen\u00ed je i plastov\u00e9 pouzdro s mo\u017enost\u00ed uchycen\u00ed za opasek.<\/p>\n","protected":false},"excerpt":{"rendered":"<p>Teleskopick\u00fd obu\u0161ek 21&Prime; Chrom kalen\u00fd,obu\u0161ek<\/p>\n","protected":false},"featured_media":181693,"comment_status":"open","ping_status":"closed","template":"","meta":[],"pwb-brand":[1335],"product_brand":[],"product_cat":[2028],"product_tag":[],"class_list":{"0":"post-164333","1":"product","2":"type-product","3":"status-publish","4":"has-post-thumbnail","6":"pwb-brand-esp","7":"product_cat-teleskopicke-obusky","9":"first","10":"outofstock","11":"taxable","12":"shipping-taxable","13":"purchasable","14":"product-type-simple"},"brands":[{"id":1335,"name":"ESP","slug":"esp"}],"_links":{"self":[{"href":"https:\/\/www.moskito.cz\/fr\/wp-json\/wp\/v2\/product\/164333","targetHints":{"allow":["GET"]}}],"collection":[{"href":"https:\/\/www.moskito.cz\/fr\/wp-json\/wp\/v2\/product"}],"about":[{"href":"https:\/\/www.moskito.cz\/fr\/wp-json\/wp\/v2\/types\/product"}],"replies":[{"embeddable":true,"href":"https:\/\/www.moskito.cz\/fr\/wp-json\/wp\/v2\/comments?post=164333"}],"wp:featuredmedia":[{"embeddable":true,"href":"https:\/\/www.moskito.cz\/fr\/wp-json\/wp\/v2\/media\/181693"}],"wp:attachment":[{"href":"https:\/\/www.moskito.cz\/fr\/wp-json\/wp\/v2\/media?parent=164333"}],"wp:term":[{"taxonomy":"pwb-brand","embeddable":true,"href":"https:\/\/www.moskito.cz\/fr\/wp-json\/wp\/v2\/pwb-brand?post=164333"},{"taxonomy":"product_brand","embeddable":true,"href":"https:\/\/www.moskito.cz\/fr\/wp-json\/wp\/v2\/product_brand?post=164333"},{"taxonomy":"product_cat","embeddable":true,"href":"https:\/\/www.moskito.cz\/fr\/wp-json\/wp\/v2\/product_cat?post=164333"},{"taxonomy":"product_tag","embeddable":true,"href":"https:\/\/www.moskito.cz\/fr\/wp-json\/wp\/v2\/product_tag?post=164333"}],"curies":[{"name":"wp","href":"https:\/\/api.w.org\/{rel}","templated":true}]}}