{"id":164343,"date":"2019-06-01T15:08:27","date_gmt":"2019-06-01T14:08:27","guid":{"rendered":"https:\/\/www.moskito.cz\/?post_type=product&#038;p=164343"},"modified":"2025-12-10T15:04:44","modified_gmt":"2025-12-10T14:04:44","slug":"obranny-peprovy-sprej-kfog2-20ml","status":"publish","type":"product","link":"https:\/\/www.moskito.cz\/fr\/produkt\/obranny-peprovy-sprej-kfog2-20ml\/","title":{"rendered":"Pep\u0159ov\u00fd sprej KFOG 20ml"},"content":{"rendered":"<p>Pep\u0159ov\u00fd sprej KFOG 20ml je aerosolov\u00fdm sprejem. P\u0159i stisknut\u00ed vyst\u0159el\u00ed ze spreje velik\u00fd oblak aerosolu. D\u00edky tomu nen\u00ed nutn\u00e9 \u00fato\u010dn\u00edkovi m\u00ed\u0159it p\u0159\u00edmo do o\u010d\u00ed. Mus\u00edte po\u010d\u00edtat s t\u00edm, \u017ee venku v\u00e1s m\u016f\u017ee p\u0159ekvapit v\u00edtr a oblak nasm\u011brovat jinam, ne\u017e byste si p\u0159\u00e1li a uvnit\u0159 m\u016f\u017eete zas\u00e1hnout i v\u00edce lid\u00ed, ne\u017e jen \u00fato\u010dn\u00edka. Pokud ale chcete zne\u0161kodnit psa, kter\u00fd se rychle pohybuje, nenajdete lep\u0161\u00ed typ pep\u0159ov\u00e9ho spreje, ne\u017e je aerosolov\u00fd (na psy pou\u017e\u00edvat jen v p\u0159\u00edpad\u011b p\u0159\u00edm\u00e9ho ohro\u017een\u00ed \u017eivota!). Sprej je vysoce \u00fa\u010dinn\u00fd, zp\u016fsobuje polept\u00e1n\u00ed a do\u010dasn\u00e9 oslepnut\u00ed. \u00da\u010dinn\u00e1 l\u00e1tka je 10% roztok OC (Oleoresin Capsicum &#8211; v\u00fdta\u017eek z extra p\u00e1liv\u00fdch papri\u010dek). D\u00edky tomu p\u016fsob\u00ed i na osoby se sn\u00ed\u017een\u00fdm prahem bolesti &#8211; podnapil\u00e9 a pod vlivem drog. Obrann\u00fd pep\u0159ov\u00fd sprej KFOG2 20ml\u00a0 obarv\u00ed zasa\u017een\u00e9ho pro oko neviditelnou barvou, kter\u00e1 se projev\u00ed pod UV sv\u011btlem. To pom\u016f\u017ee policii p\u0159i identifikaci \u00fato\u010dn\u00edka a n\u00e1sledn\u00e9m dokazov\u00e1n\u00ed zlo\u010dinu. Sprej nen\u00ed ho\u0159lav\u00fd, tud\u00ed\u017e se nemus\u00edte b\u00e1t, \u017ee by v\u00e1m mohl p\u0159id\u011blat, nap\u0159\u00edklad v p\u0159\u00edpad\u011b autonehody, probl\u00e9my. K-Fog2 m\u00e1 bezpe\u010dnostn\u00ed pojistku a klip na opasek. hlavn\u00ed znaky pep\u0159ov\u00e9ho spreje tekut\u00e1 n\u00e1pl\u0148 &#8211; aerosolov\u00fd sprej ozna\u010den\u00ed pachatele viditeln\u00e9 pod UV sv\u011btlem nep\u016fsob\u00ed trval\u00e9 po\u0161kozen\u00ed neho\u0159lav\u00fd dost\u0159ik cca 1,5 &#8211; 3 m zdravotn\u011b nez\u00e1vadn\u00fd obsah: 20 ml K-Fog2 je aerosolov\u00fd pep\u0159ov\u00fd sprej, kter\u00fd v\u00e1m m\u016f\u017ee zachr\u00e1nit \u017eivot. Je vysoce \u00fa\u010dinn\u00fd a p\u016fsob\u00ed i na osoby pod vlivem drog.<\/p>\n","protected":false},"excerpt":{"rendered":"<p><strong>Pep\u0159ov\u00fd <\/strong>sprej.<\/p>\n","protected":false},"featured_media":181999,"comment_status":"open","ping_status":"closed","template":"","meta":[],"pwb-brand":[1335],"product_brand":[],"product_cat":[1549],"product_tag":[],"class_list":{"0":"post-164343","1":"product","2":"type-product","3":"status-publish","4":"has-post-thumbnail","6":"pwb-brand-esp","7":"product_cat-obranne-spreje","9":"first","10":"instock","11":"taxable","12":"shipping-taxable","13":"purchasable","14":"product-type-simple"},"brands":[{"id":1335,"name":"ESP","slug":"esp"}],"_links":{"self":[{"href":"https:\/\/www.moskito.cz\/fr\/wp-json\/wp\/v2\/product\/164343","targetHints":{"allow":["GET"]}}],"collection":[{"href":"https:\/\/www.moskito.cz\/fr\/wp-json\/wp\/v2\/product"}],"about":[{"href":"https:\/\/www.moskito.cz\/fr\/wp-json\/wp\/v2\/types\/product"}],"replies":[{"embeddable":true,"href":"https:\/\/www.moskito.cz\/fr\/wp-json\/wp\/v2\/comments?post=164343"}],"wp:featuredmedia":[{"embeddable":true,"href":"https:\/\/www.moskito.cz\/fr\/wp-json\/wp\/v2\/media\/181999"}],"wp:attachment":[{"href":"https:\/\/www.moskito.cz\/fr\/wp-json\/wp\/v2\/media?parent=164343"}],"wp:term":[{"taxonomy":"pwb-brand","embeddable":true,"href":"https:\/\/www.moskito.cz\/fr\/wp-json\/wp\/v2\/pwb-brand?post=164343"},{"taxonomy":"product_brand","embeddable":true,"href":"https:\/\/www.moskito.cz\/fr\/wp-json\/wp\/v2\/product_brand?post=164343"},{"taxonomy":"product_cat","embeddable":true,"href":"https:\/\/www.moskito.cz\/fr\/wp-json\/wp\/v2\/product_cat?post=164343"},{"taxonomy":"product_tag","embeddable":true,"href":"https:\/\/www.moskito.cz\/fr\/wp-json\/wp\/v2\/product_tag?post=164343"}],"curies":[{"name":"wp","href":"https:\/\/api.w.org\/{rel}","templated":true}]}}