{"id":164351,"date":"2019-06-01T15:24:27","date_gmt":"2019-06-01T14:24:27","guid":{"rendered":"https:\/\/www.moskito.cz\/?post_type=product&#038;p=164351"},"modified":"2025-10-14T12:36:05","modified_gmt":"2025-10-14T11:36:05","slug":"peprovy-sprej-equalizer-2-40ml-strela","status":"publish","type":"product","link":"https:\/\/www.moskito.cz\/fr\/produkt\/peprovy-sprej-equalizer-2-40ml-strela\/","title":{"rendered":"EQUALIZER 40ml Pep\u0159ov\u00fd Sprej"},"content":{"rendered":"<p>EQUALIZER 40ml Pep\u0159ov\u00fd Sprej. <\/p>\n<ul>\n<li>tekut\u00e1 st\u0159ela &#8211; kapaln\u00e1 n\u00e1pl\u0148<\/li>\n<li>ozna\u010den\u00ed pachatele viditeln\u00e9 pod UV sv\u011btlem<\/li>\n<li>nep\u016fsob\u00ed trval\u00e9 po\u0161kozen\u00ed<\/li>\n<li>klip na\u00a0opasek<\/li>\n<li>dost\u0159ik cca 2,5 &#8211; 3,5 m<\/li>\n<li>zdravotn\u011b nez\u00e1vadn\u00fd<\/li>\n<li>je\u00a0neho\u0159lav\u00fd.<\/li>\n<li>obsah: 20 ml<\/li>\n<\/ul>\n<p>Equalizer2 je\u00a0extr\u00e9mn\u011b v\u00fdkonn\u00fdm mal\u00fdm obrann\u00fdm sprejem, kter\u00fd by v\u00e1m nem\u011bl v\u00a0kapse nebo mal\u00e9 kabelce chyb\u011bt. D\u00edky klipu na\u00a0opasek ho m\u016f\u017eete m\u00edt st\u00e1le sebou, i\u00a0kdy\u017e jdete t\u0159eba jen b\u011bhat.<\/p>\n","protected":false},"excerpt":{"rendered":"<p>Pep\u0159ov\u00fd sprej.<\/p>\n","protected":false},"featured_media":164352,"comment_status":"open","ping_status":"closed","template":"","meta":[],"pwb-brand":[1335],"product_brand":[],"product_cat":[1549],"product_tag":[],"class_list":{"0":"post-164351","1":"product","2":"type-product","3":"status-publish","4":"has-post-thumbnail","6":"pwb-brand-esp","7":"product_cat-obranne-spreje","9":"first","10":"instock","11":"taxable","12":"shipping-taxable","13":"purchasable","14":"product-type-simple"},"brands":[{"id":1335,"name":"ESP","slug":"esp"}],"_links":{"self":[{"href":"https:\/\/www.moskito.cz\/fr\/wp-json\/wp\/v2\/product\/164351","targetHints":{"allow":["GET"]}}],"collection":[{"href":"https:\/\/www.moskito.cz\/fr\/wp-json\/wp\/v2\/product"}],"about":[{"href":"https:\/\/www.moskito.cz\/fr\/wp-json\/wp\/v2\/types\/product"}],"replies":[{"embeddable":true,"href":"https:\/\/www.moskito.cz\/fr\/wp-json\/wp\/v2\/comments?post=164351"}],"wp:featuredmedia":[{"embeddable":true,"href":"https:\/\/www.moskito.cz\/fr\/wp-json\/wp\/v2\/media\/164352"}],"wp:attachment":[{"href":"https:\/\/www.moskito.cz\/fr\/wp-json\/wp\/v2\/media?parent=164351"}],"wp:term":[{"taxonomy":"pwb-brand","embeddable":true,"href":"https:\/\/www.moskito.cz\/fr\/wp-json\/wp\/v2\/pwb-brand?post=164351"},{"taxonomy":"product_brand","embeddable":true,"href":"https:\/\/www.moskito.cz\/fr\/wp-json\/wp\/v2\/product_brand?post=164351"},{"taxonomy":"product_cat","embeddable":true,"href":"https:\/\/www.moskito.cz\/fr\/wp-json\/wp\/v2\/product_cat?post=164351"},{"taxonomy":"product_tag","embeddable":true,"href":"https:\/\/www.moskito.cz\/fr\/wp-json\/wp\/v2\/product_tag?post=164351"}],"curies":[{"name":"wp","href":"https:\/\/api.w.org\/{rel}","templated":true}]}}