{"id":164369,"date":"2019-06-01T16:22:54","date_gmt":"2019-06-01T15:22:54","guid":{"rendered":"https:\/\/www.moskito.cz\/?post_type=product&#038;p=164369"},"modified":"2026-01-22T12:20:46","modified_gmt":"2026-01-22T11:20:46","slug":"esp-peprovy-sprej-tornado-63-ml","status":"publish","type":"product","link":"https:\/\/www.moskito.cz\/fr\/produkt\/esp-peprovy-sprej-tornado-63-ml\/","title":{"rendered":"Pep\u0159ov\u00fd sprej ESP Tornado 63 ml"},"content":{"rendered":"<p>Pep\u0159ov\u00fd sprej ESP Tornado 63 ml &#8211; Po vypr\u00e1zdn\u011bn\u00ed n\u00e1dobky spreje POLICE TORNADO \u00ae lze modul sv\u011btla p\u0159emontovat na n\u00e1hradn\u00ed n\u00e1dobku.<\/p>\n<p>N\u00e1vod k pou\u017eit\u00ed:<\/p>\n<p>P\u0159i ohro\u017een\u00ed nami\u0159te ventilek spreje na \u00fato\u010dn\u00edka na vzd\u00e1lenost 1\u20133 m a st\u0159\u00edkejte v kr\u00e1tk\u00fdch d\u00e1vk\u00e1ch cca 1 sekundu (po sm\u011bru v\u011btru). Nest\u0159\u00edkejte proti v\u011btru. Nepou\u017e\u00edvejte v mal\u00fdch nebo uzav\u0159en\u00fdch prostor\u00e1ch (nap\u0159. ve v\u00fdtahu, aut\u011b) a na vzd\u00e1lenost pod 1 m, proto\u017ee hroz\u00ed zasa\u017een\u00ed samotn\u00e9ho u\u017eivatele. Zasa\u017een\u00ed obli\u010deje zp\u016fsob\u00ed prudk\u00e9 p\u00e1len\u00ed o\u010d\u00ed a ka\u0161el. \u00dato\u010dn\u00edk je po dobu cca 30 minut\u2005dezorientovan\u00fd.<\/p>\n<p>Upozorn\u011bn\u00ed:<\/p>\n<p>ESP Pep\u0159ov\u00fd sprej Tornado 63 ml je ur\u010den v\u00fdhradn\u011b k sebeobran\u011b, zneu\u017eit\u00ed se trest\u00e1. Sprej se nesm\u00ed pou\u017e\u00edvat proti t\u011bhotn\u00fdm \u017een\u00e1m, osob\u00e1m mlad\u0161\u00edm 15 let, osob\u00e1m nemocn\u00fdm a osob\u00e1m vysok\u00e9ho\u2005v\u011bku.\u2005Prodej\u2005pouze\u2005osob\u00e1m\u2005star\u0161\u00edm\u200518\u2005let.<\/p>\n<p>Pozor:<\/p>\n<p>Dr\u00e1\u017ed\u00ed k\u016f\u017ei. Zp\u016fsobuje v\u00e1\u017en\u00e9 podr\u00e1\u017ed\u011bn\u00ed o\u010d\u00ed. M\u016f\u017ee zp\u016fsobit podr\u00e1\u017ed\u011bn\u00ed d\u00fdchac\u00edch cest. Zamezte styku s k\u016f\u017e\u00ed a s o\u010dima. Skladujte na dob\u0159e v\u011btran\u00e9m m\u00edst\u011b. Nevdechujte aerosol. Uchov\u00e1vejte mimo dosah d\u011bt\u00ed. Chra\u0148te p\u0159ed teplem \/ jiskrami \/ otev\u0159en\u00fdm plamenem \/ hork\u00fdmi povrchy. \u2013 Z\u00e1kaz kou\u0159en\u00ed. Tlakov\u00fd obal: nepropichujte nebo nespalujte ani po pou\u017eit\u00ed. Chra\u0148te p\u0159ed slune\u010dn\u00edm z\u00e1\u0159en\u00edm. Nevystavujte teplot\u011b p\u0159esahuj\u00edc\u00ed 50 \u00b0C \/ 122 \u00b0F. Obal a zbytky obsahu\u2005likvidujte\u2005na\u2005sb\u011brn\u00e9m\u2005m\u00edst\u011b\u2005nebezpe\u010dn\u00fdch\u2005odpad\u016f.<\/p>\n<p>Prvn\u00ed pomoc:<\/p>\n<ul>\n<li>P\u0158I ZASA\u017dEN\u00cd O\u010c\u00cd: N\u011bkolik minut opatrn\u011b vyplachujte vodou. Vyjm\u011bte kontaktn\u00ed \u010do\u010dky, jsou-li nasazeny, a pokud je lze vyjmout snadno. Pokra\u010dujte ve vyplachov\u00e1n\u00ed. P\u0158I STYKU S K\u016e\u017d\u00cd: Omyjte velk\u00fdm mno\u017estv\u00edm vody a m\u00fddla. Nepou\u017e\u00edvejte kr\u00e9my, masti a oleje. V p\u0159\u00edpad\u011b nehody p\u0159i vdechnut\u00ed p\u0159eneste posti\u017een\u00e9ho na \u010derstv\u00fd vzduch a ponechejte jej v klidu. Nepominou-li pot\u00ed\u017ee po 1 hodin\u011b, vyhledejte okam\u017eit\u011b l\u00e9ka\u0159e. P\u0159i po\u017eit\u00ed okam\u017eit\u011b vyhledejte l\u00e9ka\u0159skou\u2005pomoc\u2005a\u2005uka\u017ete\u2005tento\u2005obal.<\/li>\n<li>Dr\u00e1\u017ediv\u00e1 slo\u017eka OC. 30 % hmotnosti n\u00e1pln\u011b je ho\u0159lav\u00fdch. Datum expirace: na dn\u011b n\u00e1dobky.<\/li>\n<\/ul>\n","protected":false},"excerpt":{"rendered":"<p>Pep\u0159ov\u00fd sprej.<\/p>\n","protected":false},"featured_media":164366,"comment_status":"open","ping_status":"closed","template":"","meta":[],"pwb-brand":[1335],"product_brand":[],"product_cat":[1549],"product_tag":[],"class_list":{"0":"post-164369","1":"product","2":"type-product","3":"status-publish","4":"has-post-thumbnail","6":"pwb-brand-esp","7":"product_cat-obranne-spreje","9":"first","10":"instock","11":"taxable","12":"shipping-taxable","13":"purchasable","14":"product-type-simple"},"brands":[{"id":1335,"name":"ESP","slug":"esp"}],"_links":{"self":[{"href":"https:\/\/www.moskito.cz\/fr\/wp-json\/wp\/v2\/product\/164369","targetHints":{"allow":["GET"]}}],"collection":[{"href":"https:\/\/www.moskito.cz\/fr\/wp-json\/wp\/v2\/product"}],"about":[{"href":"https:\/\/www.moskito.cz\/fr\/wp-json\/wp\/v2\/types\/product"}],"replies":[{"embeddable":true,"href":"https:\/\/www.moskito.cz\/fr\/wp-json\/wp\/v2\/comments?post=164369"}],"wp:featuredmedia":[{"embeddable":true,"href":"https:\/\/www.moskito.cz\/fr\/wp-json\/wp\/v2\/media\/164366"}],"wp:attachment":[{"href":"https:\/\/www.moskito.cz\/fr\/wp-json\/wp\/v2\/media?parent=164369"}],"wp:term":[{"taxonomy":"pwb-brand","embeddable":true,"href":"https:\/\/www.moskito.cz\/fr\/wp-json\/wp\/v2\/pwb-brand?post=164369"},{"taxonomy":"product_brand","embeddable":true,"href":"https:\/\/www.moskito.cz\/fr\/wp-json\/wp\/v2\/product_brand?post=164369"},{"taxonomy":"product_cat","embeddable":true,"href":"https:\/\/www.moskito.cz\/fr\/wp-json\/wp\/v2\/product_cat?post=164369"},{"taxonomy":"product_tag","embeddable":true,"href":"https:\/\/www.moskito.cz\/fr\/wp-json\/wp\/v2\/product_tag?post=164369"}],"curies":[{"name":"wp","href":"https:\/\/api.w.org\/{rel}","templated":true}]}}