{"id":164949,"date":"2019-08-10T12:48:55","date_gmt":"2019-08-10T11:48:55","guid":{"rendered":"https:\/\/www.moskito.cz\/?post_type=product&#038;p=164949"},"modified":"2025-07-11T07:49:34","modified_gmt":"2025-07-11T06:49:34","slug":"pevny-nuz-zb030b","status":"publish","type":"product","link":"https:\/\/www.moskito.cz\/fr\/produkt\/pevny-nuz-zb030b\/","title":{"rendered":"Pevn\u00fd n\u016f\u017e ZB030B"},"content":{"rendered":"<p>Pevn\u00fd n\u016f\u017e ZB030B.<\/p>\n<p>Celkov\u00e1 d\u00e9lka no\u017ee je 12,5 cm. \u010cepel je \u010dern\u00e1, \u010d\u00e1ste\u010dn\u011b vroubkovan\u00e1 a je dlouh\u00e1 6,25 cm. Jednod\u00edln\u00e1 nerezov\u00e1 konstrukce s \u010dern\u00fdm povrchem. T-rukoje\u0165 s \u010dern\u00fdmi hlin\u00edkov\u00fdmi v\u00e1hami. Pouzdro je z \u010dern\u00e9ho nylonu.<\/p>\n<p>5&Prime; overall. 2 1\/2&Prime; partially serrated double edge dagger blade. One-piece stainless construction with black finish and integrated guard. T-handle with black aluminum scales. Black nylon belt sheath.<\/p>\n","protected":false},"excerpt":{"rendered":"<p>Pevn\u00fd n\u016f\u017e.<\/p>\n","protected":false},"featured_media":164950,"comment_status":"open","ping_status":"closed","template":"","meta":[],"pwb-brand":[360],"product_brand":[],"product_cat":[23,17],"product_tag":[],"class_list":{"0":"post-164949","1":"product","2":"type-product","3":"status-publish","4":"has-post-thumbnail","6":"pwb-brand-z-hunter","7":"product_cat-pevne-noze","8":"product_cat-noze","10":"first","11":"outofstock","12":"taxable","13":"shipping-taxable","14":"purchasable","15":"product-type-simple"},"brands":[{"id":360,"name":"Z-Hunter","slug":"z-hunter"}],"_links":{"self":[{"href":"https:\/\/www.moskito.cz\/fr\/wp-json\/wp\/v2\/product\/164949","targetHints":{"allow":["GET"]}}],"collection":[{"href":"https:\/\/www.moskito.cz\/fr\/wp-json\/wp\/v2\/product"}],"about":[{"href":"https:\/\/www.moskito.cz\/fr\/wp-json\/wp\/v2\/types\/product"}],"replies":[{"embeddable":true,"href":"https:\/\/www.moskito.cz\/fr\/wp-json\/wp\/v2\/comments?post=164949"}],"wp:featuredmedia":[{"embeddable":true,"href":"https:\/\/www.moskito.cz\/fr\/wp-json\/wp\/v2\/media\/164950"}],"wp:attachment":[{"href":"https:\/\/www.moskito.cz\/fr\/wp-json\/wp\/v2\/media?parent=164949"}],"wp:term":[{"taxonomy":"pwb-brand","embeddable":true,"href":"https:\/\/www.moskito.cz\/fr\/wp-json\/wp\/v2\/pwb-brand?post=164949"},{"taxonomy":"product_brand","embeddable":true,"href":"https:\/\/www.moskito.cz\/fr\/wp-json\/wp\/v2\/product_brand?post=164949"},{"taxonomy":"product_cat","embeddable":true,"href":"https:\/\/www.moskito.cz\/fr\/wp-json\/wp\/v2\/product_cat?post=164949"},{"taxonomy":"product_tag","embeddable":true,"href":"https:\/\/www.moskito.cz\/fr\/wp-json\/wp\/v2\/product_tag?post=164949"}],"curies":[{"name":"wp","href":"https:\/\/api.w.org\/{rel}","templated":true}]}}