{"id":165005,"date":"2019-08-10T16:05:42","date_gmt":"2019-08-10T15:05:42","guid":{"rendered":"https:\/\/www.moskito.cz\/?post_type=product&#038;p=165005"},"modified":"2025-07-11T07:49:35","modified_gmt":"2025-07-11T06:49:35","slug":"pevny-nuz-pa3403","status":"publish","type":"product","link":"https:\/\/www.moskito.cz\/fr\/produkt\/pevny-nuz-pa3403\/","title":{"rendered":"Pevn\u00fd n\u016f\u017e PA3403"},"content":{"rendered":"<p>Pevn\u00fd n\u016f\u017e PA3403.<\/p>\n<p>Celkov\u00e1 d\u00e9lka no\u017ee je 19 cm. Sat\u00e9nov\u00e1 nerezov\u00e1 \u010depel s dvojit\u00fdm ost\u0159\u00ed je dlouh\u00e1 9.5 cm. \u010cern\u00e1 rukoje\u0165 je ze d\u0159eva. Pouzdro je \u010dern\u00e9 ko\u017een\u00e9.<\/p>\n","protected":false},"excerpt":{"rendered":"<p>Pevn\u00fd n\u016f\u017e.<\/p>\n","protected":false},"featured_media":165006,"comment_status":"open","ping_status":"closed","template":"","meta":[],"pwb-brand":[131],"product_brand":[],"product_cat":[23,17],"product_tag":[],"class_list":{"0":"post-165005","1":"product","2":"type-product","3":"status-publish","4":"has-post-thumbnail","6":"pwb-brand-pakistan","7":"product_cat-pevne-noze","8":"product_cat-noze","10":"first","11":"outofstock","12":"taxable","13":"shipping-taxable","14":"purchasable","15":"product-type-simple"},"brands":[{"id":131,"name":"Pakistan","slug":"pakistan"}],"_links":{"self":[{"href":"https:\/\/www.moskito.cz\/fr\/wp-json\/wp\/v2\/product\/165005","targetHints":{"allow":["GET"]}}],"collection":[{"href":"https:\/\/www.moskito.cz\/fr\/wp-json\/wp\/v2\/product"}],"about":[{"href":"https:\/\/www.moskito.cz\/fr\/wp-json\/wp\/v2\/types\/product"}],"replies":[{"embeddable":true,"href":"https:\/\/www.moskito.cz\/fr\/wp-json\/wp\/v2\/comments?post=165005"}],"wp:featuredmedia":[{"embeddable":true,"href":"https:\/\/www.moskito.cz\/fr\/wp-json\/wp\/v2\/media\/165006"}],"wp:attachment":[{"href":"https:\/\/www.moskito.cz\/fr\/wp-json\/wp\/v2\/media?parent=165005"}],"wp:term":[{"taxonomy":"pwb-brand","embeddable":true,"href":"https:\/\/www.moskito.cz\/fr\/wp-json\/wp\/v2\/pwb-brand?post=165005"},{"taxonomy":"product_brand","embeddable":true,"href":"https:\/\/www.moskito.cz\/fr\/wp-json\/wp\/v2\/product_brand?post=165005"},{"taxonomy":"product_cat","embeddable":true,"href":"https:\/\/www.moskito.cz\/fr\/wp-json\/wp\/v2\/product_cat?post=165005"},{"taxonomy":"product_tag","embeddable":true,"href":"https:\/\/www.moskito.cz\/fr\/wp-json\/wp\/v2\/product_tag?post=165005"}],"curies":[{"name":"wp","href":"https:\/\/api.w.org\/{rel}","templated":true}]}}