{"id":165284,"date":"2019-08-31T18:49:57","date_gmt":"2019-08-31T17:49:57","guid":{"rendered":"https:\/\/www.moskito.cz\/?post_type=product&#038;p=165284"},"modified":"2025-09-08T09:36:56","modified_gmt":"2025-09-08T08:36:56","slug":"zaviraci-nuz-joker-nn125","status":"publish","type":"product","link":"https:\/\/www.moskito.cz\/fr\/produkt\/zaviraci-nuz-joker-nn125\/","title":{"rendered":"Zav\u00edrac\u00ed n\u016f\u017e Joker NN125"},"content":{"rendered":"<p>Zav\u00edrac\u00ed n\u016f\u017e Joker NN125.<\/p>\n<p>No\u017ee <strong>Joker <\/strong>poch\u00e1zej\u00ed ze \u0160pan\u011blsk\u00e9ho m\u011bsta Albacete, kter\u00e9 je zn\u00e1m\u00e9 tradi\u010dn\u00ed v\u00fdrobou no\u017e\u016f.<\/p>\n<p>Detail produktu:<\/p>\n<p>N\u016f\u017e Joker NN125<\/p>\n<p>\u00b7 D\u00e9lka \u010depele: 80 mm<\/p>\n<p>\u00b7 Ocel: Molybdenum Vanadium Steel<\/p>\n<p>\u00b7 Materi\u00e1l st\u0159enky: Micarta<\/p>\n<p>MICARTA SPORTING FOLDING POCKET KNIFE 8 CM STAINLESS BLADE LENGTH<br \/>\nNN125<br \/>\nProduct characteristics:<\/p>\n<p>Blade: Molybdenum Vanadium Steel<br \/>\nHandle: Micarta<br \/>\n8 cm &#8211; 83 gr<\/p>\n","protected":false},"excerpt":{"rendered":"<p>No\u017ee <strong>Joker<\/strong> poch\u00e1zej\u00ed ze \u0160pan\u011blsk\u00e9ho m\u011bsta Albacete, kter\u00e9 je zn\u00e1m\u00e9 tradi\u010dn\u00ed v\u00fdrobou no\u017e\u016f a d\u00fdk.<br \/>\nNavr\u017eeno a vyrobeno ve \u0160pan\u011blsku <strong>(Albacete)<\/strong><\/p>\n","protected":false},"featured_media":192760,"comment_status":"open","ping_status":"closed","template":"","meta":[],"pwb-brand":[359],"product_brand":[],"product_cat":[22,17],"product_tag":[],"class_list":{"0":"post-165284","1":"product","2":"type-product","3":"status-publish","4":"has-post-thumbnail","6":"pwb-brand-joker","7":"product_cat-zaviraci-noze","8":"product_cat-noze","10":"first","11":"outofstock","12":"taxable","13":"shipping-taxable","14":"purchasable","15":"product-type-simple"},"brands":[{"id":359,"name":"Joker","slug":"joker"}],"_links":{"self":[{"href":"https:\/\/www.moskito.cz\/fr\/wp-json\/wp\/v2\/product\/165284","targetHints":{"allow":["GET"]}}],"collection":[{"href":"https:\/\/www.moskito.cz\/fr\/wp-json\/wp\/v2\/product"}],"about":[{"href":"https:\/\/www.moskito.cz\/fr\/wp-json\/wp\/v2\/types\/product"}],"replies":[{"embeddable":true,"href":"https:\/\/www.moskito.cz\/fr\/wp-json\/wp\/v2\/comments?post=165284"}],"wp:featuredmedia":[{"embeddable":true,"href":"https:\/\/www.moskito.cz\/fr\/wp-json\/wp\/v2\/media\/192760"}],"wp:attachment":[{"href":"https:\/\/www.moskito.cz\/fr\/wp-json\/wp\/v2\/media?parent=165284"}],"wp:term":[{"taxonomy":"pwb-brand","embeddable":true,"href":"https:\/\/www.moskito.cz\/fr\/wp-json\/wp\/v2\/pwb-brand?post=165284"},{"taxonomy":"product_brand","embeddable":true,"href":"https:\/\/www.moskito.cz\/fr\/wp-json\/wp\/v2\/product_brand?post=165284"},{"taxonomy":"product_cat","embeddable":true,"href":"https:\/\/www.moskito.cz\/fr\/wp-json\/wp\/v2\/product_cat?post=165284"},{"taxonomy":"product_tag","embeddable":true,"href":"https:\/\/www.moskito.cz\/fr\/wp-json\/wp\/v2\/product_tag?post=165284"}],"curies":[{"name":"wp","href":"https:\/\/api.w.org\/{rel}","templated":true}]}}