{"id":165288,"date":"2019-08-31T19:15:31","date_gmt":"2019-08-31T18:15:31","guid":{"rendered":"https:\/\/www.moskito.cz\/?post_type=product&#038;p=165288"},"modified":"2025-07-11T07:49:45","modified_gmt":"2025-07-11T06:49:45","slug":"zaviraci-nuz-joker-no119","status":"publish","type":"product","link":"https:\/\/www.moskito.cz\/fr\/produkt\/zaviraci-nuz-joker-no119\/","title":{"rendered":"Zav\u00edrac\u00ed n\u016f\u017e Joker NO119"},"content":{"rendered":"<p>Zav\u00edrac\u00ed n\u016f\u017e Joker NO119.<\/p>\n<p>No\u017ee Joker poch\u00e1zej\u00ed ze \u0160pan\u011blsk\u00e9ho m\u011bsta Albacete, kter\u00e9 je zn\u00e1m\u00e9 tradi\u010dn\u00ed v\u00fdrobou no\u017e\u016f a d\u00fdk.<\/p>\n<p>Detail produktu:<\/p>\n<p>N\u016f\u017e Joker NO119<\/p>\n<p>\u00b7 D\u00e9lka \u010depele: 90 mm<\/p>\n<p>\u00b7 Ocel: Molybdenum Vanadium<\/p>\n<p>\u00b7 Materi\u00e1l st\u0159enky: Rosewood &#8211; Olive<\/p>\n<p>OLIVE WOOD 9 CM LOCK BACK FOLDING KNIFE ROSEWOOD BOLSTER STAINLESS STEEL BLADE.<br \/>\nNO119<br \/>\nProduct characteristics:<\/p>\n<p>Blade: Molybdenum Vanadium<br \/>\nHandle: Rosewood &#8211; Olive<br \/>\n9 cm &#8211; 110 gr<\/p>\n","protected":false},"excerpt":{"rendered":"<p>No\u017ee <strong>Joker<\/strong> poch\u00e1zej\u00ed ze \u0160pan\u011blsk\u00e9ho m\u011bsta Albacete, kter\u00e9 je zn\u00e1m\u00e9 tradi\u010dn\u00ed v\u00fdrobou no\u017e\u016f a d\u00fdk.<br \/>\n<strong>Navr\u017eeno a vyrobeno ve \u0160pan\u011blsku (Albacete)<\/strong><\/p>\n","protected":false},"featured_media":192729,"comment_status":"open","ping_status":"closed","template":"","meta":[],"pwb-brand":[359],"product_brand":[],"product_cat":[22,17],"product_tag":[],"class_list":{"0":"post-165288","1":"product","2":"type-product","3":"status-publish","4":"has-post-thumbnail","6":"pwb-brand-joker","7":"product_cat-zaviraci-noze","8":"product_cat-noze","10":"first","11":"outofstock","12":"taxable","13":"shipping-taxable","14":"purchasable","15":"product-type-simple"},"brands":[{"id":359,"name":"Joker","slug":"joker"}],"_links":{"self":[{"href":"https:\/\/www.moskito.cz\/fr\/wp-json\/wp\/v2\/product\/165288","targetHints":{"allow":["GET"]}}],"collection":[{"href":"https:\/\/www.moskito.cz\/fr\/wp-json\/wp\/v2\/product"}],"about":[{"href":"https:\/\/www.moskito.cz\/fr\/wp-json\/wp\/v2\/types\/product"}],"replies":[{"embeddable":true,"href":"https:\/\/www.moskito.cz\/fr\/wp-json\/wp\/v2\/comments?post=165288"}],"wp:featuredmedia":[{"embeddable":true,"href":"https:\/\/www.moskito.cz\/fr\/wp-json\/wp\/v2\/media\/192729"}],"wp:attachment":[{"href":"https:\/\/www.moskito.cz\/fr\/wp-json\/wp\/v2\/media?parent=165288"}],"wp:term":[{"taxonomy":"pwb-brand","embeddable":true,"href":"https:\/\/www.moskito.cz\/fr\/wp-json\/wp\/v2\/pwb-brand?post=165288"},{"taxonomy":"product_brand","embeddable":true,"href":"https:\/\/www.moskito.cz\/fr\/wp-json\/wp\/v2\/product_brand?post=165288"},{"taxonomy":"product_cat","embeddable":true,"href":"https:\/\/www.moskito.cz\/fr\/wp-json\/wp\/v2\/product_cat?post=165288"},{"taxonomy":"product_tag","embeddable":true,"href":"https:\/\/www.moskito.cz\/fr\/wp-json\/wp\/v2\/product_tag?post=165288"}],"curies":[{"name":"wp","href":"https:\/\/api.w.org\/{rel}","templated":true}]}}