{"id":165403,"date":"2019-09-08T18:20:09","date_gmt":"2019-09-08T17:20:09","guid":{"rendered":"https:\/\/www.moskito.cz\/?post_type=product&#038;p=165403"},"modified":"2025-07-11T07:49:51","modified_gmt":"2025-07-11T06:49:51","slug":"zaviraci-nuz-joker-no-43","status":"publish","type":"product","link":"https:\/\/www.moskito.cz\/fr\/produkt\/zaviraci-nuz-joker-no-43\/","title":{"rendered":"Zav\u00edrac\u00ed n\u016f\u017e Joker NO43"},"content":{"rendered":"<p>Zav\u00edrac\u00ed n\u016f\u017e Joker NO43.<\/p>\n<p>No\u017ee <strong>Joker <\/strong>poch\u00e1zej\u00ed ze \u0160pan\u011blsk\u00e9ho m\u011bsta Albacete, kter\u00e9 je zn\u00e1m\u00e9 tradi\u010dn\u00ed v\u00fdrobou no\u017e\u016f a d\u00fdk.<br \/>\n\u010cepel o d\u00e9lce 8cm je vyrobena z velmi kvalitn\u00ed molibden-vanadov\u00e9 oceli kter\u00e1 m\u00e1 nerezov\u00e9 vlastnosti. Rukoje\u0165 je osazena st\u0159enkami z olivov\u00e9ho d\u0159eva. D\u00e9lka \u010depele je 8 cm.<\/p>\n<p>OLIVE WOOD 8 CM BLADE LENGTH LOCK BACK FOLDING KNIFE STAINLESS BOLSTER.<br \/>\nNO43<br \/>\nProduct characteristics:<\/p>\n<p>Blade: Molybdenum Vanadium<br \/>\nBolster: S.S.<br \/>\nHandle: Olive wood<br \/>\n8 cm &#8211; 85 gr<\/p>\n","protected":false},"excerpt":{"rendered":"<p>No\u017ee <strong>Joker <\/strong>poch\u00e1zej\u00ed ze \u0160pan\u011blsk\u00e9ho m\u011bsta Albacete, kter\u00e9 je zn\u00e1m\u00e9 tradi\u010dn\u00ed v\u00fdrobou no\u017e\u016f a d\u00fdk.<br \/>\n<strong>Navr\u017eeno a vyrobeno ve \u0160pan\u011blsku (Albacete)<\/strong><\/p>\n","protected":false},"featured_media":192739,"comment_status":"open","ping_status":"closed","template":"","meta":[],"pwb-brand":[359],"product_brand":[],"product_cat":[22,17],"product_tag":[],"class_list":{"0":"post-165403","1":"product","2":"type-product","3":"status-publish","4":"has-post-thumbnail","6":"pwb-brand-joker","7":"product_cat-zaviraci-noze","8":"product_cat-noze","10":"first","11":"instock","12":"taxable","13":"shipping-taxable","14":"purchasable","15":"product-type-simple"},"brands":[{"id":359,"name":"Joker","slug":"joker"}],"_links":{"self":[{"href":"https:\/\/www.moskito.cz\/fr\/wp-json\/wp\/v2\/product\/165403","targetHints":{"allow":["GET"]}}],"collection":[{"href":"https:\/\/www.moskito.cz\/fr\/wp-json\/wp\/v2\/product"}],"about":[{"href":"https:\/\/www.moskito.cz\/fr\/wp-json\/wp\/v2\/types\/product"}],"replies":[{"embeddable":true,"href":"https:\/\/www.moskito.cz\/fr\/wp-json\/wp\/v2\/comments?post=165403"}],"wp:featuredmedia":[{"embeddable":true,"href":"https:\/\/www.moskito.cz\/fr\/wp-json\/wp\/v2\/media\/192739"}],"wp:attachment":[{"href":"https:\/\/www.moskito.cz\/fr\/wp-json\/wp\/v2\/media?parent=165403"}],"wp:term":[{"taxonomy":"pwb-brand","embeddable":true,"href":"https:\/\/www.moskito.cz\/fr\/wp-json\/wp\/v2\/pwb-brand?post=165403"},{"taxonomy":"product_brand","embeddable":true,"href":"https:\/\/www.moskito.cz\/fr\/wp-json\/wp\/v2\/product_brand?post=165403"},{"taxonomy":"product_cat","embeddable":true,"href":"https:\/\/www.moskito.cz\/fr\/wp-json\/wp\/v2\/product_cat?post=165403"},{"taxonomy":"product_tag","embeddable":true,"href":"https:\/\/www.moskito.cz\/fr\/wp-json\/wp\/v2\/product_tag?post=165403"}],"curies":[{"name":"wp","href":"https:\/\/api.w.org\/{rel}","templated":true}]}}