{"id":165573,"date":"2019-09-21T17:41:33","date_gmt":"2019-09-21T16:41:33","guid":{"rendered":"https:\/\/www.moskito.cz\/?post_type=product&#038;p=165573"},"modified":"2025-07-11T07:49:59","modified_gmt":"2025-07-11T06:49:59","slug":"zaviraci-nuz-smith-wesson-sw5cp","status":"publish","type":"product","link":"https:\/\/www.moskito.cz\/fr\/produkt\/zaviraci-nuz-smith-wesson-sw5cp\/","title":{"rendered":"Zav\u00edrac\u00ed n\u016f\u017e  Smith&#038;Wesson CK5CP"},"content":{"rendered":"<p>Zav\u00edrac\u00ed n\u016f\u017e <strong>Smith&amp;Wesson<\/strong> CK5CP.<\/p>\n<p>D\u00e9lka no\u017ee v uzav\u0159en\u00e9m stavu je 11,2 cm. \u010cepel no\u017ee je z nerezov\u00e9 oceli a jej\u00ed d\u00e9lka je 8,8 cm. N\u016f\u017e disponuje \u0161edou nerezovou rukoje\u0165\u00ed a kapesn\u00edm klipem.<\/p>\n<p>Closed: 4.5&Prime;; Blade: 3.5&Prime; l Stainless l Standard Edge l Matte Finish; Handle: Gray l Stainless; Other Info: Lanyard Hole l Thumb Stud(s) l Pocket Clip. Carbon fiber handle insert. Hang Packaged.<\/p>\n","protected":false},"excerpt":{"rendered":"<p>Zav\u00edrac\u00ed n\u016f\u017e s pojistkou a klipem.<\/p>\n","protected":false},"featured_media":165574,"comment_status":"open","ping_status":"closed","template":"","meta":[],"pwb-brand":[615],"product_brand":[],"product_cat":[22,17],"product_tag":[],"class_list":{"0":"post-165573","1":"product","2":"type-product","3":"status-publish","4":"has-post-thumbnail","6":"pwb-brand-smith-wesson","7":"product_cat-zaviraci-noze","8":"product_cat-noze","10":"first","11":"outofstock","12":"taxable","13":"shipping-taxable","14":"purchasable","15":"product-type-simple"},"brands":[{"id":615,"name":"Smith &amp; Wesson","slug":"smith-wesson"}],"_links":{"self":[{"href":"https:\/\/www.moskito.cz\/fr\/wp-json\/wp\/v2\/product\/165573","targetHints":{"allow":["GET"]}}],"collection":[{"href":"https:\/\/www.moskito.cz\/fr\/wp-json\/wp\/v2\/product"}],"about":[{"href":"https:\/\/www.moskito.cz\/fr\/wp-json\/wp\/v2\/types\/product"}],"replies":[{"embeddable":true,"href":"https:\/\/www.moskito.cz\/fr\/wp-json\/wp\/v2\/comments?post=165573"}],"wp:featuredmedia":[{"embeddable":true,"href":"https:\/\/www.moskito.cz\/fr\/wp-json\/wp\/v2\/media\/165574"}],"wp:attachment":[{"href":"https:\/\/www.moskito.cz\/fr\/wp-json\/wp\/v2\/media?parent=165573"}],"wp:term":[{"taxonomy":"pwb-brand","embeddable":true,"href":"https:\/\/www.moskito.cz\/fr\/wp-json\/wp\/v2\/pwb-brand?post=165573"},{"taxonomy":"product_brand","embeddable":true,"href":"https:\/\/www.moskito.cz\/fr\/wp-json\/wp\/v2\/product_brand?post=165573"},{"taxonomy":"product_cat","embeddable":true,"href":"https:\/\/www.moskito.cz\/fr\/wp-json\/wp\/v2\/product_cat?post=165573"},{"taxonomy":"product_tag","embeddable":true,"href":"https:\/\/www.moskito.cz\/fr\/wp-json\/wp\/v2\/product_tag?post=165573"}],"curies":[{"name":"wp","href":"https:\/\/api.w.org\/{rel}","templated":true}]}}