{"id":166465,"date":"2019-11-10T19:15:28","date_gmt":"2019-11-10T18:15:28","guid":{"rendered":"https:\/\/www.moskito.cz\/?post_type=product&#038;p=166465"},"modified":"2025-07-11T07:50:17","modified_gmt":"2025-07-11T06:50:17","slug":"zaviraci-nuz-victorinox-camper-1-3613","status":"publish","type":"product","link":"https:\/\/www.moskito.cz\/fr\/produkt\/zaviraci-nuz-victorinox-camper-1-3613\/","title":{"rendered":"Zav\u00edrac\u00ed n\u016f\u017e Victorinox Camper 1.3613"},"content":{"rendered":"<p>Zav\u00edrac\u00ed n\u016f\u017e Victorinox Camper 1.3613.<\/p>\n<p><span class=\"proKs\">Kapesn\u00ed n\u016f\u017e s pilkou o velikosti 91 mm vhodn\u00fd pro b\u011b\u017en\u00e9 pou\u017eit\u00ed, cestov\u00e1n\u00ed a turistiku. Po\u010det funkc\u00ed 13.<\/span><\/p>\n<p>Rozm\u011bry: d\u00e9lka-\u0161\u00ed\u0159ka-v\u00fd\u0161ka :\u00a0<span class=\"udajR\">91 x 27 x 18 mm<\/span><\/p>\n<p>Hmotnost: :\u00a0<span class=\"udajR\">74 g<\/span><\/p>\n<p>Zav\u00edrac\u00ed n\u016f\u017e Victorinox Camper 1.3613 obsahuje:<\/p>\n<p>&nbsp;<\/p>\n<ul>\n<li class=\"style2\">Velk\u00fd n\u016f\u017e<\/li>\n<li class=\"style2\">mal\u00fd n\u016f\u017e<\/li>\n<li class=\"style2\">v\u00fdvrtka<\/li>\n<li class=\"style2\">otv\u00edr\u00e1k na konzervy s<\/li>\n<li class=\"style2\">&#8211; mal\u00fdm \u0161roubov\u00e1kem (i pro k\u0159\u00ed\u017eov\u00e9 \u0161rouby)<\/li>\n<li class=\"style2\">otv\u00edr\u00e1k na l\u00e1hve s<\/li>\n<li class=\"style2\">&#8211; \u0161roubov\u00e1kem<\/li>\n<li class=\"style2\">&#8211; odstra\u0148ova\u010d izolace z dr\u00e1t\u016f<\/li>\n<li class=\"style2\">v\u00fdstru\u017en\u00edk, bodec<\/li>\n<li class=\"style2\">nerezov\u00fd krou\u017eek na kl\u00ed\u010de<\/li>\n<li class=\"style2\">pinzeta<\/li>\n<li class=\"style2\">p\u00e1r\u00e1tko<\/li>\n<li class=\"style2\">pilka na d\u0159evo<\/li>\n<\/ul>\n<div id=\"hpHistory\" class=\"767\">\n<p>Ti, kte\u0159\u00ed pot\u0159ebuj\u00ed b\u00fdt neust\u00e1le p\u0159ipraveni na v\u0161e, si berou sv\u016fj kapesn\u00ed n\u016f\u017e v\u0161ude. Ji\u017e od roku 1897 je \u0161v\u00fdcarsk\u00fd arm\u00e1dn\u00ed n\u016f\u017e spolehliv\u00fdm n\u00e1strojem p\u0159i mnoha dobrodru\u017estv\u00edch na cel\u00e9m sv\u011bt\u011b. A\u0165 prozkoum\u00e1v\u00e1te m\u011bsta, dna oce\u00e1n\u016f, hory nebo vesm\u00edr, \u0161v\u00fdcarsk\u00fd kapesn\u00ed n\u016f\u017e je spole\u010dn\u00edk, na kter\u00e9ho se m\u016f\u017eete spolehnout.<\/p>\n<p>Na v\u0161echny no\u017ee VICTORINOX je poskytov\u00e1na do\u017eivotn\u00ed z\u00e1ruka na ve\u0161ker\u00e9 z\u00e1vady materi\u00e1lu \u010di v\u00fdrobn\u00ed nedostatky. Z\u00e1ruka se nevztahuje na po\u0161kozen\u00ed zp\u016fsoben\u00e9 b\u011b\u017en\u00fdm opot\u0159eben\u00edm nebo \u0161patn\u00fdm u\u017e\u00edv\u00e1n\u00edm.<\/p>\n<p>V roce 1884, \u0161v\u00fdcarsk\u00fd pr\u016fkopn\u00edk Karl Elsener zalo\u017eil no\u017e\u00ed\u0159skou d\u00edlnu. Kr\u00e1tce nato, si p\u0159ipravil cestu pro bezkonkuren\u010dn\u00ed historii spole\u010dnosti, prost\u0159ednictv\u00edm v\u00fdvoje dnes ji\u017e legend\u00e1rn\u00edho \u00abOrigin\u00e1ln\u00edho \u0161v\u00fdcarsk\u00e9ho arm\u00e1dn\u00edho no\u017ee\u00bb. Krom\u011b kapesn\u00edch, dom\u00e1c\u00edch a profesion\u00e1ln\u00edch no\u017e\u016f, dnes nez\u00e1visl\u00e1 rodinn\u00e1 spole\u010dnost Victorinox vyr\u00e1b\u00ed a prod\u00e1v\u00e1 hodinky, cestovn\u00ed v\u00fdbavu, m\u00f3du a v\u016fn\u011b po cel\u00e9m sv\u011bt\u011b. Ka\u017ed\u00fd v\u00fdrobek je vyj\u00e1d\u0159en\u00edm \u0161v\u00fdcarsk\u00e9 kvality.<\/p>\n<\/div>\n<p>&nbsp;<\/p>\n<p>&nbsp;<\/p>\n","protected":false},"excerpt":{"rendered":"<p>Zav\u00edrac\u00ed n\u016f\u017e.<\/p>\n","protected":false},"featured_media":166466,"comment_status":"open","ping_status":"closed","template":"","meta":[],"pwb-brand":[1175],"product_brand":[],"product_cat":[22,17],"product_tag":[],"class_list":{"0":"post-166465","1":"product","2":"type-product","3":"status-publish","4":"has-post-thumbnail","6":"pwb-brand-victorinox","7":"product_cat-zaviraci-noze","8":"product_cat-noze","10":"first","11":"outofstock","12":"taxable","13":"shipping-taxable","14":"purchasable","15":"product-type-simple"},"brands":[{"id":1175,"name":"Victorinox","slug":"victorinox"}],"_links":{"self":[{"href":"https:\/\/www.moskito.cz\/fr\/wp-json\/wp\/v2\/product\/166465","targetHints":{"allow":["GET"]}}],"collection":[{"href":"https:\/\/www.moskito.cz\/fr\/wp-json\/wp\/v2\/product"}],"about":[{"href":"https:\/\/www.moskito.cz\/fr\/wp-json\/wp\/v2\/types\/product"}],"replies":[{"embeddable":true,"href":"https:\/\/www.moskito.cz\/fr\/wp-json\/wp\/v2\/comments?post=166465"}],"wp:featuredmedia":[{"embeddable":true,"href":"https:\/\/www.moskito.cz\/fr\/wp-json\/wp\/v2\/media\/166466"}],"wp:attachment":[{"href":"https:\/\/www.moskito.cz\/fr\/wp-json\/wp\/v2\/media?parent=166465"}],"wp:term":[{"taxonomy":"pwb-brand","embeddable":true,"href":"https:\/\/www.moskito.cz\/fr\/wp-json\/wp\/v2\/pwb-brand?post=166465"},{"taxonomy":"product_brand","embeddable":true,"href":"https:\/\/www.moskito.cz\/fr\/wp-json\/wp\/v2\/product_brand?post=166465"},{"taxonomy":"product_cat","embeddable":true,"href":"https:\/\/www.moskito.cz\/fr\/wp-json\/wp\/v2\/product_cat?post=166465"},{"taxonomy":"product_tag","embeddable":true,"href":"https:\/\/www.moskito.cz\/fr\/wp-json\/wp\/v2\/product_tag?post=166465"}],"curies":[{"name":"wp","href":"https:\/\/api.w.org\/{rel}","templated":true}]}}