{"id":166779,"date":"2020-01-04T09:57:53","date_gmt":"2020-01-04T08:57:53","guid":{"rendered":"https:\/\/www.moskito.cz\/?post_type=product&#038;p=166779"},"modified":"2025-07-11T07:50:21","modified_gmt":"2025-07-11T06:50:21","slug":"zaviraci-nuz-boker-plus-tech-tool-carbon-4-01bo826","status":"publish","type":"product","link":"https:\/\/www.moskito.cz\/fr\/produkt\/zaviraci-nuz-boker-plus-tech-tool-carbon-4-01bo826\/","title":{"rendered":"Zav\u00edrac\u00ed n\u016f\u017e B\u00f6ker Plus Tech Tool Carbon 4"},"content":{"rendered":"<p>Zav\u00edrac\u00ed n\u016f\u017e <strong>B\u00f6ker <\/strong>Plus Tech Tool Carbon 4 .<\/p>\n<p>B\u00f6ker Plus p\u0159in\u00e1\u0161\u00ed vynikaj\u00edc\u00ed, inovativn\u00ed koncepty no\u017e\u016f pro ka\u017edou misi. No\u017ee jsou navr\u017eeny podle n\u011bmeck\u00e9ho in\u017een\u00fdrstv\u00ed ve spolupr\u00e1ci se sv\u011btozn\u00e1m\u00fdmi odborn\u00edky jako nap\u0159. Chad Los Banos, Jim Burke, Jim Wanger, Tod Begg, Jesper Voxnaes.<\/p>\n<p>Celkov\u00e1 d\u00e9lka: 16,7 cm<br \/>\nD\u00e9lka \u010depele: 7,1 cm<br \/>\nHmotnost: 179 g<br \/>\nTlou\u0161\u0165ka \u010depele: 2.3 mm<br \/>\nOcel: 12C27<br \/>\nTvrdost: 58-60 HRC<br \/>\nRukoje\u0165: G10 \/ karbonov\u00e9 vl\u00e1kno<\/p>\n<p>B\u00f6ker &#8211; historie tov\u00e1rny sah\u00e1 a\u017e do 17. stolet\u00ed, p\u016fvodn\u00ed kov\u00e1rna tehdy byla um\u00edst\u011bna v Remscheidu. V letech 1829-30 se roz\u0161\u00ed\u0159ila v\u00fdroba i na \u0161avle a me\u010de. V t\u00e9 dob\u011b tov\u00e1rna zam\u011bstn\u00e1vala p\u0159es 100 kov\u00e1\u0159\u016f a brusi\u010d\u016f. V druh\u00e9 polovin\u011b 19 stolet\u00ed se \u010d\u00e1st rodiny p\u0159esunula do USA a Kanady, kde zalo\u017eila dal\u0161\u00ed v\u00fdrobn\u00ed z\u00e1vody. Posledn\u00ed ze sourozenc\u016f Bockerov\u00fdch, Heinrich se p\u0159est\u011bhoval do Solingenu odkud poch\u00e1z\u00ed v\u011bt\u0161ina dne\u0161n\u00ed produkce. Boker vyr\u00e1b\u00ed no\u017ee dle vlastn\u00edch n\u00e1vrh\u016f a dle n\u00e1vrh\u016f zn\u00e1m\u00fdch no\u017e\u00ed\u0159\u016f.<\/p>\n","protected":false},"excerpt":{"rendered":"<p>Zav\u00edrac\u00ed n\u016f\u017e <strong>Boker<\/strong>.<\/p>\n","protected":false},"featured_media":190181,"comment_status":"open","ping_status":"closed","template":"","meta":[],"pwb-brand":[140],"product_brand":[],"product_cat":[22,17],"product_tag":[3667],"class_list":{"0":"post-166779","1":"product","2":"type-product","3":"status-publish","4":"has-post-thumbnail","6":"pwb-brand-boker","7":"product_cat-zaviraci-noze","8":"product_cat-noze","9":"product_tag-b2b","11":"first","12":"outofstock","13":"taxable","14":"shipping-taxable","15":"purchasable","16":"product-type-simple"},"brands":[{"id":140,"name":"Boker","slug":"boker"}],"_links":{"self":[{"href":"https:\/\/www.moskito.cz\/fr\/wp-json\/wp\/v2\/product\/166779","targetHints":{"allow":["GET"]}}],"collection":[{"href":"https:\/\/www.moskito.cz\/fr\/wp-json\/wp\/v2\/product"}],"about":[{"href":"https:\/\/www.moskito.cz\/fr\/wp-json\/wp\/v2\/types\/product"}],"replies":[{"embeddable":true,"href":"https:\/\/www.moskito.cz\/fr\/wp-json\/wp\/v2\/comments?post=166779"}],"wp:featuredmedia":[{"embeddable":true,"href":"https:\/\/www.moskito.cz\/fr\/wp-json\/wp\/v2\/media\/190181"}],"wp:attachment":[{"href":"https:\/\/www.moskito.cz\/fr\/wp-json\/wp\/v2\/media?parent=166779"}],"wp:term":[{"taxonomy":"pwb-brand","embeddable":true,"href":"https:\/\/www.moskito.cz\/fr\/wp-json\/wp\/v2\/pwb-brand?post=166779"},{"taxonomy":"product_brand","embeddable":true,"href":"https:\/\/www.moskito.cz\/fr\/wp-json\/wp\/v2\/product_brand?post=166779"},{"taxonomy":"product_cat","embeddable":true,"href":"https:\/\/www.moskito.cz\/fr\/wp-json\/wp\/v2\/product_cat?post=166779"},{"taxonomy":"product_tag","embeddable":true,"href":"https:\/\/www.moskito.cz\/fr\/wp-json\/wp\/v2\/product_tag?post=166779"}],"curies":[{"name":"wp","href":"https:\/\/api.w.org\/{rel}","templated":true}]}}