{"id":167713,"date":"2020-03-28T19:51:46","date_gmt":"2020-03-28T18:51:46","guid":{"rendered":"https:\/\/www.moskito.cz\/?post_type=product&#038;p=167713"},"modified":"2025-07-11T07:50:59","modified_gmt":"2025-07-11T06:50:59","slug":"klicenka-patrona-9-mm","status":"publish","type":"product","link":"https:\/\/www.moskito.cz\/fr\/produkt\/klicenka-patrona-9-mm\/","title":{"rendered":"Kl\u00ed\u010denka PATRONA 9 mm"},"content":{"rendered":"<p>Kl\u00ed\u010denka Patrona 9 mm.<\/p>\n<p>Tento p\u0159\u00edv\u011bsek pot\u011b\u0161\u00ed opravdu ka\u017ed\u00e9ho \u010dlov\u011bka i s minim\u00e1ln\u00edm z\u00e1jmem o zbran\u011b.<\/p>\n<p>&nbsp;<\/p>\n","protected":false},"excerpt":{"rendered":"<p><strong>Patrona <\/strong>9 mm.ch<\/p>\n","protected":false},"featured_media":181993,"comment_status":"open","ping_status":"closed","template":"","meta":[],"pwb-brand":[168],"product_brand":[],"product_cat":[2031],"product_tag":[],"class_list":{"0":"post-167713","1":"product","2":"type-product","3":"status-publish","4":"has-post-thumbnail","6":"pwb-brand-chicago-cutlery","7":"product_cat-privesek","9":"first","10":"instock","11":"taxable","12":"shipping-taxable","13":"purchasable","14":"product-type-simple"},"brands":[{"id":168,"name":"Chicago Cutlery","slug":"chicago-cutlery"}],"_links":{"self":[{"href":"https:\/\/www.moskito.cz\/fr\/wp-json\/wp\/v2\/product\/167713","targetHints":{"allow":["GET"]}}],"collection":[{"href":"https:\/\/www.moskito.cz\/fr\/wp-json\/wp\/v2\/product"}],"about":[{"href":"https:\/\/www.moskito.cz\/fr\/wp-json\/wp\/v2\/types\/product"}],"replies":[{"embeddable":true,"href":"https:\/\/www.moskito.cz\/fr\/wp-json\/wp\/v2\/comments?post=167713"}],"wp:featuredmedia":[{"embeddable":true,"href":"https:\/\/www.moskito.cz\/fr\/wp-json\/wp\/v2\/media\/181993"}],"wp:attachment":[{"href":"https:\/\/www.moskito.cz\/fr\/wp-json\/wp\/v2\/media?parent=167713"}],"wp:term":[{"taxonomy":"pwb-brand","embeddable":true,"href":"https:\/\/www.moskito.cz\/fr\/wp-json\/wp\/v2\/pwb-brand?post=167713"},{"taxonomy":"product_brand","embeddable":true,"href":"https:\/\/www.moskito.cz\/fr\/wp-json\/wp\/v2\/product_brand?post=167713"},{"taxonomy":"product_cat","embeddable":true,"href":"https:\/\/www.moskito.cz\/fr\/wp-json\/wp\/v2\/product_cat?post=167713"},{"taxonomy":"product_tag","embeddable":true,"href":"https:\/\/www.moskito.cz\/fr\/wp-json\/wp\/v2\/product_tag?post=167713"}],"curies":[{"name":"wp","href":"https:\/\/api.w.org\/{rel}","templated":true}]}}