{"id":167732,"date":"2020-04-02T19:53:21","date_gmt":"2020-04-02T18:53:21","guid":{"rendered":"https:\/\/www.moskito.cz\/?post_type=product&#038;p=167732"},"modified":"2025-07-11T07:51:00","modified_gmt":"2025-07-11T06:51:00","slug":"kovova-pouta-na-palce","status":"publish","type":"product","link":"https:\/\/www.moskito.cz\/fr\/produkt\/kovova-pouta-na-palce\/","title":{"rendered":"Kovov\u00e1 pouta na palce"},"content":{"rendered":"<p>Kovov\u00e1 pouta na palce.<\/p>\n<p>Materi\u00e1l: ocel. Hmotnost: 118 g.<\/p>\n<p>Pou\u017e\u00edvaj\u00ed se ke spout\u00e1n\u00ed rukou ( u tohoto modelu ke spout\u00e1n\u00ed prst\u016f ) p\u0159i do\u010dasn\u00e9m zadr\u017een\u00ed nebo p\u0159eprav\u011b podez\u0159el\u00e9 osoby.<\/p>\n<p>Maj\u00ed z\u00e1padkov\u00fd zaji\u0161\u0165ovac\u00ed mechanismus.<\/p>\n<p>Obru\u010de i mechanizmus jsou z protikorozn\u00ed oceli. Celkov\u00fd rozm\u011br &#8211; 10cm<\/p>\n<p>&nbsp;<\/p>\n","protected":false},"excerpt":{"rendered":"<p>Kovov\u00e1 <strong>pouta <\/strong>na palce se dv\u011bma kl\u00ed\u010dky.<\/p>\n","protected":false},"featured_media":181997,"comment_status":"open","ping_status":"closed","template":"","meta":[],"pwb-brand":[202],"product_brand":[],"product_cat":[2032],"product_tag":[],"class_list":{"0":"post-167732","1":"product","2":"type-product","3":"status-publish","4":"has-post-thumbnail","6":"pwb-brand-china-made","7":"product_cat-pouta","9":"first","10":"outofstock","11":"taxable","12":"shipping-taxable","13":"purchasable","14":"product-type-simple"},"brands":[{"id":202,"name":"China Made","slug":"china-made"}],"_links":{"self":[{"href":"https:\/\/www.moskito.cz\/fr\/wp-json\/wp\/v2\/product\/167732","targetHints":{"allow":["GET"]}}],"collection":[{"href":"https:\/\/www.moskito.cz\/fr\/wp-json\/wp\/v2\/product"}],"about":[{"href":"https:\/\/www.moskito.cz\/fr\/wp-json\/wp\/v2\/types\/product"}],"replies":[{"embeddable":true,"href":"https:\/\/www.moskito.cz\/fr\/wp-json\/wp\/v2\/comments?post=167732"}],"wp:featuredmedia":[{"embeddable":true,"href":"https:\/\/www.moskito.cz\/fr\/wp-json\/wp\/v2\/media\/181997"}],"wp:attachment":[{"href":"https:\/\/www.moskito.cz\/fr\/wp-json\/wp\/v2\/media?parent=167732"}],"wp:term":[{"taxonomy":"pwb-brand","embeddable":true,"href":"https:\/\/www.moskito.cz\/fr\/wp-json\/wp\/v2\/pwb-brand?post=167732"},{"taxonomy":"product_brand","embeddable":true,"href":"https:\/\/www.moskito.cz\/fr\/wp-json\/wp\/v2\/product_brand?post=167732"},{"taxonomy":"product_cat","embeddable":true,"href":"https:\/\/www.moskito.cz\/fr\/wp-json\/wp\/v2\/product_cat?post=167732"},{"taxonomy":"product_tag","embeddable":true,"href":"https:\/\/www.moskito.cz\/fr\/wp-json\/wp\/v2\/product_tag?post=167732"}],"curies":[{"name":"wp","href":"https:\/\/api.w.org\/{rel}","templated":true}]}}