{"id":167737,"date":"2020-04-02T20:46:54","date_gmt":"2020-04-02T19:46:54","guid":{"rendered":"https:\/\/www.moskito.cz\/?post_type=product&#038;p=167737"},"modified":"2025-07-11T07:51:01","modified_gmt":"2025-07-11T06:51:01","slug":"boken-prirodni-katana","status":"publish","type":"product","link":"https:\/\/www.moskito.cz\/fr\/produkt\/boken-prirodni-katana\/","title":{"rendered":"Boken P\u0159\u00edrodn\u00ed Katana"},"content":{"rendered":"<p>P\u0159\u00edrodn\u00ed Katana.<\/p>\n<p>Tr\u00e9ninkov\u00fd samurajsk\u00fd me\u010d.<\/p>\n<p>D\u00e9lka: 102 cm.<\/p>\n<p><a href=\"https:\/\/cs.wikipedia.org\/wiki\/Bokut%C3%B3\" target=\"_blank\" rel=\"noopener noreferrer\">Boken<\/a>, nebo tak\u00e9 tak\u00e9 bokut\u00f3 je japonsk\u00e9 ozna\u010den\u00ed pro d\u0159ev\u011bn\u00fd me\u010d pou\u017e\u00edvan\u00fd p\u0159i n\u00e1cviku bojov\u00fdch technik. Tvar se \u010dasto li\u0161\u00ed podle konkr\u00e9tn\u00ed \u0161koly, v\u017edy v\u0161ak p\u0159ipom\u00edn\u00e1 z\u00e1kladn\u00ed tvar katany. Pro v\u00fdrobu se nej\u010dast\u011bji pou\u017e\u00edv\u00e1 dubov\u00e9 d\u0159evo. (Zdroj Wikipedie)<\/p>\n<p><a href=\"\/mece-dyky-repliky\/katany-a-mece\/\">Katana<\/a> je druh japonsk\u00e9ho me\u010de pou\u017e\u00edvan\u00e9ho od 15. stolet\u00ed. Katana m\u00e1 zak\u0159ivenou \u010depel, obdobn\u011b jako \u0161avle, s jedn\u00edm ost\u0159\u00edm, z\u00e1\u0161titou a rukojet\u00ed s ov\u00e1ln\u00fdm pr\u016f\u0159ezem. D\u00e9lka b\u00fdvala od dvou do t\u0159\u00ed \u0161aku (\u0161aku = 30,3 cm). Byla no\u0161ena samuraji vetknuta za p\u00e1sem ost\u0159\u00edm nahoru, tradi\u010dn\u011b spole\u010dn\u011b s kr\u00e1tk\u00fdm me\u010dem wakiza\u0161i nebo s osobn\u00ed samurajskou d\u00fdkou naz\u00fdvanou tant\u00f3.<\/p>\n","protected":false},"excerpt":{"rendered":"<h2>Boken &#8211; tr\u00e9ninkov\u00fd me\u010d<\/h2>\n","protected":false},"featured_media":167738,"comment_status":"open","ping_status":"closed","template":"","meta":[],"pwb-brand":[202],"product_brand":[],"product_cat":[24,1942],"product_tag":[],"class_list":{"0":"post-167737","1":"product","2":"type-product","3":"status-publish","4":"has-post-thumbnail","6":"pwb-brand-china-made","7":"product_cat-katany-a-mece","8":"product_cat-mece-dyky-repliky","10":"first","11":"outofstock","12":"taxable","13":"shipping-taxable","14":"purchasable","15":"product-type-simple"},"brands":[{"id":202,"name":"China Made","slug":"china-made"}],"_links":{"self":[{"href":"https:\/\/www.moskito.cz\/fr\/wp-json\/wp\/v2\/product\/167737","targetHints":{"allow":["GET"]}}],"collection":[{"href":"https:\/\/www.moskito.cz\/fr\/wp-json\/wp\/v2\/product"}],"about":[{"href":"https:\/\/www.moskito.cz\/fr\/wp-json\/wp\/v2\/types\/product"}],"replies":[{"embeddable":true,"href":"https:\/\/www.moskito.cz\/fr\/wp-json\/wp\/v2\/comments?post=167737"}],"wp:featuredmedia":[{"embeddable":true,"href":"https:\/\/www.moskito.cz\/fr\/wp-json\/wp\/v2\/media\/167738"}],"wp:attachment":[{"href":"https:\/\/www.moskito.cz\/fr\/wp-json\/wp\/v2\/media?parent=167737"}],"wp:term":[{"taxonomy":"pwb-brand","embeddable":true,"href":"https:\/\/www.moskito.cz\/fr\/wp-json\/wp\/v2\/pwb-brand?post=167737"},{"taxonomy":"product_brand","embeddable":true,"href":"https:\/\/www.moskito.cz\/fr\/wp-json\/wp\/v2\/product_brand?post=167737"},{"taxonomy":"product_cat","embeddable":true,"href":"https:\/\/www.moskito.cz\/fr\/wp-json\/wp\/v2\/product_cat?post=167737"},{"taxonomy":"product_tag","embeddable":true,"href":"https:\/\/www.moskito.cz\/fr\/wp-json\/wp\/v2\/product_tag?post=167737"}],"curies":[{"name":"wp","href":"https:\/\/api.w.org\/{rel}","templated":true}]}}