{"id":167809,"date":"2020-04-13T14:06:16","date_gmt":"2020-04-13T13:06:16","guid":{"rendered":"https:\/\/www.moskito.cz\/?post_type=product&#038;p=167809"},"modified":"2025-07-11T07:51:03","modified_gmt":"2025-07-11T06:51:03","slug":"zaviraci-nuz-victorinox-rangerwood-55-0-9561-63","status":"publish","type":"product","link":"https:\/\/www.moskito.cz\/fr\/produkt\/zaviraci-nuz-victorinox-rangerwood-55-0-9561-63\/","title":{"rendered":"Zav\u00edrac\u00ed n\u016f\u017e Victorinox RangerWood 55 0.9561.63"},"content":{"rendered":"<p>Zav\u00edrac\u00ed n\u016f\u017e Victorinox RangerWood 55 0.9561.63.<\/p>\n<p><span class=\"proKs\">Kapesn\u00ed n\u016f\u017e o velikosti 130 mm s pojistkou velk\u00e9 \u010depele. Po\u010det funkc\u00ed 12.<\/span><\/p>\n<div id=\"productDetailBottomText\" class=\"rounded\">\n<ul>\n<li class=\"style2\">velk\u00e1 \u010depel<\/li>\n<li class=\"style2\">pilka na d\u0159evo<\/li>\n<li class=\"style2\">v\u00fdvrtka<\/li>\n<li class=\"style2\">otv\u00edr\u00e1k na konzervy s<\/li>\n<li class=\"style2\">mal\u00fdm \u0161roubov\u00e1kem<\/li>\n<li class=\"style2\">otv\u00edr\u00e1k na l\u00e1hve s<\/li>\n<li class=\"style2\">\u0161roubov\u00e1kem<\/li>\n<li class=\"style2\">odstra\u0148ova\u010dem izolace z dr\u00e1t\u016f<\/li>\n<li class=\"style2\">v\u00fdstru\u017en\u00edk, pr\u016fbojn\u00edk<\/li>\n<li class=\"style2\">nerezov\u00fd krou\u017eek na kl\u00ed\u010de<\/li>\n<\/ul>\n<\/div>\n<p>&nbsp;<\/p>\n","protected":false},"excerpt":{"rendered":"<p>Kapesn\u00ed n\u016f\u017e o velikosti 130 mm s pojistkou velk\u00e9 \u010depele. Po\u010det funkc\u00ed 12.<br \/>\n<strong>Vyrobeno ve \u0160v\u00fdcarsku,do\u017eivotn\u00ed z\u00e1ruka.<\/strong><\/p>\n","protected":false},"featured_media":167810,"comment_status":"open","ping_status":"closed","template":"","meta":[],"pwb-brand":[1175],"product_brand":[],"product_cat":[22,17],"product_tag":[],"class_list":{"0":"post-167809","1":"product","2":"type-product","3":"status-publish","4":"has-post-thumbnail","6":"pwb-brand-victorinox","7":"product_cat-zaviraci-noze","8":"product_cat-noze","10":"first","11":"outofstock","12":"taxable","13":"shipping-taxable","14":"purchasable","15":"product-type-simple"},"brands":[{"id":1175,"name":"Victorinox","slug":"victorinox"}],"_links":{"self":[{"href":"https:\/\/www.moskito.cz\/fr\/wp-json\/wp\/v2\/product\/167809","targetHints":{"allow":["GET"]}}],"collection":[{"href":"https:\/\/www.moskito.cz\/fr\/wp-json\/wp\/v2\/product"}],"about":[{"href":"https:\/\/www.moskito.cz\/fr\/wp-json\/wp\/v2\/types\/product"}],"replies":[{"embeddable":true,"href":"https:\/\/www.moskito.cz\/fr\/wp-json\/wp\/v2\/comments?post=167809"}],"wp:featuredmedia":[{"embeddable":true,"href":"https:\/\/www.moskito.cz\/fr\/wp-json\/wp\/v2\/media\/167810"}],"wp:attachment":[{"href":"https:\/\/www.moskito.cz\/fr\/wp-json\/wp\/v2\/media?parent=167809"}],"wp:term":[{"taxonomy":"pwb-brand","embeddable":true,"href":"https:\/\/www.moskito.cz\/fr\/wp-json\/wp\/v2\/pwb-brand?post=167809"},{"taxonomy":"product_brand","embeddable":true,"href":"https:\/\/www.moskito.cz\/fr\/wp-json\/wp\/v2\/product_brand?post=167809"},{"taxonomy":"product_cat","embeddable":true,"href":"https:\/\/www.moskito.cz\/fr\/wp-json\/wp\/v2\/product_cat?post=167809"},{"taxonomy":"product_tag","embeddable":true,"href":"https:\/\/www.moskito.cz\/fr\/wp-json\/wp\/v2\/product_tag?post=167809"}],"curies":[{"name":"wp","href":"https:\/\/api.w.org\/{rel}","templated":true}]}}