{"id":167843,"date":"2020-04-19T18:34:25","date_gmt":"2020-04-19T17:34:25","guid":{"rendered":"https:\/\/www.moskito.cz\/?post_type=product&#038;p=167843"},"modified":"2025-07-11T07:51:05","modified_gmt":"2025-07-11T06:51:05","slug":"pevny-nuz-boker-manufaktur-bowie-120547","status":"publish","type":"product","link":"https:\/\/www.moskito.cz\/fr\/produkt\/pevny-nuz-boker-manufaktur-bowie-120547\/","title":{"rendered":"Pevn\u00fd n\u016f\u017e B\u00f6ker Manufaktur Bowie"},"content":{"rendered":"<p>Pevn\u00fd n\u016f\u017e B\u00f6ker Manufaktur Bowie 120547.<\/p>\n<p>&nbsp;<\/p>\n<p>B\u00f6ker \u2013 historie tov\u00e1rny sah\u00e1 a\u017e do 17. stolet\u00ed, p\u016fvodn\u00ed kov\u00e1rna tehdy byla um\u00edst\u011bna v Remscheidu. V letech 1829-30 se roz\u0161\u00ed\u0159ila v\u00fdroba i na \u0161avle a me\u010de. V t\u00e9 dob\u011b tov\u00e1rna zam\u011bstn\u00e1vala p\u0159es 100 kov\u00e1\u0159\u016f a brusi\u010d\u016f. V druh\u00e9 polovin\u011b 19 stolet\u00ed se \u010d\u00e1st rodiny p\u0159esunula do USA a Kanady, kde zalo\u017eila dal\u0161\u00ed v\u00fdrobn\u00ed z\u00e1vody. Posledn\u00ed ze sourozenc\u016f Bockerov\u00fdch, Heinrich se p\u0159est\u011bhoval do Solingenu odkud poch\u00e1z\u00ed v\u011bt\u0161ina dne\u0161n\u00ed produkce.<\/p>\n<p><strong>B\u00f6ker &#8211; Manufaktur Soligen Bowie 120547<\/strong><\/p>\n<p>\u00b7 \u00a0 \u00a0 \u00a0 \u00a0 <strong>Hmotnost\u00a0no\u017ee:\u00a0<\/strong>495 g<\/p>\n<p>\u00b7\u00a0\u00a0\u00a0\u00a0\u00a0\u00a0\u00a0\u00a0\u00a0<strong>D\u00e9lka no\u017ee:\u00a0<\/strong>325 mm<\/p>\n<p>\u00b7\u00a0\u00a0\u00a0\u00a0\u00a0\u00a0\u00a0\u00a0 <strong>D\u00e9lka \u010depele: <\/strong>198 mm<\/p>\n<p>\u00b7\u00a0\u00a0\u00a0\u00a0\u00a0\u00a0\u00a0\u00a0 <strong>\u0160\u00ed\u0159ka \u010depele:<\/strong>\u00a06,4 mm<\/p>\n<p>\u00b7 \u00a0 \u00a0 \u00a0 \u00a0 <b>Ocel<\/b>: 4034<\/p>\n<p>\u00b7\u00a0\u00a0\u00a0\u00a0\u00a0\u00a0\u00a0\u00a0 <strong>Tvrdost:\u00a0<\/strong>56-58 HRC<\/p>\n<p>\u00b7\u00a0\u00a0\u00a0\u00a0\u00a0\u00a0\u00a0\u00a0 <strong>Materi\u00e1l st\u0159enky: <\/strong>Walnut Wood<\/p>\n<p>\u00b7 \u00a0 \u00a0 \u00a0 \u00a0 <b>Pouzdro:\u00a0<\/b>ko\u017een\u00e9<\/p>\n<p>&nbsp;<\/p>\n<p>&nbsp;<\/p>\n","protected":false},"excerpt":{"rendered":"<p>Pevn\u00fd n\u016f\u017e s pouzdrem.<br \/>\n<strong>Doprava zdarma<\/strong>.<\/p>\n","protected":false},"featured_media":190148,"comment_status":"open","ping_status":"closed","template":"","meta":[],"pwb-brand":[140],"product_brand":[],"product_cat":[23,17],"product_tag":[3667],"class_list":{"0":"post-167843","1":"product","2":"type-product","3":"status-publish","4":"has-post-thumbnail","6":"pwb-brand-boker","7":"product_cat-pevne-noze","8":"product_cat-noze","9":"product_tag-b2b","11":"first","12":"instock","13":"taxable","14":"shipping-taxable","15":"purchasable","16":"product-type-simple"},"brands":[{"id":140,"name":"Boker","slug":"boker"}],"_links":{"self":[{"href":"https:\/\/www.moskito.cz\/fr\/wp-json\/wp\/v2\/product\/167843","targetHints":{"allow":["GET"]}}],"collection":[{"href":"https:\/\/www.moskito.cz\/fr\/wp-json\/wp\/v2\/product"}],"about":[{"href":"https:\/\/www.moskito.cz\/fr\/wp-json\/wp\/v2\/types\/product"}],"replies":[{"embeddable":true,"href":"https:\/\/www.moskito.cz\/fr\/wp-json\/wp\/v2\/comments?post=167843"}],"wp:featuredmedia":[{"embeddable":true,"href":"https:\/\/www.moskito.cz\/fr\/wp-json\/wp\/v2\/media\/190148"}],"wp:attachment":[{"href":"https:\/\/www.moskito.cz\/fr\/wp-json\/wp\/v2\/media?parent=167843"}],"wp:term":[{"taxonomy":"pwb-brand","embeddable":true,"href":"https:\/\/www.moskito.cz\/fr\/wp-json\/wp\/v2\/pwb-brand?post=167843"},{"taxonomy":"product_brand","embeddable":true,"href":"https:\/\/www.moskito.cz\/fr\/wp-json\/wp\/v2\/product_brand?post=167843"},{"taxonomy":"product_cat","embeddable":true,"href":"https:\/\/www.moskito.cz\/fr\/wp-json\/wp\/v2\/product_cat?post=167843"},{"taxonomy":"product_tag","embeddable":true,"href":"https:\/\/www.moskito.cz\/fr\/wp-json\/wp\/v2\/product_tag?post=167843"}],"curies":[{"name":"wp","href":"https:\/\/api.w.org\/{rel}","templated":true}]}}