{"id":168058,"date":"2020-05-01T20:55:11","date_gmt":"2020-05-01T19:55:11","guid":{"rendered":"https:\/\/www.moskito.cz\/?post_type=product&#038;p=168058"},"modified":"2025-07-11T07:51:19","modified_gmt":"2025-07-11T06:51:19","slug":"hodinky-victorinox-alliance-241476","status":"publish","type":"product","link":"https:\/\/www.moskito.cz\/fr\/produkt\/hodinky-victorinox-alliance-241476\/","title":{"rendered":"Hodinky Victorinox Alliance 241476"},"content":{"rendered":"<p>Hodinky Victorinox Alliance 241476.<\/p>\n<p>Kvalitn\u00ed \u0161v\u00fdcarsk\u00e9 hodinky zna\u010dky Victorinox z modelov\u00e9 \u0159ady\u00a0<strong>Alliance s ozna\u010den\u00edm 241476<\/strong>\u00a0jsou vodot\u011bsn\u00e9 do 100 m. Maj\u00ed\u00a0quartzov\u00fd strojek s ozna\u010den\u00edm\u00a0Ronda 715.<\/p>\n<p>Hodinky disponuj\u00ed\u00a0datumovkou, samoz\u0159ejmost\u00ed je saf\u00edrov\u00e9 skl\u00ed\u010dko s antireflexn\u00ed vrstvou, d\u00edky kter\u00e9mu na hodinky uvid\u00edte za\u00a0jak\u00fdchkoliv\u00a0okolnost\u00ed. Hodinky jsou dod\u00e1v\u00e1ny s ocelov\u00fdm n\u00e1ramkem.<\/p>\n<table>\n<tbody>\n<tr>\n<td>Ur\u010den\u00ed<\/td>\n<td>P\u00e1nsk\u00e9<\/td>\n<\/tr>\n<tr>\n<td>P\u016fvod<\/td>\n<td>\u0160v\u00fdcarsk\u00e9<\/td>\n<\/tr>\n<tr>\n<td>Pou\u017eit\u00ed<\/td>\n<td>Spole\u010densk\u00e9<\/td>\n<\/tr>\n<tr>\n<td>Vodot\u011bsnost<\/td>\n<td>100 m<\/td>\n<\/tr>\n<tr>\n<td>Pohon<\/td>\n<td>Bateriov\u00fd Quartz<\/td>\n<\/tr>\n<tr>\n<td>Strojek<\/td>\n<td>Ronda 715<\/td>\n<\/tr>\n<tr>\n<td>Baterie<\/td>\n<td>Ano<\/td>\n<\/tr>\n<tr>\n<td>Cifern\u00edk<\/td>\n<td>Analogov\u00fd<\/td>\n<\/tr>\n<tr>\n<td>Materi\u00e1l skl\u00ed\u010dka<\/td>\n<td>Saf\u00edrov\u00e9 &#8211; antireflexn\u00ed<\/td>\n<\/tr>\n<tr>\n<td>Materi\u00e1l pouzdra<\/td>\n<td>U\u0161lechtil\u00e1 ocel<\/td>\n<\/tr>\n<tr>\n<td>Materi\u00e1l p\u00e1sku<\/td>\n<td>U\u0161lechtil\u00e1 ocel<\/td>\n<\/tr>\n<tr>\n<td>Tvar pouzdra<\/td>\n<td>Kulat\u00e9<\/td>\n<\/tr>\n<tr>\n<td>Rozm\u011br pouzdra<\/td>\n<td>40 mm<\/td>\n<\/tr>\n<tr>\n<td>V\u00fd\u0161ka pouzdra<\/td>\n<td>9 mm<\/td>\n<\/tr>\n<tr>\n<td>\u0160\u00ed\u0159ka p\u00e1sku<\/td>\n<td>20 mm<\/td>\n<\/tr>\n<tr>\n<td>V\u00e1ha<\/td>\n<td>138 g<\/td>\n<\/tr>\n<tr>\n<td>Barva \u010d\u00edseln\u00edku<\/td>\n<td>B\u00edl\u00e1<\/td>\n<\/tr>\n<tr>\n<td>Barva n\u00e1ramku<\/td>\n<td>\u0160ed\u00e1<\/td>\n<\/tr>\n<tr>\n<td>Datum<\/td>\n<td>Ano<\/td>\n<\/tr>\n<tr>\n<td>Luminiscence<\/td>\n<td>Ru\u010di\u010dky a indexy<\/td>\n<\/tr>\n<tr>\n<td>V\u00edko na z\u00e1vit<\/td>\n<td>Ano<\/td>\n<\/tr>\n<tr>\n<td>Z\u00e1ruka<\/td>\n<td>5 rok\u016f<\/td>\n<\/tr>\n<\/tbody>\n<\/table>\n","protected":false},"excerpt":{"rendered":"<p>Hodinky <strong>Victorinox<\/strong>.<\/p>\n","protected":false},"featured_media":182958,"comment_status":"open","ping_status":"closed","template":"","meta":[],"pwb-brand":[1175],"product_brand":[],"product_cat":[2040],"product_tag":[],"class_list":{"0":"post-168058","1":"product","2":"type-product","3":"status-publish","4":"has-post-thumbnail","6":"pwb-brand-victorinox","7":"product_cat-hodinky","9":"first","10":"instock","11":"taxable","12":"shipping-taxable","13":"purchasable","14":"product-type-simple"},"brands":[{"id":1175,"name":"Victorinox","slug":"victorinox"}],"_links":{"self":[{"href":"https:\/\/www.moskito.cz\/fr\/wp-json\/wp\/v2\/product\/168058","targetHints":{"allow":["GET"]}}],"collection":[{"href":"https:\/\/www.moskito.cz\/fr\/wp-json\/wp\/v2\/product"}],"about":[{"href":"https:\/\/www.moskito.cz\/fr\/wp-json\/wp\/v2\/types\/product"}],"replies":[{"embeddable":true,"href":"https:\/\/www.moskito.cz\/fr\/wp-json\/wp\/v2\/comments?post=168058"}],"wp:featuredmedia":[{"embeddable":true,"href":"https:\/\/www.moskito.cz\/fr\/wp-json\/wp\/v2\/media\/182958"}],"wp:attachment":[{"href":"https:\/\/www.moskito.cz\/fr\/wp-json\/wp\/v2\/media?parent=168058"}],"wp:term":[{"taxonomy":"pwb-brand","embeddable":true,"href":"https:\/\/www.moskito.cz\/fr\/wp-json\/wp\/v2\/pwb-brand?post=168058"},{"taxonomy":"product_brand","embeddable":true,"href":"https:\/\/www.moskito.cz\/fr\/wp-json\/wp\/v2\/product_brand?post=168058"},{"taxonomy":"product_cat","embeddable":true,"href":"https:\/\/www.moskito.cz\/fr\/wp-json\/wp\/v2\/product_cat?post=168058"},{"taxonomy":"product_tag","embeddable":true,"href":"https:\/\/www.moskito.cz\/fr\/wp-json\/wp\/v2\/product_tag?post=168058"}],"curies":[{"name":"wp","href":"https:\/\/api.w.org\/{rel}","templated":true}]}}