{"id":168371,"date":"2020-05-23T16:03:30","date_gmt":"2020-05-23T15:03:30","guid":{"rendered":"https:\/\/www.moskito.cz\/?post_type=product&#038;p=168371"},"modified":"2025-07-11T07:51:23","modified_gmt":"2025-07-11T06:51:23","slug":"zaviraci-keltsky-nuz","status":"publish","type":"product","link":"https:\/\/www.moskito.cz\/fr\/produkt\/zaviraci-keltsky-nuz\/","title":{"rendered":"Zav\u00edrac\u00ed Keltsk\u00fd N\u016f\u017e Tac Force"},"content":{"rendered":"<div>\n<div>Zav\u00edrac\u00ed Keltsk\u00fd N\u016f\u017e Tac Force.<\/div>\n<div>Skl\u00e1dac\u00ed n\u016f\u017e ve tvaru historick\u00e9ho keltsk\u00e9ho k\u0159\u00ed\u017ee.N\u016f\u017e je s povrchovou \u00fapravou a je z nerezov\u00e9 ocele.<\/div>\n<div>D\u00e9lka \u010depele je 9 cm.N\u016f\u017e m\u00e1 klip na pohodln\u00e9 no\u0161en\u00ed.<\/div>\n<\/div>\n<div>\n<div id=\"tw-target\">\n<div id=\"kAz1tf\">\n<div id=\"tw-target-text-container\" tabindex=\"0\">\n<pre id=\"tw-target-text\" dir=\"ltr\" data-placeholder=\"P\u0159eklad\"><span lang=\"cs\">\u00a0<\/span><\/pre>\n<\/div>\n<\/div>\n<\/div>\n<\/div>\n","protected":false},"excerpt":{"rendered":"<p>N\u016f\u017e s pojistkou.<\/p>\n","protected":false},"featured_media":168372,"comment_status":"open","ping_status":"closed","template":"","meta":[],"pwb-brand":[634],"product_brand":[],"product_cat":[22,17],"product_tag":[],"class_list":{"0":"post-168371","1":"product","2":"type-product","3":"status-publish","4":"has-post-thumbnail","6":"pwb-brand-tac-force","7":"product_cat-zaviraci-noze","8":"product_cat-noze","10":"first","11":"outofstock","12":"taxable","13":"shipping-taxable","14":"purchasable","15":"product-type-simple"},"brands":[{"id":634,"name":"Tac Force","slug":"tac-force"}],"_links":{"self":[{"href":"https:\/\/www.moskito.cz\/fr\/wp-json\/wp\/v2\/product\/168371","targetHints":{"allow":["GET"]}}],"collection":[{"href":"https:\/\/www.moskito.cz\/fr\/wp-json\/wp\/v2\/product"}],"about":[{"href":"https:\/\/www.moskito.cz\/fr\/wp-json\/wp\/v2\/types\/product"}],"replies":[{"embeddable":true,"href":"https:\/\/www.moskito.cz\/fr\/wp-json\/wp\/v2\/comments?post=168371"}],"wp:featuredmedia":[{"embeddable":true,"href":"https:\/\/www.moskito.cz\/fr\/wp-json\/wp\/v2\/media\/168372"}],"wp:attachment":[{"href":"https:\/\/www.moskito.cz\/fr\/wp-json\/wp\/v2\/media?parent=168371"}],"wp:term":[{"taxonomy":"pwb-brand","embeddable":true,"href":"https:\/\/www.moskito.cz\/fr\/wp-json\/wp\/v2\/pwb-brand?post=168371"},{"taxonomy":"product_brand","embeddable":true,"href":"https:\/\/www.moskito.cz\/fr\/wp-json\/wp\/v2\/product_brand?post=168371"},{"taxonomy":"product_cat","embeddable":true,"href":"https:\/\/www.moskito.cz\/fr\/wp-json\/wp\/v2\/product_cat?post=168371"},{"taxonomy":"product_tag","embeddable":true,"href":"https:\/\/www.moskito.cz\/fr\/wp-json\/wp\/v2\/product_tag?post=168371"}],"curies":[{"name":"wp","href":"https:\/\/api.w.org\/{rel}","templated":true}]}}