{"id":168500,"date":"2020-06-02T09:49:38","date_gmt":"2020-06-02T08:49:38","guid":{"rendered":"https:\/\/www.moskito.cz\/?post_type=product&#038;p=168500"},"modified":"2025-07-11T07:51:26","modified_gmt":"2025-07-11T06:51:26","slug":"kladkova-kus-barnett-78042-wildcat-c6-set-4x32","status":"publish","type":"product","link":"https:\/\/www.moskito.cz\/fr\/produkt\/kladkova-kus-barnett-78042-wildcat-c6-set-4x32\/","title":{"rendered":"Kladkov\u00e1 Ku\u0161 BARNETT WILDCAT C6 set 4&#215;32"},"content":{"rendered":"<p>Kladkov\u00e1 Ku\u0161 BARNETT WILDCAT C6 set 4&#215;32.<\/p>\n<p>Ku\u0161 neboli samost\u0159\u00edl je p\u016fvodem historick\u00e1 zbra\u0148 pou\u017e\u00edvan\u00e1 p\u0159ev\u00e1\u017en\u011b ve st\u0159edov\u011bku a\u0165 ji\u017e k lovu \u010di k boji. Vynikala obrovskou razanc\u00ed a dlouh\u00fdm dost\u0159elem. Dnes legislativa lov touto zbran\u00ed ve v\u011bt\u0161in\u011b evropsk\u00fdch st\u00e1t\u016f zakazuje. Ku\u0161 dnes slou\u017e\u00ed p\u0159edev\u0161\u00edm sportovn\u00edm a rekrea\u010dn\u00edm \u00fa\u010del\u016fm. Modern\u00ed ku\u0161e s v\u00fdjimkou d\u011btsk\u00fdch se \u0161ipkami s p\u0159\u00edsavkou z\u016fst\u00e1vaj\u00ed st\u00e1le zbran\u00ed a tak jsou i klasifikov\u00e1ny Z\u00e1konem o zbran\u00edch a st\u0159elivu. Jejich prodej je voln\u00fd od 18-ti let.<\/p>\n<p>Pokud majitel dodr\u017e\u00ed n\u011bkolik z\u00e1sad, ku\u0161 mu poslou\u017e\u00ed jako zdroj outdoorov\u00e9 z\u00e1bavy l\u00e9ta:<\/p>\n<ol>\n<li>S ku\u0161\u00ed zach\u00e1zejte jako se zbran\u00ed &#8211; nenech\u00e1vejte j\u00ed nabitou, nemi\u0159te na osoby a zv\u00ed\u0159ata, a to ani v nenabit\u00e9m stavu z legrace a p\u0159i st\u0159elb\u011b dbejte, aby se v oblasti st\u0159elby nikdo nepohyboval (pob\u00edhaj\u00edc\u00ed d\u011bti, psy atp.).<\/li>\n<li>\u0160\u00edp z ku\u0161e m\u00e1 dlouh\u00fd dolet, p\u0159i v\u00fdst\u0159elu do vzduchu a\u017e 1.5 km. St\u0159\u00edlejte v\u017edy do bezpe\u010dn\u00e9ho prostoru (protisvah, z\u00e1chytn\u00e1 s\u00ed\u0165, &#8230;) a pro st\u0159elbu si vyhra\u010fte dostate\u010dn\u011b dlouh\u00fd, p\u0159ehledn\u00fd a bezpe\u010dn\u00fd prostor.<\/li>\n<li><strong>NIKDY nevyst\u0159elte s ku\u0161\u00ed NAPR\u00c1ZDNO &#8211; tedy bez \u0161\u00edpu.<\/strong> Chyb\u011bj\u00edc\u00ed odpor \u0161\u00edpu vede k destrukci t\u011btivy nebo lu\u010di\u0161t\u011b.<\/li>\n<li>Pou\u017e\u00edvejte \u0161\u00edpy spr\u00e1vn\u00e9 d\u00e9lky a hmotnosti. Leh\u010d\u00ed \u0161\u00edpy vedou k vy\u0161\u0161\u00edmu opot\u0159eben\u00ed a mohou zp\u016fsobit i destrukci ku\u0161e.<\/li>\n<li>T\u011btivu ku\u0161e pravideln\u011b promaz\u00e1vejte tukem na t\u011btivy\u00a0 prodlou\u017e\u00edte jej\u00ed \u017eivotnost.<\/li>\n<li>Pro \u0161\u00edpy pou\u017e\u00edvejte vhodn\u00e9 dopadi\u0161t\u011b. \u0160\u00edp p\u0159i dopadu mus\u00ed b\u00fdt zbr\u017ed\u011bn postupn\u011b, ne nar\u00e1z, na druhou stranu mus\u00ed b\u00fdt dopadi\u0161t\u011bm zcela zastaven. Vhodn\u00fdm dopadi\u0161t\u011bm krom\u011b b\u011b\u017en\u011b prod\u00e1van\u00fdch jsou baly sl\u00e1my, hobra sta\u017een\u00e1 d\u0159ev\u011bn\u00fdm r\u00e1mem nebo dostate\u010dn\u00e1 vrstva star\u00fdch hadr\u016f nap\u011bchovan\u00e1 do jutov\u00e9ho pytle atp.<\/li>\n<\/ol>\n<p>Ku\u0161e Barnett Wildcat C6 je kladkov\u00e1 ku\u0161e st\u0159edn\u00ed t\u0159\u00eddy s n\u00e1tahovou silou 140 lb (63 kg) a rameny 26.25\u201d (67cm rozte\u010d os kladek).<\/p>\n<p>Srdce je z ho\u0159\u010d\u00edkov\u00e9 slitiny, pa\u017eba z odleh\u010den\u00e9ko kompozitu je osazen\u00e1 ochrannou li\u0161tou. V z\u00e1kladn\u00ed v\u00fdbav\u011b ku\u0161e je v\u00edceosnovov\u00fd<\/p>\n<p>zam\u011b\u0159ovac\u00ed dalekohled 4&#215;32, kladkov\u00fd natahov\u00e1k, dr\u017e\u00e1k 3 \u0161\u00edp\u016f a 3 kusy 20\u201d \u0161\u00edp\u016f.<\/p>\n<p>Prodejn\u00e9 od 18 let.<\/p>\n<p>&nbsp;<\/p>\n","protected":false},"excerpt":{"rendered":"<p>Jedna z nejstar\u0161\u00edch v\u00fdkonn\u00fdch mechanick\u00fdch zbran\u00ed je ku\u0161e. D\u00edky technologick\u00e9mu pokroku u\u017e nem\u00e1me pouze tradi\u010dn\u00ed reflexn\u00ed ku\u0161e, ale tak\u00e9 ku\u0161e kladkov\u00e9, kter\u00e9 jsou d\u00edky sv\u00fdm kladk\u00e1m kompaktn\u011bj\u0161\u00ed a i p\u0159i ni\u017e\u0161\u00ed s\u00edle dosahuj\u00ed vy\u0161\u0161\u00edho v\u00fdkonu. Pro z\u00e1bavnou ter\u010dovou st\u0159elbu m\u00e1me pistolov\u00e9 ku\u0161e. Ku\u0161e sportovn\u00ed i loveck\u00e9.<\/p>\n","protected":false},"featured_media":168501,"comment_status":"open","ping_status":"closed","template":"","meta":[],"pwb-brand":[1373],"product_brand":[],"product_cat":[2042,2041],"product_tag":[],"class_list":{"0":"post-168500","1":"product","2":"type-product","3":"status-publish","4":"has-post-thumbnail","6":"pwb-brand-barnett","7":"product_cat-kuse-kladkove","8":"product_cat-kuse","10":"first","11":"instock","12":"taxable","13":"shipping-taxable","14":"purchasable","15":"product-type-simple"},"brands":[{"id":1373,"name":"Barnett","slug":"barnett"}],"_links":{"self":[{"href":"https:\/\/www.moskito.cz\/fr\/wp-json\/wp\/v2\/product\/168500","targetHints":{"allow":["GET"]}}],"collection":[{"href":"https:\/\/www.moskito.cz\/fr\/wp-json\/wp\/v2\/product"}],"about":[{"href":"https:\/\/www.moskito.cz\/fr\/wp-json\/wp\/v2\/types\/product"}],"replies":[{"embeddable":true,"href":"https:\/\/www.moskito.cz\/fr\/wp-json\/wp\/v2\/comments?post=168500"}],"wp:featuredmedia":[{"embeddable":true,"href":"https:\/\/www.moskito.cz\/fr\/wp-json\/wp\/v2\/media\/168501"}],"wp:attachment":[{"href":"https:\/\/www.moskito.cz\/fr\/wp-json\/wp\/v2\/media?parent=168500"}],"wp:term":[{"taxonomy":"pwb-brand","embeddable":true,"href":"https:\/\/www.moskito.cz\/fr\/wp-json\/wp\/v2\/pwb-brand?post=168500"},{"taxonomy":"product_brand","embeddable":true,"href":"https:\/\/www.moskito.cz\/fr\/wp-json\/wp\/v2\/product_brand?post=168500"},{"taxonomy":"product_cat","embeddable":true,"href":"https:\/\/www.moskito.cz\/fr\/wp-json\/wp\/v2\/product_cat?post=168500"},{"taxonomy":"product_tag","embeddable":true,"href":"https:\/\/www.moskito.cz\/fr\/wp-json\/wp\/v2\/product_tag?post=168500"}],"curies":[{"name":"wp","href":"https:\/\/api.w.org\/{rel}","templated":true}]}}