{"id":168531,"date":"2020-06-05T13:04:39","date_gmt":"2020-06-05T12:04:39","guid":{"rendered":"https:\/\/www.moskito.cz\/?post_type=product&#038;p=168531"},"modified":"2025-07-11T07:51:28","modified_gmt":"2025-07-11T06:51:28","slug":"zaviraci-nuz-victorinox-hunter-xt","status":"publish","type":"product","link":"https:\/\/www.moskito.cz\/fr\/produkt\/zaviraci-nuz-victorinox-hunter-xt\/","title":{"rendered":"Zav\u00edrac\u00ed N\u016f\u017e Victorinox Hunter XT Grip 0.8341.MC9"},"content":{"rendered":"<p>Zav\u00edrac\u00ed N\u016f\u017e <strong>Victorinox<\/strong> Hunter XT Grip 0.8341.MC9.<\/p>\n<p>Nov\u00e1 \u0159ada loveck\u00fdch no\u017e\u016f vych\u00e1z\u00ed z n\u011bkolika desetilet\u00ed spolupr\u00e1ce s myslivci. Myslivci jsou mimo\u0159\u00e1dn\u00ed lid\u00e9, proto\u017ee jsou schopni n\u00e1m velmi barvit\u011b vypr\u00e1v\u011bt o \u017eivotu v divo\u010din\u011b. Ochra\u0148uj\u00ed ohro\u017een\u00e9 druhy a zaji\u0161\u0165uj\u00ed rovnov\u00e1hu v p\u0159\u00edrod\u011b. A p\u0159i sv\u00e9 v\u00fdjime\u010dn\u00e9 pr\u00e1ci pot\u0159ebuj\u00ed skute\u010dn\u00e9ho spole\u010dn\u00edka. V\u00fdvojov\u00fd t\u00fdm spole\u010dnosti Victorinox \u00fazce spolupracuje s myslivci na v\u00fdvoji mimo\u0159\u00e1dn\u00fdch loveck\u00fdch no\u017e\u016f ji\u017e n\u011bkolik desetilet\u00ed.<br \/>\nJedn\u00edm z nejnov\u011bj\u0161\u00edch produkt\u016f, kter\u00e9 vze\u0161ly z t\u00e9to spolupr\u00e1ce, je kolekce \u201eNew Hunting\u201c.<\/p>\n<p>Rozm\u011bry (d\u00e9lka x \u0161\u00ed\u0159ka x v\u00fd\u0161ka): 111 x 35 x 20 mm<br \/>\nHmotnost: 150 g<br \/>\nvelk\u00fd zav\u00edrac\u00ed n\u016f\u017e<br \/>\npilka na d\u0159evo<br \/>\nv\u00fdvrtka<br \/>\nvyvrhovac\u00ed n\u016f\u017e<br \/>\nnerezov\u00fd krou\u017eek na kl\u00ed\u010de se \u0161n\u016frkou pro snadnou manipulaci.<\/p>\n","protected":false},"excerpt":{"rendered":"<p dir=\"ltr\" align=\"left\">Loveck\u00fd n\u016f\u017e s ergonomicky tvarovanou a\u00a0<span style=\"color: #2d2d2d;\">dvoubarevnou st\u0159enkou s protiskluzov\u00fdm povrchem pro komfortn\u011bj\u0161\u00ed dr\u017een\u00ed v ruce<\/span>. O\u010dka na \u010depel\u00edch umo\u017e\u0148uj\u00ed otev\u0159en\u00ed jednou rukou. \u0158ada loveck\u00fdch no\u017e\u016f vych\u00e1z\u00ed z n\u011bkolika desetilet\u00ed spolupr\u00e1ce s myslivci.<\/p>\n<p>&nbsp;<\/p>\n","protected":false},"featured_media":204746,"comment_status":"open","ping_status":"closed","template":"","meta":[],"pwb-brand":[1175],"product_brand":[],"product_cat":[22,17],"product_tag":[],"class_list":{"0":"post-168531","1":"product","2":"type-product","3":"status-publish","4":"has-post-thumbnail","6":"pwb-brand-victorinox","7":"product_cat-zaviraci-noze","8":"product_cat-noze","10":"first","11":"outofstock","12":"taxable","13":"shipping-taxable","14":"purchasable","15":"product-type-simple"},"brands":[{"id":1175,"name":"Victorinox","slug":"victorinox"}],"_links":{"self":[{"href":"https:\/\/www.moskito.cz\/fr\/wp-json\/wp\/v2\/product\/168531","targetHints":{"allow":["GET"]}}],"collection":[{"href":"https:\/\/www.moskito.cz\/fr\/wp-json\/wp\/v2\/product"}],"about":[{"href":"https:\/\/www.moskito.cz\/fr\/wp-json\/wp\/v2\/types\/product"}],"replies":[{"embeddable":true,"href":"https:\/\/www.moskito.cz\/fr\/wp-json\/wp\/v2\/comments?post=168531"}],"wp:featuredmedia":[{"embeddable":true,"href":"https:\/\/www.moskito.cz\/fr\/wp-json\/wp\/v2\/media\/204746"}],"wp:attachment":[{"href":"https:\/\/www.moskito.cz\/fr\/wp-json\/wp\/v2\/media?parent=168531"}],"wp:term":[{"taxonomy":"pwb-brand","embeddable":true,"href":"https:\/\/www.moskito.cz\/fr\/wp-json\/wp\/v2\/pwb-brand?post=168531"},{"taxonomy":"product_brand","embeddable":true,"href":"https:\/\/www.moskito.cz\/fr\/wp-json\/wp\/v2\/product_brand?post=168531"},{"taxonomy":"product_cat","embeddable":true,"href":"https:\/\/www.moskito.cz\/fr\/wp-json\/wp\/v2\/product_cat?post=168531"},{"taxonomy":"product_tag","embeddable":true,"href":"https:\/\/www.moskito.cz\/fr\/wp-json\/wp\/v2\/product_tag?post=168531"}],"curies":[{"name":"wp","href":"https:\/\/api.w.org\/{rel}","templated":true}]}}