{"id":168585,"date":"2020-06-09T09:44:45","date_gmt":"2020-06-09T08:44:45","guid":{"rendered":"https:\/\/www.moskito.cz\/?post_type=product&#038;p=168585"},"modified":"2025-07-30T06:03:57","modified_gmt":"2025-07-30T05:03:57","slug":"hanwei-practical-katana-sh1070","status":"publish","type":"product","link":"https:\/\/www.moskito.cz\/fr\/produkt\/hanwei-practical-katana-sh1070\/","title":{"rendered":"Hanwei Practical Katana SH1070"},"content":{"rendered":"<p><span class=\"navigation_page\">Hanwei Practical Katana SH1070<\/span>.<\/p>\n<p>Paul Chen \/ Hanwei Forge vyr\u00e1b\u00ed jedny z nejkvalitn\u011bj\u0161\u00edch me\u010d\u016f.<br \/>\nA\u017e na n\u011bkolik vyj\u00edmek jsou Hanwei ru\u010dn\u011b kovan\u00e9 \u010depele vyrobeny z vysoce uhl\u00edkov\u00e9 oceli. Kvalifikovan\u00ed kov\u00e1\u0159i pot\u00e9 dokon\u010d\u00ed z\u00e1kladn\u00ed profil do kone\u010dn\u00e9 f\u00e1ze a vznikne n\u00e1dhern\u00fd produkt \u0161pi\u010dkov\u00e9ho zpracov\u00e1n\u00ed s dlouhou \u017eivotnost\u00ed.<\/p>\n<p>Tato katana je jedna z nejpopul\u00e1rn\u011bj\u0161\u00edch samurajsk\u00fdch me\u010d\u016f od Hanweie.<\/p>\n<p>Velmi levn\u00fd a pln\u011b funk\u010dn\u00ed samurajsk\u00fd me\u010d.<\/p>\n<p>Uhl\u00edkov\u00e1 ocel 1566.<\/p>\n<p>Tvrdost: Ost\u0159\u00ed HRC60, t\u011blo HRC 40.<\/p>\n<p>D\u00e9lka katany: 100,3cm.<\/p>\n<p>\u010cepel: 69,2cm.<\/p>\n<p>Hmotnost: 1050g.<\/p>\n<p>\u010cern\u00e1 pochva.<\/p>\n<p>&nbsp;<\/p>\n","protected":false},"excerpt":{"rendered":"<p>Fukn\u010dn\u00ed me\u010d.<\/p>\n","protected":false},"featured_media":168586,"comment_status":"open","ping_status":"closed","template":"","meta":[],"pwb-brand":[194],"product_brand":[],"product_cat":[24,1942],"product_tag":[],"class_list":{"0":"post-168585","1":"product","2":"type-product","3":"status-publish","4":"has-post-thumbnail","6":"pwb-brand-cas-hanwei","7":"product_cat-katany-a-mece","8":"product_cat-mece-dyky-repliky","10":"first","11":"instock","12":"taxable","13":"shipping-taxable","14":"purchasable","15":"product-type-simple"},"brands":[{"id":194,"name":"CAS Hanwei","slug":"cas-hanwei"}],"_links":{"self":[{"href":"https:\/\/www.moskito.cz\/fr\/wp-json\/wp\/v2\/product\/168585","targetHints":{"allow":["GET"]}}],"collection":[{"href":"https:\/\/www.moskito.cz\/fr\/wp-json\/wp\/v2\/product"}],"about":[{"href":"https:\/\/www.moskito.cz\/fr\/wp-json\/wp\/v2\/types\/product"}],"replies":[{"embeddable":true,"href":"https:\/\/www.moskito.cz\/fr\/wp-json\/wp\/v2\/comments?post=168585"}],"wp:featuredmedia":[{"embeddable":true,"href":"https:\/\/www.moskito.cz\/fr\/wp-json\/wp\/v2\/media\/168586"}],"wp:attachment":[{"href":"https:\/\/www.moskito.cz\/fr\/wp-json\/wp\/v2\/media?parent=168585"}],"wp:term":[{"taxonomy":"pwb-brand","embeddable":true,"href":"https:\/\/www.moskito.cz\/fr\/wp-json\/wp\/v2\/pwb-brand?post=168585"},{"taxonomy":"product_brand","embeddable":true,"href":"https:\/\/www.moskito.cz\/fr\/wp-json\/wp\/v2\/product_brand?post=168585"},{"taxonomy":"product_cat","embeddable":true,"href":"https:\/\/www.moskito.cz\/fr\/wp-json\/wp\/v2\/product_cat?post=168585"},{"taxonomy":"product_tag","embeddable":true,"href":"https:\/\/www.moskito.cz\/fr\/wp-json\/wp\/v2\/product_tag?post=168585"}],"curies":[{"name":"wp","href":"https:\/\/api.w.org\/{rel}","templated":true}]}}