{"id":168700,"date":"2020-06-17T08:14:07","date_gmt":"2020-06-17T07:14:07","guid":{"rendered":"https:\/\/www.moskito.cz\/?post_type=product&#038;p=168700"},"modified":"2026-04-10T14:43:22","modified_gmt":"2026-04-10T13:43:22","slug":"keltsky-mec","status":"publish","type":"product","link":"https:\/\/www.moskito.cz\/fr\/produkt\/keltsky-mec\/","title":{"rendered":"Keltsk\u00fd Me\u010d"},"content":{"rendered":"<p>Keltsk\u00fd Me\u010d .<\/p>\n<p>Rukoje\u0165 je d\u0159ev\u011bn\u00e1 s le\u0161t\u011bnou hlavic\u00ed.Sou\u010d\u00e1st\u00ed je hn\u011bd\u00e9 ko\u017een\u00e9 pouzdro.<br \/>\nCelkov\u00e1 d\u00e9lka me\u010de je : 77,5 cm<br \/>\nDvojit\u00e1 \u010depel s dr\u00e1\u017ekou na krev je dlouh\u00e1 58 cm<\/p>\n<p>&nbsp;<\/p>\n<pre id=\"tw-target-text\" class=\"tw-data-text tw-text-large XcVN5d tw-ta\" dir=\"ltr\" data-placeholder=\"P\u0159eklad\"><span lang=\"cs\">\u00a0<\/span><\/pre>\n<pre id=\"tw-target-text\" class=\"tw-data-text tw-text-large XcVN5d tw-ta\" dir=\"ltr\" data-placeholder=\"P\u0159eklad\"><span lang=\"cs\">\u00a0<\/span><\/pre>\n","protected":false},"excerpt":{"rendered":"<p>Celtic Sword.<\/p>\n","protected":false},"featured_media":168701,"comment_status":"open","ping_status":"closed","template":"","meta":[],"pwb-brand":[131],"product_brand":[],"product_cat":[24,1942],"product_tag":[],"class_list":{"0":"post-168700","1":"product","2":"type-product","3":"status-publish","4":"has-post-thumbnail","6":"pwb-brand-pakistan","7":"product_cat-katany-a-mece","8":"product_cat-mece-dyky-repliky","10":"first","11":"outofstock","12":"taxable","13":"shipping-taxable","14":"purchasable","15":"product-type-simple"},"brands":[{"id":131,"name":"Pakistan","slug":"pakistan"}],"_links":{"self":[{"href":"https:\/\/www.moskito.cz\/fr\/wp-json\/wp\/v2\/product\/168700","targetHints":{"allow":["GET"]}}],"collection":[{"href":"https:\/\/www.moskito.cz\/fr\/wp-json\/wp\/v2\/product"}],"about":[{"href":"https:\/\/www.moskito.cz\/fr\/wp-json\/wp\/v2\/types\/product"}],"replies":[{"embeddable":true,"href":"https:\/\/www.moskito.cz\/fr\/wp-json\/wp\/v2\/comments?post=168700"}],"wp:featuredmedia":[{"embeddable":true,"href":"https:\/\/www.moskito.cz\/fr\/wp-json\/wp\/v2\/media\/168701"}],"wp:attachment":[{"href":"https:\/\/www.moskito.cz\/fr\/wp-json\/wp\/v2\/media?parent=168700"}],"wp:term":[{"taxonomy":"pwb-brand","embeddable":true,"href":"https:\/\/www.moskito.cz\/fr\/wp-json\/wp\/v2\/pwb-brand?post=168700"},{"taxonomy":"product_brand","embeddable":true,"href":"https:\/\/www.moskito.cz\/fr\/wp-json\/wp\/v2\/product_brand?post=168700"},{"taxonomy":"product_cat","embeddable":true,"href":"https:\/\/www.moskito.cz\/fr\/wp-json\/wp\/v2\/product_cat?post=168700"},{"taxonomy":"product_tag","embeddable":true,"href":"https:\/\/www.moskito.cz\/fr\/wp-json\/wp\/v2\/product_tag?post=168700"}],"curies":[{"name":"wp","href":"https:\/\/api.w.org\/{rel}","templated":true}]}}