{"id":169006,"date":"2020-07-22T11:39:53","date_gmt":"2020-07-22T10:39:53","guid":{"rendered":"https:\/\/www.moskito.cz\/?post_type=product&#038;p=169006"},"modified":"2025-07-11T07:51:40","modified_gmt":"2025-07-11T06:51:40","slug":"zaviraci-nuz-mtech-xtreme-mx-a810rd","status":"publish","type":"product","link":"https:\/\/www.moskito.cz\/fr\/produkt\/zaviraci-nuz-mtech-xtreme-mx-a810rd\/","title":{"rendered":"Zav\u00edrac\u00ed n\u016f\u017e MTech XTREME MX-A810RD"},"content":{"rendered":"<p>Zav\u00edrac\u00ed n\u016f\u017e MTech XTREME MX-A810RD.<br \/>\nOdoln\u00fd zav\u00edrac\u00ed n\u016f\u017e s asistovan\u00fdm otev\u00edr\u00e1n\u00edm. Celkov\u00e1 d\u00e9lka no\u017ee je 19 cm, d\u00e9lka no\u017ee v uzav\u0159en\u00e9m stavu je 11 cm. Nerezov\u00e1 \u010depel m\u00e1 \u00fapravu Stonewash a jej\u00ed d\u00e9lka je 7.5 cm. N\u016f\u017e disponuje \u0159eza\u010dkou p\u00e1s\u016f, hrotem na rozbit\u00ed skla a kapesn\u00edm klipem.<\/p>\n","protected":false},"excerpt":{"rendered":"<p>Zav\u00edrac\u00ed n\u016f\u017e.<\/p>\n","protected":false},"featured_media":169007,"comment_status":"open","ping_status":"closed","template":"","meta":[],"pwb-brand":[416],"product_brand":[],"product_cat":[22,17],"product_tag":[],"class_list":{"0":"post-169006","1":"product","2":"type-product","3":"status-publish","4":"has-post-thumbnail","6":"pwb-brand-mtech","7":"product_cat-zaviraci-noze","8":"product_cat-noze","10":"first","11":"instock","12":"taxable","13":"shipping-taxable","14":"purchasable","15":"product-type-simple"},"brands":[{"id":416,"name":"MTech","slug":"mtech"}],"_links":{"self":[{"href":"https:\/\/www.moskito.cz\/fr\/wp-json\/wp\/v2\/product\/169006","targetHints":{"allow":["GET"]}}],"collection":[{"href":"https:\/\/www.moskito.cz\/fr\/wp-json\/wp\/v2\/product"}],"about":[{"href":"https:\/\/www.moskito.cz\/fr\/wp-json\/wp\/v2\/types\/product"}],"replies":[{"embeddable":true,"href":"https:\/\/www.moskito.cz\/fr\/wp-json\/wp\/v2\/comments?post=169006"}],"wp:featuredmedia":[{"embeddable":true,"href":"https:\/\/www.moskito.cz\/fr\/wp-json\/wp\/v2\/media\/169007"}],"wp:attachment":[{"href":"https:\/\/www.moskito.cz\/fr\/wp-json\/wp\/v2\/media?parent=169006"}],"wp:term":[{"taxonomy":"pwb-brand","embeddable":true,"href":"https:\/\/www.moskito.cz\/fr\/wp-json\/wp\/v2\/pwb-brand?post=169006"},{"taxonomy":"product_brand","embeddable":true,"href":"https:\/\/www.moskito.cz\/fr\/wp-json\/wp\/v2\/product_brand?post=169006"},{"taxonomy":"product_cat","embeddable":true,"href":"https:\/\/www.moskito.cz\/fr\/wp-json\/wp\/v2\/product_cat?post=169006"},{"taxonomy":"product_tag","embeddable":true,"href":"https:\/\/www.moskito.cz\/fr\/wp-json\/wp\/v2\/product_tag?post=169006"}],"curies":[{"name":"wp","href":"https:\/\/api.w.org\/{rel}","templated":true}]}}