{"id":169330,"date":"2020-08-05T20:05:25","date_gmt":"2020-08-05T19:05:25","guid":{"rendered":"https:\/\/www.moskito.cz\/?post_type=product&#038;p=169330"},"modified":"2025-07-11T07:52:02","modified_gmt":"2025-07-11T06:52:02","slug":"vystrelovaci-nuz-microtech-utx-70-147-10-dod","status":"publish","type":"product","link":"https:\/\/www.moskito.cz\/fr\/produkt\/vystrelovaci-nuz-microtech-utx-70-147-10-dod\/","title":{"rendered":"Vyst\u0159elovac\u00ed N\u016f\u017e Microtech UTX-70 147-10 DOD"},"content":{"rendered":"<p>Vyst\u0159elovac\u00ed N\u016f\u017e <strong>Microtech <\/strong>UTX-70 147-10 DOD.<br \/>\n<strong>UTX-70<\/strong> je perfektn\u00ed kombinac\u00ed kompaktn\u00ed velikosti a velk\u00e9ho v\u00fdkonu. <strong>UTX-70 <\/strong>je vyroben ze stejn\u00e9ho materi\u00e1lu, na stejn\u00fdch stroj\u00edch a se stejnou vynal\u00e9zavost\u00ed jako jeho p\u0159edch\u016fdce. <strong>UTX-70 <\/strong>je dokonal\u00fdm no\u017eem pro v\u0161echny situace, bez ohledu na to, jak\u00fd bude v\u00e1\u0161 \u0159ezac\u00ed \u00fakol a bude hladce zapadat do va\u0161eho \u017eivotn\u00edho stylu. D\u00edky rychl\u00e9mu jednoru\u010dn\u00edmu otev\u00edr\u00e1n\u00ed a zav\u00edr\u00e1n\u00ed provede pr\u00e1ci za p\u00e1r sekund. UTX-70 m\u00e1 mnoho dostupn\u00fdch mo\u017enost\u00ed, jako jsou styly s jednou hranou, dvojitou hranou nebo tanto. N\u016f\u017e je vybaven oboustrannou sponou do kapsy kompaktn\u00ed velikost\u00ed, co\u017e je ide\u00e1ln\u00ed volba pro ka\u017edodenn\u00ed pou\u017eit\u00ed a no\u0161en\u00ed.<\/p>\n<p>Celkov\u00e1 d\u00e9lka: 14.07 cm<br \/>\nD\u00e9lka \u010depele: 6.02 cm<br \/>\nTlou\u0161\u0165ka \u010depele: 0,2 cm<br \/>\nMateri\u00e1l \u010depele: Bohler M390<br \/>\nTvrdost: 59-60 \u00b0 C<br \/>\nStyl \u010depel\u00ed: Drop Point<br \/>\nB\u0159itov\u00e9 desti\u010dky: Ploch\u00e9<br \/>\nTyp okraje: oby\u010dejn\u00fd<br \/>\nD\u00e9lka rukojeti: 8.05 cm<br \/>\nTlou\u0161\u0165ka rukojeti: 0,8 cm<br \/>\nMateri\u00e1l rukojeti: hlin\u00edk<br \/>\nHmotnost: 1,24 oz.<br \/>\nU\u017eivatel: Prav\u00e1 ruka<br \/>\nPocket Clip: Tip-Down<br \/>\nTyp no\u017ee: Double-Action OTF Automatic<br \/>\nOtv\u00edra\u010d: Thumb Slide<br \/>\nZna\u010dka: Microtech<br \/>\nModel: UTX-70<br \/>\n\u010c\u00edslo modelu: 147-10 DOD<br \/>\nZem\u011b p\u016fvodu: USA<br \/>\nNejlep\u0161\u00ed vyu\u017eit\u00ed: ka\u017edodenn\u00ed nosen\u00ed, taktick\u00e9<\/p>\n<p><iframe title=\"Microtech Combat Troodon Torture Test\" width=\"800\" height=\"450\" src=\"https:\/\/www.youtube.com\/embed\/xE9TeOFYEjg?feature=oembed\" frameborder=\"0\" allow=\"accelerometer; autoplay; clipboard-write; encrypted-media; gyroscope; picture-in-picture; web-share\" allowfullscreen><\/iframe><\/p>\n","protected":false},"excerpt":{"rendered":"<p>V pr\u016fb\u011bhu let <strong>Microtech\u00ae Knives<\/strong> naplnil v\u00e1\u0161n\u00ed a dovednost\u00ed v\u00fdrobu no\u017e\u016f, a\u017e z nich vytvo\u0159il t\u00e9m\u011b\u0159 um\u011bleck\u00e1 d\u00edla,kter\u00e9 jsou vrcholem funk\u010dnosti.V\u0161echny d\u00edly jsou vyrodeny v USA.<br \/>\n<strong>Na v\u0161echny no\u017ee Microtech je do\u017eivotn\u00ed z\u00e1ruka.<\/strong><\/p>\n","protected":false},"featured_media":177341,"comment_status":"open","ping_status":"closed","template":"","meta":[],"pwb-brand":[431],"product_brand":[],"product_cat":[2019,17],"product_tag":[3667],"class_list":{"0":"post-169330","1":"product","2":"type-product","3":"status-publish","4":"has-post-thumbnail","6":"pwb-brand-microtech","7":"product_cat-vystrelovaci-noze","8":"product_cat-noze","9":"product_tag-b2b","11":"first","12":"instock","13":"downloadable","14":"taxable","15":"shipping-taxable","16":"purchasable","17":"product-type-simple"},"brands":[{"id":431,"name":"Microtech","slug":"microtech"}],"_links":{"self":[{"href":"https:\/\/www.moskito.cz\/fr\/wp-json\/wp\/v2\/product\/169330","targetHints":{"allow":["GET"]}}],"collection":[{"href":"https:\/\/www.moskito.cz\/fr\/wp-json\/wp\/v2\/product"}],"about":[{"href":"https:\/\/www.moskito.cz\/fr\/wp-json\/wp\/v2\/types\/product"}],"replies":[{"embeddable":true,"href":"https:\/\/www.moskito.cz\/fr\/wp-json\/wp\/v2\/comments?post=169330"}],"wp:featuredmedia":[{"embeddable":true,"href":"https:\/\/www.moskito.cz\/fr\/wp-json\/wp\/v2\/media\/177341"}],"wp:attachment":[{"href":"https:\/\/www.moskito.cz\/fr\/wp-json\/wp\/v2\/media?parent=169330"}],"wp:term":[{"taxonomy":"pwb-brand","embeddable":true,"href":"https:\/\/www.moskito.cz\/fr\/wp-json\/wp\/v2\/pwb-brand?post=169330"},{"taxonomy":"product_brand","embeddable":true,"href":"https:\/\/www.moskito.cz\/fr\/wp-json\/wp\/v2\/product_brand?post=169330"},{"taxonomy":"product_cat","embeddable":true,"href":"https:\/\/www.moskito.cz\/fr\/wp-json\/wp\/v2\/product_cat?post=169330"},{"taxonomy":"product_tag","embeddable":true,"href":"https:\/\/www.moskito.cz\/fr\/wp-json\/wp\/v2\/product_tag?post=169330"}],"curies":[{"name":"wp","href":"https:\/\/api.w.org\/{rel}","templated":true}]}}