{"id":169662,"date":"2020-09-15T20:09:26","date_gmt":"2020-09-15T19:09:26","guid":{"rendered":"https:\/\/www.moskito.cz\/?post_type=product&#038;p=169662"},"modified":"2025-08-23T12:59:44","modified_gmt":"2025-08-23T11:59:44","slug":"sportovni-bio-vyziva-carbohydrate-400g","status":"publish","type":"product","link":"https:\/\/www.moskito.cz\/fr\/produkt\/sportovni-bio-vyziva-carbohydrate-400g\/","title":{"rendered":"Bio Carbohydrate 400g."},"content":{"rendered":"<p>Bio Carbohydrate 400g.(dopln\u011bk stravy)<br \/>\nVe\u0161ker\u00e9 dopl\u0148ky stravy Fights Star jsou vyrobeny speci\u00e1ln\u011b pro sportovce z pe\u010dliv\u011b vybran\u00fdch p\u0159\u00edrodn\u00edch surovin v nejvy\u0161\u0161\u00ed BIO potravin\u00e1\u0159sk\u00e9 kvalit\u011b. Jsou vyrobeny cestou tzv. \u201elisov\u00e1n\u00ed za studena\u201c. P\u0159i v\u00fdrob\u011b v teplotn\u00edm limitu do 40\u00b0C z\u016fst\u00e1vaj\u00ed zachov\u00e1ny v\u0161echny p\u0159irozen\u00e9 p\u0159\u00edrodn\u00ed l\u00e1tky s vysokou stravitelnost\u00ed. V\u00fdrobek je pln\u011bn v O3 atmosf\u00e9\u0159e tud\u00ed\u017e neobsahuje \u017d\u00c1DN\u00c9 konzervanty. V\u00fdrobek neobsahuje \u017e\u00e1dn\u00e9 chemicky vyroben\u00e9 l\u00e1tky, emulg\u00e1tory, stabiliz\u00e1tory, chemick\u00e1 barviva, aditiva, plniva, aromata ani b\u00edl\u00fd cukr.<\/p>\n<p>Vyv\u00e1\u017een\u00e1 sm\u011bs zaru\u010duje pozvoln\u00e9 vst\u0159eb\u00e1v\u00e1n\u00ed po dobu n\u011bkolika hodin, proto lze vyu\u017e\u00edt i ve ve\u010dern\u00edch hodin\u00e1ch.<\/p>\n<p>Nutri\u010dn\u00ed hodnoty (ve 100 g): b\u00edlkoviny 16,9 g, sacharidy (z toho cukry) 75,3 g, tuk 1,2 g, vl\u00e1knina 3,4 g<\/p>\n<p>Upozorn\u011bn\u00ed: Nep\u0159ekra\u010dujte doporu\u010den\u00e9 denn\u00ed d\u00e1vkov\u00e1n\u00ed. Nen\u00ed n\u00e1hradou pestr\u00e9 stravy. V\u00fdrobek nen\u00ed ur\u010den pro d\u011bti. Uchov\u00e1vejte mimo dosah d\u011bt\u00ed. Po otev\u0159en\u00ed spot\u0159ebujte do 3 m\u011bs\u00edc\u016f.<\/p>\n<p>Uchov\u00e1vejte v suchu a chladu, nevystavujte slunci ani mrazu, minim\u00e1ln\u00ed doba pou\u017eitelnosti p\u0159i dodr\u017een\u00ed optim\u00e1ln\u00edch skladovac\u00edch podm\u00ednek je vyzna\u010dena na etiket\u011b.<br \/>\nSlo\u017een\u00ed: gluk\u00f3za, frukt\u00f3za, malt\u00f3za, dextr\u00f3za, galakt\u00f3za a \u0161krobov\u00fd cukr, syrov\u00e1tkov\u00e1, vaje\u010dn\u00e1, obiln\u00e1 a sojov\u00e1 b\u00edlkovina<\/p>\n<p>Ur\u010deno pro: regeneraci po tr\u00e9ninku a dopln\u011bn\u00ed z\u00e1sadn\u00edch v\u00fd\u017eivov\u00fdch hodnot sp\u00e1len\u00fdch b\u011bhem tr\u00e9ninku a proti devastaci svalov\u00e9 hmoty zap\u0159\u00ed\u010din\u011bn\u00e9 tr\u00e9ninkem; p\u0159\u00edsun energie a v\u00fd\u017eiva pro svaly<\/p>\n<p>Charakteristika: V\u00fdrobek obsahuje v\u0161ech 7 druh\u016f sacharid\u016f \u2013 malt\u00f3zu, dextr\u00f3zu, frukt\u00f3zu, gluk\u00f3zu, galakt\u00f3zu, cukr\u00f3zu a \u0161krobov\u00fd cukr. T\u00edmto je zaru\u010dena komplexn\u00ed vst\u0159ebatelnost od rychl\u00fdch, p\u0159es st\u0159edn\u00ed a\u017e po pomal\u00e9 sacharidy, co\u017e je pro tr\u00e9nink nevyhnuteln\u00e9 pro dopln\u011bn\u00ed sacharidov\u00e9ho deficitu.<\/p>\n<p>Jako prvn\u00ed se v t\u011ble vst\u0159eb\u00e1v\u00e1 dextr\u00f3za a to u\u017e po p\u011bti sekund\u00e1ch je\u0161t\u011b na sliznici. Dextr\u00f3za je deriv\u00e1t frukt\u00f3zy a je obsa\u017eena nap\u0159. v hroznov\u00e9m cukru. Druh\u00e1 se vst\u0159eb\u00e1v\u00e1 v t\u011ble gluk\u00f3za, pot\u00e9 frukt\u00f3za, malt\u00f3za, galakt\u00f3za a nakonec \u0161krobov\u00fd cukr.<\/p>\n<p>Druhou slo\u017ekou substr\u00e1tu je 19 % obsa\u017een\u00e9ho proteinu, kter\u00fd je k v\u016fli rozmanitosti pohyb\u016f a v\u00fddr\u017ee v bojov\u00fdch sportech \u010cTY\u0158SLO\u017dKOV\u00dd.<\/p>\n<p>Dopln\u011bk stravy tak\u00e9 kv\u016fli maxim\u00e1ln\u00ed komplexnosti obsahuje \u0159adu miner\u00e1l\u016f nepostradateln\u00fdch pro organismus se zv\u00fd\u0161enou fyzickou aktivitou, ale tak\u00e9 miner\u00e1l\u016f, kter\u00fdch se bohu\u017eel t\u011blo zbavuje p\u0159i fyzick\u00e9 z\u00e1t\u011b\u017ei: Ca, Fe, Mg, P, K, Na, Zn, Cu, Mn a Se.<\/p>\n<p>Dal\u0161\u00ed formule pro vyv\u00e1\u017eenou v\u00fd\u017eivu cvi\u010denc\u016f a cvi\u010denky\u0148 bojov\u00fdch sport\u016f je komplex vitam\u00edn\u016f:<br \/>\nA, B1, B2, B3, B6, B12, C, D, D3, E a K.<\/p>\n","protected":false},"excerpt":{"rendered":"<p>Ve\u0161ker\u00e9 dopl\u0148ky stravy Fights Star jsou vyrobeny speci\u00e1ln\u011b pro sportovce z pe\u010dliv\u011b vybran\u00fdch p\u0159\u00edrodn\u00edch surovin v nejvy\u0161\u0161\u00ed BIO potravin\u00e1\u0159sk\u00e9 kvalit\u011b. Jsou vyrobeny cestou tzv. \u201elisov\u00e1n\u00ed za studena\u201c. P\u0159i v\u00fdrob\u011b v teplotn\u00edm limitu do 40\u00b0C z\u016fst\u00e1vaj\u00ed zachov\u00e1ny v\u0161echny p\u0159irozen\u00e9 p\u0159\u00edrodn\u00ed l\u00e1tky s vysokou stravitelnost\u00ed. V\u00fdrobek je pln\u011bn v O3 atmosf\u00e9\u0159e tud\u00ed\u017e neobsahuje \u017d\u00c1DN\u00c9 konzervanty. V\u00fdrobek neobsahuje \u017e\u00e1dn\u00e9 chemicky vyroben\u00e9 l\u00e1tky, emulg\u00e1tory, stabiliz\u00e1tory, chemick\u00e1 barviva, aditiva, plniva, aromata ani b\u00edl\u00fd cukr.<\/p>\n","protected":false},"featured_media":169663,"comment_status":"open","ping_status":"closed","template":"","meta":[],"pwb-brand":[2059],"product_brand":[],"product_cat":[2060],"product_tag":[],"class_list":{"0":"post-169662","1":"product","2":"type-product","3":"status-publish","4":"has-post-thumbnail","6":"pwb-brand-fights-star","7":"product_cat-bio-protein","9":"first","10":"outofstock","11":"taxable","12":"shipping-taxable","13":"purchasable","14":"product-type-simple"},"brands":[{"id":2059,"name":"Fights Star","slug":"fights-star"}],"_links":{"self":[{"href":"https:\/\/www.moskito.cz\/fr\/wp-json\/wp\/v2\/product\/169662","targetHints":{"allow":["GET"]}}],"collection":[{"href":"https:\/\/www.moskito.cz\/fr\/wp-json\/wp\/v2\/product"}],"about":[{"href":"https:\/\/www.moskito.cz\/fr\/wp-json\/wp\/v2\/types\/product"}],"replies":[{"embeddable":true,"href":"https:\/\/www.moskito.cz\/fr\/wp-json\/wp\/v2\/comments?post=169662"}],"wp:featuredmedia":[{"embeddable":true,"href":"https:\/\/www.moskito.cz\/fr\/wp-json\/wp\/v2\/media\/169663"}],"wp:attachment":[{"href":"https:\/\/www.moskito.cz\/fr\/wp-json\/wp\/v2\/media?parent=169662"}],"wp:term":[{"taxonomy":"pwb-brand","embeddable":true,"href":"https:\/\/www.moskito.cz\/fr\/wp-json\/wp\/v2\/pwb-brand?post=169662"},{"taxonomy":"product_brand","embeddable":true,"href":"https:\/\/www.moskito.cz\/fr\/wp-json\/wp\/v2\/product_brand?post=169662"},{"taxonomy":"product_cat","embeddable":true,"href":"https:\/\/www.moskito.cz\/fr\/wp-json\/wp\/v2\/product_cat?post=169662"},{"taxonomy":"product_tag","embeddable":true,"href":"https:\/\/www.moskito.cz\/fr\/wp-json\/wp\/v2\/product_tag?post=169662"}],"curies":[{"name":"wp","href":"https:\/\/api.w.org\/{rel}","templated":true}]}}