{"id":169666,"date":"2020-09-15T20:22:21","date_gmt":"2020-09-15T19:22:21","guid":{"rendered":"https:\/\/www.moskito.cz\/?post_type=product&#038;p=169666"},"modified":"2025-08-23T12:57:18","modified_gmt":"2025-08-23T11:57:18","slug":"sportovni-bio-vyziva-protein-mix-400g","status":"publish","type":"product","link":"https:\/\/www.moskito.cz\/fr\/produkt\/sportovni-bio-vyziva-protein-mix-400g\/","title":{"rendered":"Bio Protein MIX 400g."},"content":{"rendered":"<p>Bio Protein MIX 400g. (dopln\u011bk stravy)<br \/>\nUr\u010deno pro: n\u00e1r\u016fst svalov\u00e9 hmoty.<\/p>\n<p>Ve\u0161ker\u00e9 dopl\u0148ky stravy Fights Star jsou vyrobeny speci\u00e1ln\u011b pro sportovce z pe\u010dliv\u011b vybran\u00fdch p\u0159\u00edrodn\u00edch surovin v nejvy\u0161\u0161\u00ed BIO potravin\u00e1\u0159sk\u00e9 kvalit\u011b. Jsou vyrobeny cestou tzv. \u201elisov\u00e1n\u00ed za studena\u201c. P\u0159i v\u00fdrob\u011b v teplotn\u00edm limitu do 40\u00b0C z\u016fst\u00e1vaj\u00ed zachov\u00e1ny v\u0161echny p\u0159irozen\u00e9 p\u0159\u00edrodn\u00ed l\u00e1tky s vysokou stravitelnost\u00ed. V\u00fdrobek je pln\u011bn v O3 atmosf\u00e9\u0159e tud\u00ed\u017e neobsahuje \u017d\u00c1DN\u00c9 konzervanty. V\u00fdrobek neobsahuje \u017e\u00e1dn\u00e9 chemicky vyroben\u00e9 l\u00e1tky, emulg\u00e1tory, stabiliz\u00e1tory, chemick\u00e1 barviva, aditiva, plniva, aromata ani b\u00edl\u00fd cukr.<\/p>\n<p>Charakteristika: V\u00fdrobek obsahuje 76 % b\u00edlkovin, 14 druh\u016f vitam\u00edn\u016f, 10 druh\u016f miner\u00e1l\u016f a 18 druh\u016f aminokyselin a je dopln\u011bn o \u00fa\u010dinn\u00e9 slo\u017eky pro komplexn\u00ed ochranu kloub\u016f a vazivov\u00fdch apar\u00e1t\u016f (glukosamin sulf\u00e1t, chondroitin sulf\u00e1t, MSM). Dal\u0161\u00ed ned\u00edln\u00e9 slo\u017eky pro komplexn\u00ed v\u00fd\u017eivu jsou vitam\u00edny a miner\u00e1ly:<\/p>\n<p>Vitaminy: A, B1, B2, B3, B6, B12, C, D, D3, E, K<br \/>\nMiner\u00e1ly: Ca, Fe, Mg, P, K, Na, Zn, Cu, Mn, Se<\/p>\n<p>Pro komplexn\u011bj\u0161\u00ed obsah aminokyselin obsahuje j\u00e1hly, amarant, pohanku a dal\u0161\u00ed suroviny, kter\u00e9 p\u0159isp\u00edvaj\u00ed i k:<\/p>\n<p>dobr\u00e9mu na pro\u010di\u0161t\u011bn\u00ed st\u0159ev (zabra\u0148uje z\u00e1n\u011btu dvan\u00e1ctn\u00edku, nad\u00fdm\u00e1n\u00ed, rakovin\u011b),<br \/>\nzpr\u016fchodn\u011bn\u00ed c\u00e9v, jejich pru\u017enosti,<br \/>\nzlep\u0161en\u00ed imunitn\u00edho syst\u00e9mu,<br \/>\nvylu\u010dov\u00e1n\u00ed kyseliny mo\u010dov\u00e9 a<br \/>\nprevenci p\u0159ed hemeroidy.<\/p>\n<p>Vyv\u00e1\u017een\u00e1 sm\u011bs zaru\u010duje pozvoln\u00e9 vst\u0159eb\u00e1v\u00e1n\u00ed po dobu n\u011bkolika hodin, proto lze vyu\u017e\u00edt i ve ve\u010dern\u00edch hodin\u00e1ch.<\/p>\n<p>Nutri\u010dn\u00ed hodnoty (ve 100 g): b\u00edlkoviny 76 g, sacharidy (z toho cukry) 13 g, tuk 0,7 g<\/p>\n<p>Upozorn\u011bn\u00ed: Nep\u0159ekra\u010dujte doporu\u010den\u00e9 denn\u00ed d\u00e1vkov\u00e1n\u00ed. Nen\u00ed n\u00e1hradou pestr\u00e9 stravy. V\u00fdrobek nen\u00ed ur\u010den pro d\u011bti, t\u011bhotn\u00e9 a koj\u00edc\u00ed \u017eeny. Uchov\u00e1vejte mimo dosah d\u011bt\u00ed. Po otev\u0159en\u00ed spot\u0159ebujte do 3 m\u011bs\u00edc\u016f.<\/p>\n<p>Uchov\u00e1vejte v suchu a chladu, nevystavujte slunci ani mrazu, minim\u00e1ln\u00ed doba pou\u017eitelnosti p\u0159i dodr\u017een\u00ed optim\u00e1ln\u00edch skladovac\u00edch podm\u00ednek je vyzna\u010dena na etiket\u011b.<\/p>\n","protected":false},"excerpt":{"rendered":"<p>Ve\u0161ker\u00e9 dopl\u0148ky stravy Fights Star jsou vyrobeny speci\u00e1ln\u011b pro sportovce z pe\u010dliv\u011b vybran\u00fdch p\u0159\u00edrodn\u00edch surovin v nejvy\u0161\u0161\u00ed BIO potravin\u00e1\u0159sk\u00e9 kvalit\u011b. Jsou vyrobeny cestou tzv. \u201elisov\u00e1n\u00ed za studena\u201c. P\u0159i v\u00fdrob\u011b v teplotn\u00edm limitu do 40\u00b0C z\u016fst\u00e1vaj\u00ed zachov\u00e1ny v\u0161echny p\u0159irozen\u00e9 p\u0159\u00edrodn\u00ed l\u00e1tky s vysokou stravitelnost\u00ed. V\u00fdrobek je pln\u011bn v O3 atmosf\u00e9\u0159e tud\u00ed\u017e neobsahuje \u017d\u00c1DN\u00c9 konzervanty. V\u00fdrobek neobsahuje \u017e\u00e1dn\u00e9 chemicky vyroben\u00e9 l\u00e1tky, emulg\u00e1tory, stabiliz\u00e1tory, chemick\u00e1 barviva, aditiva, plniva, aromata ani b\u00edl\u00fd cukr.<\/p>\n","protected":false},"featured_media":169667,"comment_status":"open","ping_status":"closed","template":"","meta":[],"pwb-brand":[2059],"product_brand":[],"product_cat":[2060],"product_tag":[],"class_list":{"0":"post-169666","1":"product","2":"type-product","3":"status-publish","4":"has-post-thumbnail","6":"pwb-brand-fights-star","7":"product_cat-bio-protein","9":"first","10":"outofstock","11":"taxable","12":"shipping-taxable","13":"purchasable","14":"product-type-simple"},"brands":[{"id":2059,"name":"Fights Star","slug":"fights-star"}],"_links":{"self":[{"href":"https:\/\/www.moskito.cz\/fr\/wp-json\/wp\/v2\/product\/169666","targetHints":{"allow":["GET"]}}],"collection":[{"href":"https:\/\/www.moskito.cz\/fr\/wp-json\/wp\/v2\/product"}],"about":[{"href":"https:\/\/www.moskito.cz\/fr\/wp-json\/wp\/v2\/types\/product"}],"replies":[{"embeddable":true,"href":"https:\/\/www.moskito.cz\/fr\/wp-json\/wp\/v2\/comments?post=169666"}],"wp:featuredmedia":[{"embeddable":true,"href":"https:\/\/www.moskito.cz\/fr\/wp-json\/wp\/v2\/media\/169667"}],"wp:attachment":[{"href":"https:\/\/www.moskito.cz\/fr\/wp-json\/wp\/v2\/media?parent=169666"}],"wp:term":[{"taxonomy":"pwb-brand","embeddable":true,"href":"https:\/\/www.moskito.cz\/fr\/wp-json\/wp\/v2\/pwb-brand?post=169666"},{"taxonomy":"product_brand","embeddable":true,"href":"https:\/\/www.moskito.cz\/fr\/wp-json\/wp\/v2\/product_brand?post=169666"},{"taxonomy":"product_cat","embeddable":true,"href":"https:\/\/www.moskito.cz\/fr\/wp-json\/wp\/v2\/product_cat?post=169666"},{"taxonomy":"product_tag","embeddable":true,"href":"https:\/\/www.moskito.cz\/fr\/wp-json\/wp\/v2\/product_tag?post=169666"}],"curies":[{"name":"wp","href":"https:\/\/api.w.org\/{rel}","templated":true}]}}