{"id":169818,"date":"2020-09-26T19:59:25","date_gmt":"2020-09-26T18:59:25","guid":{"rendered":"https:\/\/www.moskito.cz\/?post_type=product&#038;p=169818"},"modified":"2025-07-11T07:52:27","modified_gmt":"2025-07-11T06:52:27","slug":"stojanek-na-katany","status":"publish","type":"product","link":"https:\/\/www.moskito.cz\/fr\/produkt\/stojanek-na-katany\/","title":{"rendered":"Stojan na katany"},"content":{"rendered":"<p>Stojan na katany.<br \/>\nStoj\u00e1nek na katanu je skl\u00e1dac\u00ed &#8211; pomoc\u00ed n\u011bkolika d\u0159ev\u011bn\u00fdch prvk\u016f ho jednodu\u0161e slo\u017e\u00edte \u010di rozlo\u017e\u00edte.<\/p>\n","protected":false},"excerpt":{"rendered":"<p>Stojan na katany.<\/p>\n","protected":false},"featured_media":169819,"comment_status":"open","ping_status":"closed","template":"","meta":[],"pwb-brand":[117],"product_brand":[],"product_cat":[24,1942],"product_tag":[],"class_list":{"0":"post-169818","1":"product","2":"type-product","3":"status-publish","4":"has-post-thumbnail","6":"pwb-brand-miscellaneous","7":"product_cat-katany-a-mece","8":"product_cat-mece-dyky-repliky","10":"first","11":"outofstock","12":"taxable","13":"shipping-taxable","14":"purchasable","15":"product-type-simple"},"brands":[{"id":117,"name":"Miscellaneous","slug":"miscellaneous"}],"_links":{"self":[{"href":"https:\/\/www.moskito.cz\/fr\/wp-json\/wp\/v2\/product\/169818","targetHints":{"allow":["GET"]}}],"collection":[{"href":"https:\/\/www.moskito.cz\/fr\/wp-json\/wp\/v2\/product"}],"about":[{"href":"https:\/\/www.moskito.cz\/fr\/wp-json\/wp\/v2\/types\/product"}],"replies":[{"embeddable":true,"href":"https:\/\/www.moskito.cz\/fr\/wp-json\/wp\/v2\/comments?post=169818"}],"wp:featuredmedia":[{"embeddable":true,"href":"https:\/\/www.moskito.cz\/fr\/wp-json\/wp\/v2\/media\/169819"}],"wp:attachment":[{"href":"https:\/\/www.moskito.cz\/fr\/wp-json\/wp\/v2\/media?parent=169818"}],"wp:term":[{"taxonomy":"pwb-brand","embeddable":true,"href":"https:\/\/www.moskito.cz\/fr\/wp-json\/wp\/v2\/pwb-brand?post=169818"},{"taxonomy":"product_brand","embeddable":true,"href":"https:\/\/www.moskito.cz\/fr\/wp-json\/wp\/v2\/product_brand?post=169818"},{"taxonomy":"product_cat","embeddable":true,"href":"https:\/\/www.moskito.cz\/fr\/wp-json\/wp\/v2\/product_cat?post=169818"},{"taxonomy":"product_tag","embeddable":true,"href":"https:\/\/www.moskito.cz\/fr\/wp-json\/wp\/v2\/product_tag?post=169818"}],"curies":[{"name":"wp","href":"https:\/\/api.w.org\/{rel}","templated":true}]}}