{"id":169888,"date":"2020-09-29T20:23:48","date_gmt":"2020-09-29T19:23:48","guid":{"rendered":"https:\/\/www.moskito.cz\/?post_type=product&#038;p=169888"},"modified":"2025-08-23T12:49:48","modified_gmt":"2025-08-23T11:49:48","slug":"bio-protein-l-glutamin-1kg","status":"publish","type":"product","link":"https:\/\/www.moskito.cz\/fr\/produkt\/bio-protein-l-glutamin-1kg\/","title":{"rendered":"Bio Protein L-Glutamin 1kg."},"content":{"rendered":"<h2 data-start=\"138\" data-end=\"233\"><strong data-start=\"141\" data-end=\"231\">Bio Protein L-Glutamin 1 kg \u2013 rychlej\u0161\u00ed regenerace, v\u011bt\u0161\u00ed s\u00edla, \u010dist\u00e1 p\u0159\u00edrodn\u00ed kvalita<\/strong><\/h2>\n<p data-start=\"235\" data-end=\"637\">Chce\u0161 ze sv\u00e9ho tr\u00e9ninku vyt\u011b\u017eit maximum a regenerovat rychleji ne\u017e kdy d\u0159\u00edv? <strong data-start=\"312\" data-end=\"353\">Bio Protein L-Glutamin od Fights Star<\/strong> je pr\u00e9miov\u00fd dopln\u011bk stravy v nejvy\u0161\u0161\u00ed BIO potravin\u00e1\u0159sk\u00e9 kvalit\u011b, vyroben\u00fd \u0161etrn\u00fdm lisov\u00e1n\u00edm za studena p\u0159i teplot\u011b do 40 \u00b0C. D\u00edky t\u00e9to technologii si zachov\u00e1v\u00e1 v\u0161echny p\u0159irozen\u00e9 l\u00e1tky s vysokou stravitelnost\u00ed a biologickou hodnotou \u2013 zcela bez chemie, konzervant\u016f, barviv \u010di plniv.<\/p>\n<p data-start=\"639\" data-end=\"987\">Glutamin je kl\u00ed\u010dov\u00e1 aminokyselina, kter\u00e1 <strong data-start=\"680\" data-end=\"795\">urychluje regeneraci sval\u016f, zvy\u0161uje n\u00e1r\u016fst s\u00edly a rychlosti a podporuje tvorbu r\u016fstov\u00e9ho hormonu i testosteronu<\/strong>. D\u00edky extr\u00e9mn\u011b vysok\u00e9mu obsahu glutaminu (18 g na 100 g produktu) je tento protein ide\u00e1ln\u00ed pro <strong data-start=\"891\" data-end=\"929\">n\u00e1ro\u010dn\u00e9 a vysoce v\u00fdkonn\u00e9 sportovce<\/strong>, kte\u0159\u00ed cht\u011bj\u00ed z\u016fstat v top form\u011b i p\u0159i tvrd\u00e9m tr\u00e9ninku.<\/p>\n<hr data-start=\"989\" data-end=\"992\" \/>\n<h3 data-start=\"994\" data-end=\"1018\"><strong data-start=\"998\" data-end=\"1018\">Hlavn\u00ed p\u0159ednosti<\/strong><\/h3>\n<ul data-start=\"1019\" data-end=\"1485\">\n<li data-start=\"1019\" data-end=\"1102\">\n<p data-start=\"1021\" data-end=\"1102\"><strong data-start=\"1021\" data-end=\"1050\">100% p\u0159\u00edrodn\u00ed BIO kvalita<\/strong> \u2013 bez konzervant\u016f, barviv, stabiliz\u00e1tor\u016f a aromat<\/p>\n<\/li>\n<li data-start=\"1103\" data-end=\"1177\">\n<p data-start=\"1105\" data-end=\"1177\"><strong data-start=\"1105\" data-end=\"1128\">Lisov\u00e1no za studena<\/strong> \u2013 zachov\u00e1n\u00ed v\u0161ech \u017eivin a snadn\u00e1 stravitelnost<\/p>\n<\/li>\n<li data-start=\"1178\" data-end=\"1263\">\n<p data-start=\"1180\" data-end=\"1263\"><strong data-start=\"1180\" data-end=\"1231\">Extr\u00e9mn\u011b vysok\u00fd obsah glutaminu (18 g na 100 g)<\/strong> \u2013 okam\u017eit\u00e1 podpora regenerace<\/p>\n<\/li>\n<li data-start=\"1264\" data-end=\"1332\">\n<p data-start=\"1266\" data-end=\"1332\"><strong data-start=\"1266\" data-end=\"1330\">Zvy\u0161uje p\u0159irozenou produkci r\u016fstov\u00e9ho hormonu a testosteronu<\/strong><\/p>\n<\/li>\n<li data-start=\"1333\" data-end=\"1404\">\n<p data-start=\"1335\" data-end=\"1404\"><strong data-start=\"1335\" data-end=\"1402\">Dod\u00e1v\u00e1 svalov\u00fdm bu\u0148k\u00e1m energii a zrychluje obnovu svalov\u00e9 tk\u00e1n\u011b<\/strong><\/p>\n<\/li>\n<li data-start=\"1405\" data-end=\"1485\">\n<p data-start=\"1407\" data-end=\"1485\"><strong data-start=\"1407\" data-end=\"1483\">Pln\u011bno v O3 atmosf\u00e9\u0159e \u2013 absolutn\u00ed \u010derstvost bez pou\u017eit\u00ed chemick\u00fdch l\u00e1tek<\/strong><\/p>\n<\/li>\n<\/ul>\n<hr data-start=\"1487\" data-end=\"1490\" \/>\n<h3 data-start=\"1492\" data-end=\"1521\"><strong data-start=\"1496\" data-end=\"1521\">Technick\u00e9 specifikace<\/strong><\/h3>\n<ul data-start=\"1522\" data-end=\"1847\">\n<li data-start=\"1522\" data-end=\"1551\">\n<p data-start=\"1524\" data-end=\"1551\"><strong data-start=\"1524\" data-end=\"1544\">Hmotnost balen\u00ed:<\/strong> 1 kg<\/p>\n<\/li>\n<li data-start=\"1552\" data-end=\"1634\">\n<p data-start=\"1554\" data-end=\"1634\"><strong data-start=\"1554\" data-end=\"1571\">Typ proteinu:<\/strong> za studena extrahovan\u00e1 b\u00edlkovina s vysok\u00fdm obsahem glutaminu<\/p>\n<\/li>\n<li data-start=\"1635\" data-end=\"1673\">\n<p data-start=\"1637\" data-end=\"1673\"><strong data-start=\"1637\" data-end=\"1656\">Obsah b\u00edlkovin:<\/strong> 77,2 g \/ 100 g<\/p>\n<\/li>\n<li data-start=\"1674\" data-end=\"1719\">\n<p data-start=\"1676\" data-end=\"1719\"><strong data-start=\"1676\" data-end=\"1690\">Sacharidy:<\/strong> 9,9 g (z toho cukry 9,9 g)<\/p>\n<\/li>\n<li data-start=\"1720\" data-end=\"1739\">\n<p data-start=\"1722\" data-end=\"1739\"><strong data-start=\"1722\" data-end=\"1731\">Tuky:<\/strong> 5,4 g<\/p>\n<\/li>\n<li data-start=\"1740\" data-end=\"1759\">\n<p data-start=\"1742\" data-end=\"1759\"><strong data-start=\"1742\" data-end=\"1751\">Voda:<\/strong> 6,3 g<\/p>\n<\/li>\n<li data-start=\"1760\" data-end=\"1797\">\n<p data-start=\"1762\" data-end=\"1797\"><strong data-start=\"1762\" data-end=\"1782\">Obsah glutaminu:<\/strong> 18 g \/ 100 g<\/p>\n<\/li>\n<li data-start=\"1798\" data-end=\"1847\">\n<p data-start=\"1800\" data-end=\"1847\"><strong data-start=\"1800\" data-end=\"1821\">Doporu\u010den\u00e9 u\u017eit\u00ed:<\/strong> 2\u20133\u00d7 denn\u011b podle z\u00e1t\u011b\u017ee<\/p>\n<\/li>\n<\/ul>\n<hr data-start=\"1849\" data-end=\"1852\" \/>\n<h3 data-start=\"1854\" data-end=\"1880\"><strong data-start=\"1858\" data-end=\"1880\">Pro koho je ur\u010den?<\/strong><\/h3>\n<ul data-start=\"1881\" data-end=\"2102\">\n<li data-start=\"1881\" data-end=\"1949\">\n<p data-start=\"1883\" data-end=\"1949\"><strong data-start=\"1883\" data-end=\"1918\">Silov\u00e9 a vytrvalostn\u00ed sportovce<\/strong> s vysokou tr\u00e9ninkovou z\u00e1t\u011b\u017e\u00ed<\/p>\n<\/li>\n<li data-start=\"1950\" data-end=\"2022\">\n<p data-start=\"1952\" data-end=\"2022\"><strong data-start=\"1952\" data-end=\"2020\">Atlety, kte\u0159\u00ed cht\u011bj\u00ed rychlej\u0161\u00ed regeneraci a n\u00e1r\u016fst svalov\u00e9 hmoty<\/strong><\/p>\n<\/li>\n<li data-start=\"2023\" data-end=\"2102\">\n<p data-start=\"2025\" data-end=\"2102\"><strong data-start=\"2025\" data-end=\"2100\">Ka\u017ed\u00e9ho, kdo pot\u0159ebuje t\u011blu dodat maximum glutaminu bez zbyte\u010dn\u00e9 chemie<\/strong><\/p>\n<\/li>\n<\/ul>\n<hr data-start=\"2104\" data-end=\"2107\" \/>\n<h3 data-start=\"2109\" data-end=\"2145\"><strong data-start=\"2113\" data-end=\"2145\">V\u00fdhody oproti jin\u00fdm dopl\u0148k\u016fm<\/strong><\/h3>\n<ul data-start=\"2146\" data-end=\"2480\">\n<li data-start=\"2146\" data-end=\"2264\">\n<p data-start=\"2148\" data-end=\"2264\">Oproti b\u011b\u017en\u00fdm protein\u016fm obsahuje <strong data-start=\"2181\" data-end=\"2207\">v\u00fdrazn\u011b v\u00edce glutaminu<\/strong>, jedn\u00e9 z nejd\u016fle\u017eit\u011bj\u0161\u00edch aminokyselin pro regeneraci.<\/p>\n<\/li>\n<li data-start=\"2265\" data-end=\"2376\">\n<p data-start=\"2267\" data-end=\"2376\">Oproti levn\u00fdm sm\u011bs\u00edm neobsahuje \u017e\u00e1dn\u00e9 plnidla, aromata ani um\u011bl\u00e1 sladidla \u2013 <strong data-start=\"2343\" data-end=\"2373\">jen \u010dist\u00e1 p\u0159\u00edrodn\u00ed kvalita<\/strong>.<\/p>\n<\/li>\n<li data-start=\"2377\" data-end=\"2480\">\n<p data-start=\"2379\" data-end=\"2480\">Glutamin p\u016fsob\u00ed synergicky s BCAA \u2013 vhodn\u00fd pro ty, kdo cht\u011bj\u00ed podpo\u0159it v\u00fdkon i regeneraci sou\u010dasn\u011b.<\/p>\n<\/li>\n<\/ul>\n<hr data-start=\"2482\" data-end=\"2485\" \/>\n<h3 data-start=\"2487\" data-end=\"2514\"><strong data-start=\"2491\" data-end=\"2514\">D\u00e1vkov\u00e1n\u00ed a u\u017e\u00edv\u00e1n\u00ed<\/strong><\/h3>\n<ul data-start=\"2515\" data-end=\"2711\">\n<li data-start=\"2515\" data-end=\"2541\">\n<p data-start=\"2517\" data-end=\"2541\"><strong data-start=\"2517\" data-end=\"2539\">40 g r\u00e1no na la\u010dno<\/strong><\/p>\n<\/li>\n<li data-start=\"2542\" data-end=\"2566\">\n<p data-start=\"2544\" data-end=\"2566\"><strong data-start=\"2544\" data-end=\"2564\">40 g po tr\u00e9ninku<\/strong><\/p>\n<\/li>\n<li data-start=\"2567\" data-end=\"2711\">\n<p data-start=\"2569\" data-end=\"2711\"><strong data-start=\"2569\" data-end=\"2590\">40 g p\u0159ed sp\u00e1nkem<\/strong><br data-start=\"2590\" data-end=\"2593\" \/>Maxim\u00e1ln\u011b <strong data-start=\"2603\" data-end=\"2618\">120 g denn\u011b<\/strong> pro sportovce okolo 80 kg t\u011blesn\u00e9 hmotnosti. Sm\u00edchej s vodou nebo jin\u00fdm obl\u00edben\u00fdm n\u00e1pojem.<\/p>\n<\/li>\n<\/ul>\n<hr data-start=\"2713\" data-end=\"2716\" \/>\n<h3 data-start=\"2718\" data-end=\"2749\"><strong data-start=\"2722\" data-end=\"2749\">Upozorn\u011bn\u00ed a skladov\u00e1n\u00ed<\/strong><\/h3>\n<ul data-start=\"2750\" data-end=\"2942\">\n<li data-start=\"2750\" data-end=\"2793\">\n<p data-start=\"2752\" data-end=\"2793\">Nep\u0159ekra\u010duj doporu\u010den\u00e9 denn\u00ed d\u00e1vkov\u00e1n\u00ed.<\/p>\n<\/li>\n<li data-start=\"2794\" data-end=\"2842\">\n<p data-start=\"2796\" data-end=\"2842\">Nen\u00ed ur\u010deno pro d\u011bti, t\u011bhotn\u00e9 a koj\u00edc\u00ed \u017eeny.<\/p>\n<\/li>\n<li data-start=\"2843\" data-end=\"2903\">\n<p data-start=\"2845\" data-end=\"2903\">Uchov\u00e1vej v suchu a chladu, mimo slune\u010dn\u00ed z\u00e1\u0159en\u00ed a mr\u00e1z.<\/p>\n<\/li>\n<li data-start=\"2904\" data-end=\"2942\">\n<p data-start=\"2906\" data-end=\"2942\">Po otev\u0159en\u00ed spot\u0159ebuj do 3 m\u011bs\u00edc\u016f.<\/p>\n<\/li>\n<\/ul>\n<hr data-start=\"2944\" data-end=\"2947\" \/>\n<h3 data-start=\"2949\" data-end=\"2978\"><strong data-start=\"2953\" data-end=\"2978\">Pro\u010d si ho zamiluje\u0161?<\/strong><\/h3>\n<p data-start=\"2979\" data-end=\"3183\">Proto\u017ee poskytuje <strong data-start=\"2997\" data-end=\"3063\">jednu z nejvy\u0161\u0161\u00edch d\u00e1vek glutaminu na trhu v \u010dist\u00e9 BIO kvalit\u011b<\/strong>, kter\u00e1 ti umo\u017en\u00ed tr\u00e9novat tvrd\u011bji, regenerovat rychleji a dos\u00e1hnout maxim\u00e1ln\u00edch v\u00fdsledk\u016f \u2013 bez zbyte\u010dn\u00fdch kompromis\u016f.<\/p>\n","protected":false},"excerpt":{"rendered":"<p><strong>Proto\u017ee poskytuje jednu z nejvy\u0161\u0161\u00edch d\u00e1vek glutaminu na trhu v \u010dist\u00e9 BIO kvalit\u011b, kter\u00e1 ti umo\u017en\u00ed tr\u00e9novat tvrd\u011bji, regenerovat rychleji a dos\u00e1hnout maxim\u00e1ln\u00edch v\u00fdsledk\u016f \u2013 bez zbyte\u010dn\u00fdch kompromis\u016f.<\/strong><\/p>\n","protected":false},"featured_media":169889,"comment_status":"open","ping_status":"closed","template":"","meta":[],"pwb-brand":[2059],"product_brand":[],"product_cat":[2060],"product_tag":[],"class_list":{"0":"post-169888","1":"product","2":"type-product","3":"status-publish","4":"has-post-thumbnail","6":"pwb-brand-fights-star","7":"product_cat-bio-protein","9":"first","10":"instock","11":"taxable","12":"shipping-taxable","13":"purchasable","14":"product-type-simple"},"brands":[{"id":2059,"name":"Fights Star","slug":"fights-star"}],"_links":{"self":[{"href":"https:\/\/www.moskito.cz\/fr\/wp-json\/wp\/v2\/product\/169888","targetHints":{"allow":["GET"]}}],"collection":[{"href":"https:\/\/www.moskito.cz\/fr\/wp-json\/wp\/v2\/product"}],"about":[{"href":"https:\/\/www.moskito.cz\/fr\/wp-json\/wp\/v2\/types\/product"}],"replies":[{"embeddable":true,"href":"https:\/\/www.moskito.cz\/fr\/wp-json\/wp\/v2\/comments?post=169888"}],"wp:featuredmedia":[{"embeddable":true,"href":"https:\/\/www.moskito.cz\/fr\/wp-json\/wp\/v2\/media\/169889"}],"wp:attachment":[{"href":"https:\/\/www.moskito.cz\/fr\/wp-json\/wp\/v2\/media?parent=169888"}],"wp:term":[{"taxonomy":"pwb-brand","embeddable":true,"href":"https:\/\/www.moskito.cz\/fr\/wp-json\/wp\/v2\/pwb-brand?post=169888"},{"taxonomy":"product_brand","embeddable":true,"href":"https:\/\/www.moskito.cz\/fr\/wp-json\/wp\/v2\/product_brand?post=169888"},{"taxonomy":"product_cat","embeddable":true,"href":"https:\/\/www.moskito.cz\/fr\/wp-json\/wp\/v2\/product_cat?post=169888"},{"taxonomy":"product_tag","embeddable":true,"href":"https:\/\/www.moskito.cz\/fr\/wp-json\/wp\/v2\/product_tag?post=169888"}],"curies":[{"name":"wp","href":"https:\/\/api.w.org\/{rel}","templated":true}]}}