{"id":170438,"date":"2020-10-09T14:07:04","date_gmt":"2020-10-09T13:07:04","guid":{"rendered":"https:\/\/www.moskito.cz\/?post_type=product&#038;p=170438"},"modified":"2025-07-11T07:52:45","modified_gmt":"2025-07-11T06:52:45","slug":"vystrelovaci-nuz-microtech-ultratech-jade-green-122-1-gtjg","status":"publish","type":"product","link":"https:\/\/www.moskito.cz\/fr\/produkt\/vystrelovaci-nuz-microtech-ultratech-jade-green-122-1-gtjg\/","title":{"rendered":"Vyst\u0159elovac\u00ed N\u016f\u017e Microtech Ultratech Jade Green 122-1 GTJG"},"content":{"rendered":"<p>Vyst\u0159elovac\u00ed N\u016f\u017e <strong>Microtech<\/strong> Ultratech Jade Green 122-1 GTJG.<br \/>\nTento Exkluzivn\u00ed Ultratech je vybaven p\u0159irozenou horn\u00ed rukojet\u00ed G-10, kter\u00e1 poskytuje fascinuj\u00edc\u00ed pohled na \u010darod\u011bjnictv\u00ed pod krytem!<\/p>\n<p>Tento Ultratech je vybaven d\u00fdkou s dvojit\u00fdm ost\u0159\u00edm s \u010dern\u00fdm povrchem a hladk\u00fdmi \u0159ezn\u00fdmi hranami. M\u00e1 tvarovanou \u010dern\u011b eloxovanou hlin\u00edkovou rukoje\u0165 6061-T6 s \u010dernou hotovou sponou, rozbija\u010d skla a hardware z nerezov\u00e9 oceli.<\/p>\n<p>Spole\u010dnost <strong>Microtech<\/strong> vybavila tuto verzi st\u00e1le popul\u00e1rn\u011bj\u0161\u00edho no\u017ee Ultratech D \/ A OTF hladk\u00fdm tvarovan\u00fdm designem rukojeti, kter\u00fd podporuje zv\u00fd\u0161en\u00e9 pohodl\u00ed p\u0159i pou\u017e\u00edv\u00e1n\u00ed. Tento aktualizovan\u00fd model poskytuje stejn\u00e9 rozm\u011bry, hardware a odolnost, jak\u00e9 nab\u00edz\u00ed varianta \u201eTri-Grip\u201c, ale jde snadn\u011bji na ruce a kapsy.<\/p>\n<p>Pro ty, kte\u0159\u00ed Ultratech neznaj\u00ed, je to pln\u011b automatick\u00fd n\u016f\u017e s dvoj\u010dinn\u00fdm mechanismem vp\u0159edu, co\u017e znamen\u00e1, \u017ee posuvn\u00fd palec nasad\u00ed \u010depel a tak\u00e9 ji zasune. N\u016f\u017e Ultratech od spole\u010dnosti <strong>Microtech<\/strong> nastavil la\u0165ku pro v\u0161echny no\u017ee OTF.<br \/>\nCelkov\u00e1 d\u00e9lka: 22 cm<br \/>\nD\u00e9lka \u010depele: 8.6 cm<br \/>\nMateri\u00e1l \u010depele: 204P<br \/>\nStyl \u010depele: D\u00fdka<br \/>\nB\u0159itov\u00e9 desti\u010dky: Ploch\u00e9<br \/>\nTyp okraje: oby\u010dejn\u00fd<br \/>\nMateri\u00e1l rukojeti: hlin\u00edk<br \/>\nHmotnost: 3,60 oz.<br \/>\nU\u017eivatel: Prav\u00e1 ruka<br \/>\nPocket Clip: Tip-Down<br \/>\nTyp no\u017ee: Double-Action OTF Automatic<br \/>\nOtv\u00edra\u010d: Thumb Slide<br \/>\nZna\u010dka: Microtech<br \/>\nModel: Ultratech<br \/>\n\u010c\u00edslo modelu: 122-1 GTJG<br \/>\nZem\u011b p\u016fvodu: USA<br \/>\nNejlep\u0161\u00ed pou\u017eit\u00ed: Ka\u017edodenn\u00ed<\/p>\n<p>This Blade HQ Exclusive Ultratech features a natural G-10 top handle that provides a fascinating glimpse of the wizardry beneath the cover!<\/p>\n<p>This Ultratech features a double-edged dagger blade with a black finish and plain cutting edges. It has a contoured, black anodized 6061-T6 aluminum handle with black finished pocket clip, glass breaker, and stainless steel hardware.<\/p>\n<p><strong>Microtech <\/strong>equipped this version of the ever popular Ultratech D\/A OTF knife with a smooth, contoured handle design that promotes increased comfort during use. This updated model provides the same dimensions, hardware, and durability offered by the \u00ab\u00a0Tri-Grip\u00a0\u00bb variation, but goes easier on the hands and pockets.<\/p>\n<p>For those unfamiliar with the Ultratech, it&rsquo;s a fully automatic knife with a double-action out-the-front mechanism, meaning the thumb slide deploys the blade and retracts it as well. The Ultratech knife from Microtech has set the bar for all OTF knives.<\/p>\n<p>Check out our <strong>Microtech <\/strong>Ultratech Review to see what makes this the King of OTF!<\/p>\n","protected":false},"excerpt":{"rendered":"<p>V pr\u016fb\u011bhu let <strong>Microtech\u00ae<\/strong> Knives naplnil v\u00e1\u0161n\u00ed a dovednost\u00ed v\u00fdrobu no\u017e\u016f, a\u017e z nich vytvo\u0159il t\u00e9m\u011b\u0159 um\u011bleck\u00e1 d\u00edla,kter\u00e9 jsou vrcholem funk\u010dnosti.V\u0161echny d\u00edly jsou vyrodeny v USA.<br \/>\n<strong>Na v\u0161echny no\u017ee Microtech je do\u017eivotn\u00ed z\u00e1ruka ( min. 80 000 cykl\u016f, otev\u0159en\u00ed a zav\u0159en\u00ed)<\/strong><\/p>\n","protected":false},"featured_media":194908,"comment_status":"open","ping_status":"closed","template":"","meta":[],"pwb-brand":[431],"product_brand":[],"product_cat":[2019,17],"product_tag":[],"class_list":{"0":"post-170438","1":"product","2":"type-product","3":"status-publish","4":"has-post-thumbnail","6":"pwb-brand-microtech","7":"product_cat-vystrelovaci-noze","8":"product_cat-noze","10":"first","11":"outofstock","12":"taxable","13":"shipping-taxable","14":"purchasable","15":"product-type-simple"},"brands":[{"id":431,"name":"Microtech","slug":"microtech"}],"_links":{"self":[{"href":"https:\/\/www.moskito.cz\/fr\/wp-json\/wp\/v2\/product\/170438","targetHints":{"allow":["GET"]}}],"collection":[{"href":"https:\/\/www.moskito.cz\/fr\/wp-json\/wp\/v2\/product"}],"about":[{"href":"https:\/\/www.moskito.cz\/fr\/wp-json\/wp\/v2\/types\/product"}],"replies":[{"embeddable":true,"href":"https:\/\/www.moskito.cz\/fr\/wp-json\/wp\/v2\/comments?post=170438"}],"wp:featuredmedia":[{"embeddable":true,"href":"https:\/\/www.moskito.cz\/fr\/wp-json\/wp\/v2\/media\/194908"}],"wp:attachment":[{"href":"https:\/\/www.moskito.cz\/fr\/wp-json\/wp\/v2\/media?parent=170438"}],"wp:term":[{"taxonomy":"pwb-brand","embeddable":true,"href":"https:\/\/www.moskito.cz\/fr\/wp-json\/wp\/v2\/pwb-brand?post=170438"},{"taxonomy":"product_brand","embeddable":true,"href":"https:\/\/www.moskito.cz\/fr\/wp-json\/wp\/v2\/product_brand?post=170438"},{"taxonomy":"product_cat","embeddable":true,"href":"https:\/\/www.moskito.cz\/fr\/wp-json\/wp\/v2\/product_cat?post=170438"},{"taxonomy":"product_tag","embeddable":true,"href":"https:\/\/www.moskito.cz\/fr\/wp-json\/wp\/v2\/product_tag?post=170438"}],"curies":[{"name":"wp","href":"https:\/\/api.w.org\/{rel}","templated":true}]}}